{"id":177326,"date":"2025-12-20T22:12:43","date_gmt":"2025-12-20T19:12:43","guid":{"rendered":"https:\/\/baldumarket.lt\/product\/salon-zestaw-mebli-nova-dab-vicenza\/"},"modified":"2026-04-05T15:16:58","modified_gmt":"2026-04-05T12:16:58","slug":"salon-zestaw-mebli-nova-dab-vicenza","status":"publish","type":"product","link":"https:\/\/baldumarket.lt\/lt\/product\/salon-zestaw-mebli-nova-dab-vicenza\/","title":{"rendered":"Svetain\u0117s bald\u0173 komplektas Nova \u0105\u017euolas Vicenza"},"content":{"rendered":"<p>\u201eNova\u201c kolekcija buvo sukurta atsi\u017evelgiant \u012f dabartines tendencijas \u2013 auk\u0161tos, juodos arba auksin\u0117s kojel\u0117s, geometrin\u0117 forma ir spalva pabr\u0117\u017eia elegancij\u0105 ir modern\u0173 stili\u0173.<br \/>\nSpecifikacijos:<br \/>\nKorpusas: 16 mm laminuota plok\u0161t\u0117; 0,5 mm ABS kra\u0161tai<br \/>\nFasadas: 18 mm MDF plok\u0161t\u0117, grioveliais dengtas Vicenza \u0105\u017euolas<br \/>\nRankena: \u0161lifuota juoda<br \/>\nPlieninis r\u0117mas: milteliniu b\u016bdu da\u017eytas, 18 mm profilis<br \/>\n\u012e rinkin\u012f \u012feina:<br \/>\nK-104 komoda \u2013 104\/125\/39 cm \u2013 plotis\/auk\u0161tis\/gylis<br \/>\nKSZ-104 komoda \u2013 104\/83\/39 cm \u2013 plotis\/auk\u0161tis\/gylis<br \/>\nTelevizoriaus spintel\u0117 154 cm \u2013 154\/56\/39 cm \u2013 plotis\/auk\u0161tis\/gylis<\/p>","protected":false},"excerpt":{"rendered":"<p>\u201eNova\u201c kolekcija buvo sukurta atsi\u017evelgiant \u012f dabartines tendencijas \u2013 auk\u0161tos, juodos arba auksin\u0117s kojel\u0117s, geometrin\u0117 forma ir spalva pabr\u0117\u017eia elegancij\u0105 ir modern\u0173 stili\u0173. Specifikacijos: Korpusas: 16 mm laminuota plok\u0161t\u0117; 0,5 mm ABS kra\u0161tas; Priekin\u0117s dalys: 18 mm MDF, grioveliais dekoruotas Vicenza \u0105\u017euolas; Rankena: \u0161lifuota juoda; Plieninis r\u0117mas: da\u017eytas milteliniu b\u016bdu, 18 mm profilis. Komplekt\u0105 sudaro: K-104 [\u2026]<\/p>","protected":false},"featured_media":177327,"comment_status":"open","ping_status":"open","template":"","meta":[],"product_brand":[],"product_cat":[9567,4635,2008],"product_tag":[],"class_list":{"0":"post-177326","1":"product","2":"type-product","3":"status-publish","4":"has-post-thumbnail","6":"product_cat-furniture-system-nova-piaski","7":"product_cat-piaski","8":"product_cat-wall-units","10":"first","11":"instock","12":"purchasable","13":"product-type-simple"},"_links":{"self":[{"href":"https:\/\/baldumarket.lt\/lt\/wp-json\/wp\/v2\/product\/177326","targetHints":{"allow":["GET"]}}],"collection":[{"href":"https:\/\/baldumarket.lt\/lt\/wp-json\/wp\/v2\/product"}],"about":[{"href":"https:\/\/baldumarket.lt\/lt\/wp-json\/wp\/v2\/types\/product"}],"replies":[{"embeddable":true,"href":"https:\/\/baldumarket.lt\/lt\/wp-json\/wp\/v2\/comments?post=177326"}],"wp:featuredmedia":[{"embeddable":true,"href":"https:\/\/baldumarket.lt\/lt\/wp-json\/wp\/v2\/media\/177327"}],"wp:attachment":[{"href":"https:\/\/baldumarket.lt\/lt\/wp-json\/wp\/v2\/media?parent=177326"}],"wp:term":[{"taxonomy":"product_brand","embeddable":true,"href":"https:\/\/baldumarket.lt\/lt\/wp-json\/wp\/v2\/product_brand?post=177326"},{"taxonomy":"product_cat","embeddable":true,"href":"https:\/\/baldumarket.lt\/lt\/wp-json\/wp\/v2\/product_cat?post=177326"},{"taxonomy":"product_tag","embeddable":true,"href":"https:\/\/baldumarket.lt\/lt\/wp-json\/wp\/v2\/product_tag?post=177326"}],"curies":[{"name":"wp","href":"https:\/\/api.w.org\/{rel}","templated":true}]}}