{"id":177321,"date":"2025-12-20T22:12:36","date_gmt":"2025-12-20T19:12:36","guid":{"rendered":"https:\/\/baldumarket.lt\/product\/salon-mebloscianka-wrap\/"},"modified":"2026-02-12T10:38:09","modified_gmt":"2026-02-12T07:38:09","slug":"salon-mebloscianka-wrap","status":"publish","type":"product","link":"https:\/\/baldumarket.lt\/lt\/product\/salon-mebloscianka-wrap\/","title":{"rendered":"Svetain\u0117s sienin\u0117 spintel\u0117 Wrap"},"content":{"rendered":"<p>\u201eWrap\u201c kolekcija buvo sukurta atsi\u017evelgiant \u012f dabartines tendencijas \u2013 auk\u0161tos metalin\u0117s kojel\u0117s, geometrin\u0117s formos ir spalvos pabr\u0117\u017eia elegancij\u0105 ir modern\u0173 stili\u0173. Parametrai:<br \/>\nKorpusas: 16 mm laminuota plok\u0161t\u0117 + 0,5 mm ABS kra\u0161tas<br \/>\nPriekin\u0117s dalys: 16 mm laminuota plok\u0161t\u0117 + 0,5 mm ABS kra\u0161tas + apvali MDF dekoratyvin\u0117 juostel\u0117<br \/>\nRankena: n\u0117ra, atidarymo sistema: atidaroma spustel\u0117jus<br \/>\nKoja: ka\u0161myro metalas<br \/>\nVyris: \u201eMetalla by Haefele\u201c su \u0161velniu u\u017edarymu<br \/>\nSpalva:<br \/>\nVarmijos rie\u0161utas \/ Ka\u0161myras<br \/>\nGalima \u012fsigyti u\u017e nurodyt\u0105 kain\u0105:<br \/>\nTelevizoriaus spintel\u0117 180\/52,4\/39,5 cm (plotis\/auk\u0161tis\/gylis)<br \/>\nKomoda 141,5\/82,5\/39,5 cm (plotis\/auk\u0161tis\/gylis)<br \/>\nLentyna 105\/167\/39,5 cm (plotis\/auk\u0161tis\/gylis)<\/p>","protected":false},"excerpt":{"rendered":"<p>\u201eWrap\u201c kolekcija buvo sukurta atsi\u017evelgiant \u012f dabartines tendencijas \u2013 auk\u0161tos metalin\u0117s kojel\u0117s, geometrin\u0117s formos ir spalvos pabr\u0117\u017eia elegancij\u0105 ir modern\u0173 stili\u0173. Parametrai: Korpusas: 16 mm laminuota plok\u0161t\u0117 + 0,5 mm ABS kra\u0161tas; Priekin\u0117s dalys: 16 mm laminuota plok\u0161t\u0117 + 0,5 mm ABS kra\u0161tas + apvali MDF dekoratyvin\u0117 juostel\u0117; Rankena: n\u0117ra, atidarymo sistema: atidaroma spustel\u0117jus; Kojel\u0117: [\u2026]<\/p>","protected":false},"featured_media":177322,"comment_status":"open","ping_status":"open","template":"","meta":[],"product_brand":[],"product_cat":[9552,4635,1175],"product_tag":[],"class_list":{"0":"post-177321","1":"product","2":"type-product","3":"status-publish","4":"has-post-thumbnail","6":"product_cat-furniture-system-wrap-piaski","7":"product_cat-piaski","8":"product_cat-tv-stands","10":"first","11":"instock","12":"purchasable","13":"product-type-simple"},"_links":{"self":[{"href":"https:\/\/baldumarket.lt\/lt\/wp-json\/wp\/v2\/product\/177321","targetHints":{"allow":["GET"]}}],"collection":[{"href":"https:\/\/baldumarket.lt\/lt\/wp-json\/wp\/v2\/product"}],"about":[{"href":"https:\/\/baldumarket.lt\/lt\/wp-json\/wp\/v2\/types\/product"}],"replies":[{"embeddable":true,"href":"https:\/\/baldumarket.lt\/lt\/wp-json\/wp\/v2\/comments?post=177321"}],"wp:featuredmedia":[{"embeddable":true,"href":"https:\/\/baldumarket.lt\/lt\/wp-json\/wp\/v2\/media\/177322"}],"wp:attachment":[{"href":"https:\/\/baldumarket.lt\/lt\/wp-json\/wp\/v2\/media?parent=177321"}],"wp:term":[{"taxonomy":"product_brand","embeddable":true,"href":"https:\/\/baldumarket.lt\/lt\/wp-json\/wp\/v2\/product_brand?post=177321"},{"taxonomy":"product_cat","embeddable":true,"href":"https:\/\/baldumarket.lt\/lt\/wp-json\/wp\/v2\/product_cat?post=177321"},{"taxonomy":"product_tag","embeddable":true,"href":"https:\/\/baldumarket.lt\/lt\/wp-json\/wp\/v2\/product_tag?post=177321"}],"curies":[{"name":"wp","href":"https:\/\/api.w.org\/{rel}","templated":true}]}}