{"id":177313,"date":"2025-12-20T22:12:25","date_gmt":"2025-12-20T19:12:25","guid":{"rendered":"https:\/\/baldumarket.lt\/product\/salon-mebloscianka-royal\/"},"modified":"2026-04-05T15:16:58","modified_gmt":"2026-04-05T12:16:58","slug":"salon-mebloscianka-royal","status":"publish","type":"product","link":"https:\/\/baldumarket.lt\/lt\/product\/salon-mebloscianka-royal\/","title":{"rendered":"ROYAL sienin\u0117 svetain\u0117"},"content":{"rendered":"<p>\u201eRoyal\u201c kolekcija buvo sukurta atsi\u017evelgiant \u012f dabartines tendencijas. Specifikacijos:<br \/>\nKorpusas: 16 mm laminuota plok\u0161t\u0117 + 0,5 mm ABS kra\u0161tas<br \/>\nPriekin\u0117s dalys: 18 mm storio frezuota laminuota plok\u0161t\u0117<br \/>\nRankena: \u0161lifuoto aukso spalvos aliuminio danga<br \/>\nKojel\u0117: 18 mm MDF pagrindas ant plastikini\u0173 b\u0117geli\u0173<br \/>\nVyris: \u201eMetalla by Haefele\u201c su \u0161velniu u\u017edarymu<br \/>\nTelevizoriaus staliuk\u0105 galima tvirtinti prie sienos (pakabos \u012feina \u012f komplekt\u0105).<br \/>\nSpalvos:<br \/>\nBalta<br \/>\nSm\u0117lio sm\u0117lio spalvos<br \/>\nGrafito juoda<br \/>\nGalima \u012fsigyti u\u017e nurodyt\u0105 kain\u0105:<br \/>\nTelevizoriaus stovas 181,5 x 42,0 x 39 cm (plotis\/auk\u0161tis\/gylis)<br \/>\nKW-104 auk\u0161ta komoda 103,5 x 127,0 x 39 cm (plotis\/auk\u0161tis\/gylis)<br \/>\nK154 komoda 153,4 x 71,6 x 39 cm (plotis\/auk\u0161tis\/gylis)<\/p>","protected":false},"excerpt":{"rendered":"<p>Plotis [cm] 53,6<br \/>\n\u016agis [cm] 42<br \/>\ngylis [cm] 39<\/p>","protected":false},"featured_media":177314,"comment_status":"open","ping_status":"open","template":"","meta":[],"product_brand":[],"product_cat":[9563,4635,2008],"product_tag":[],"class_list":{"0":"post-177313","1":"product","2":"type-product","3":"status-publish","4":"has-post-thumbnail","6":"product_cat-furniture-system-royal-piaski","7":"product_cat-piaski","8":"product_cat-wall-units","10":"first","11":"instock","12":"purchasable","13":"product-type-simple"},"_links":{"self":[{"href":"https:\/\/baldumarket.lt\/lt\/wp-json\/wp\/v2\/product\/177313","targetHints":{"allow":["GET"]}}],"collection":[{"href":"https:\/\/baldumarket.lt\/lt\/wp-json\/wp\/v2\/product"}],"about":[{"href":"https:\/\/baldumarket.lt\/lt\/wp-json\/wp\/v2\/types\/product"}],"replies":[{"embeddable":true,"href":"https:\/\/baldumarket.lt\/lt\/wp-json\/wp\/v2\/comments?post=177313"}],"wp:featuredmedia":[{"embeddable":true,"href":"https:\/\/baldumarket.lt\/lt\/wp-json\/wp\/v2\/media\/177314"}],"wp:attachment":[{"href":"https:\/\/baldumarket.lt\/lt\/wp-json\/wp\/v2\/media?parent=177313"}],"wp:term":[{"taxonomy":"product_brand","embeddable":true,"href":"https:\/\/baldumarket.lt\/lt\/wp-json\/wp\/v2\/product_brand?post=177313"},{"taxonomy":"product_cat","embeddable":true,"href":"https:\/\/baldumarket.lt\/lt\/wp-json\/wp\/v2\/product_cat?post=177313"},{"taxonomy":"product_tag","embeddable":true,"href":"https:\/\/baldumarket.lt\/lt\/wp-json\/wp\/v2\/product_tag?post=177313"}],"curies":[{"name":"wp","href":"https:\/\/api.w.org\/{rel}","templated":true}]}}