{"id":177305,"date":"2025-12-20T22:12:14","date_gmt":"2025-12-20T19:12:14","guid":{"rendered":"https:\/\/baldumarket.lt\/product\/salon-meble-albion-kaszmir\/"},"modified":"2026-04-05T16:10:10","modified_gmt":"2026-04-05T13:10:10","slug":"salon-meble-albion-kaszmir","status":"publish","type":"product","link":"https:\/\/baldumarket.lt\/lt\/product\/salon-meble-albion-kaszmir\/","title":{"rendered":"Albion ka\u0161myro baldai svetainei"},"content":{"rendered":"<p>\u201eAlbion\u201c kolekcija buvo sukurta atsi\u017evelgiant \u012f dabartines tendencijas \u2013 jos sferin\u0117s kojel\u0117s, geometrin\u0117 forma ir spalva pabr\u0117\u017eia elegancij\u0105 ir modern\u0173 stili\u0173, kartu stipriai remdamiesi skandinavi\u0161ku stiliumi. Parametrai:<br \/>\nKorpusas \u2013 16 mm laminuota plok\u0161t\u0117, 0,5 mm ABS kra\u0161tas, 18 mm apvalintos MDF lentel\u0117s. Priekin\u0117 dalis \u2013 16 mm laminuota plok\u0161t\u0117, 0,5 mm ABS kra\u0161tas\u2026 Rutulio formos kojel\u0117s.<br \/>\n\u00a0 \u00a0 \u00a0 \u00a0 \u00a0 \u00a0 \u00a0 \u00a0 \u00a0 \u00a0<br \/>\nSpalva \u2013 Ka\u0161myras<br \/>\n\u00a0<br \/>\n\u012e rinkin\u012f \u012feina:<br \/>\nKSZ108 komoda \u2013 108\/75\/39 cm (plotis\/auk\u0161tis\/gylis)<br \/>\nRG108 knyg\u0173 lentyna \u2013 108\/121\/39 cm (plotis\/auk\u0161tis\/gylis)<br \/>\nTV staliukas 160\u2013160\/44\/39 cm (plotis\/auk\u0161tis\/gylis)<\/p>","protected":false},"excerpt":{"rendered":"<p>\u201eAlbion\u201c kolekcija buvo sukurta atsi\u017evelgiant \u012f dabartines tendencijas \u2013 jos sferin\u0117s kojel\u0117s, geometrin\u0117 forma ir spalva pabr\u0117\u017eia elegancij\u0105 ir modern\u0173 stili\u0173, kartu stipriai remdamiesi skandinavi\u0161ku stiliumi. Parametrai: Korpusas \u2013 16 mm laminuota plok\u0161t\u0117, 0,5 mm ABS kra\u0161tas, 18 mm apvalios MDF lentel\u0117s [\u2026]<\/p>","protected":false},"featured_media":177306,"comment_status":"open","ping_status":"open","template":"","meta":[],"product_brand":[],"product_cat":[9555,4635,2008],"product_tag":[],"class_list":{"0":"post-177305","1":"product","2":"type-product","3":"status-publish","4":"has-post-thumbnail","6":"product_cat-furniture-system-albion-piaski","7":"product_cat-piaski","8":"product_cat-wall-units","10":"first","11":"instock","12":"purchasable","13":"product-type-simple"},"_links":{"self":[{"href":"https:\/\/baldumarket.lt\/lt\/wp-json\/wp\/v2\/product\/177305","targetHints":{"allow":["GET"]}}],"collection":[{"href":"https:\/\/baldumarket.lt\/lt\/wp-json\/wp\/v2\/product"}],"about":[{"href":"https:\/\/baldumarket.lt\/lt\/wp-json\/wp\/v2\/types\/product"}],"replies":[{"embeddable":true,"href":"https:\/\/baldumarket.lt\/lt\/wp-json\/wp\/v2\/comments?post=177305"}],"wp:featuredmedia":[{"embeddable":true,"href":"https:\/\/baldumarket.lt\/lt\/wp-json\/wp\/v2\/media\/177306"}],"wp:attachment":[{"href":"https:\/\/baldumarket.lt\/lt\/wp-json\/wp\/v2\/media?parent=177305"}],"wp:term":[{"taxonomy":"product_brand","embeddable":true,"href":"https:\/\/baldumarket.lt\/lt\/wp-json\/wp\/v2\/product_brand?post=177305"},{"taxonomy":"product_cat","embeddable":true,"href":"https:\/\/baldumarket.lt\/lt\/wp-json\/wp\/v2\/product_cat?post=177305"},{"taxonomy":"product_tag","embeddable":true,"href":"https:\/\/baldumarket.lt\/lt\/wp-json\/wp\/v2\/product_tag?post=177305"}],"curies":[{"name":"wp","href":"https:\/\/api.w.org\/{rel}","templated":true}]}}