{"id":177297,"date":"2025-12-20T22:12:04","date_gmt":"2025-12-20T19:12:04","guid":{"rendered":"https:\/\/baldumarket.lt\/product\/salon-loftowy-ryflowane-fronty-willow\/"},"modified":"2026-04-05T15:16:58","modified_gmt":"2026-04-05T12:16:58","slug":"salon-loftowy-ryflowane-fronty-willow","status":"publish","type":"product","link":"https:\/\/baldumarket.lt\/lt\/product\/salon-loftowy-ryflowane-fronty-willow\/","title":{"rendered":"Lofto stiliaus svetain\u0117 su grioveliais fasaduose \u201eWillow\u201c"},"content":{"rendered":"<p>\u201eWillow\u201c kolekcija buvo sukurta atsi\u017evelgiant \u012f dabartines tendencijas \u2013 auk\u0161tos, juodos kojel\u0117s, geometrin\u0117s formos ir spalvos pabr\u0117\u017eia lofto stiliaus, modern\u0173 poj\u016bt\u012f. Specifikacijos:<br \/>\nKorpusas: juoda tekst\u016bruota apdaila \u2013 16 mm laminuota plok\u0161t\u0117<br \/>\n0,5 mm ABS briauna<br \/>\nPriekin\u0117 dalis: 18 mm grioveliais padengta MDF plok\u0161t\u0117 \u2013 Artisan Oak<br \/>\n0,5 mm ABS briauna<br \/>\nStal\u010dius atidaromas spaud\u017eiant<br \/>\nKojel\u0117s: medin\u0117s, auk\u0161tis 20 cm<br \/>\nKomplekt\u0105 sudaro \u0161ie vienetai u\u017e nurodyt\u0105 kain\u0105:<br \/>\nTV spintel\u0117 154 \u2013 154\/56\/39 \u2013 plotis\/auk\u0161tis\/gylis<br \/>\nL104 kavos staliukas \u2013 104\/48\/68 \u2013 plotis\/auk\u0161tis\/gylis<br \/>\nKD104 auk\u0161ta komoda \u2013 104\/125\/39 \u2013 plotis\/auk\u0161tis\/gylis<br \/>\nKSZ104 komoda \u2013 104\/83\/39 \u2013 plotis\/auk\u0161tis\/gylis<\/p>","protected":false},"excerpt":{"rendered":"<p>\u201eWillow\u201c kolekcija buvo sukurta atsi\u017evelgiant \u012f dabartines tendencijas \u2013 auk\u0161tos, juodos kojel\u0117s, geometrin\u0117s formos ir spalvos pabr\u0117\u017eia lofto stiliaus, modern\u0173 poj\u016bt\u012f. Specifikacijos: Korpusas: juoda tekst\u016bruota apdaila \u2013 16 mm laminuota plok\u0161t\u0117, 0,5 mm ABS kra\u0161tas, priekis: 18 mm grioveliais dekoruota MDF plok\u0161t\u0117 \u2013 \u201eArtisan Oak\u201c, 0,5 mm ABS kra\u0161tas, stal\u010dius atidaromas spustel\u0117jus, kojel\u0117s: medin\u0117s kojel\u0117s, auk\u0161tis 20 [\u2026]<\/p>","protected":false},"featured_media":177298,"comment_status":"open","ping_status":"open","template":"","meta":[],"product_brand":[],"product_cat":[9556,4635,2008],"product_tag":[],"class_list":{"0":"post-177297","1":"product","2":"type-product","3":"status-publish","4":"has-post-thumbnail","6":"product_cat-furniture-system-willow-piaski","7":"product_cat-piaski","8":"product_cat-wall-units","10":"first","11":"instock","12":"purchasable","13":"product-type-simple"},"_links":{"self":[{"href":"https:\/\/baldumarket.lt\/lt\/wp-json\/wp\/v2\/product\/177297","targetHints":{"allow":["GET"]}}],"collection":[{"href":"https:\/\/baldumarket.lt\/lt\/wp-json\/wp\/v2\/product"}],"about":[{"href":"https:\/\/baldumarket.lt\/lt\/wp-json\/wp\/v2\/types\/product"}],"replies":[{"embeddable":true,"href":"https:\/\/baldumarket.lt\/lt\/wp-json\/wp\/v2\/comments?post=177297"}],"wp:featuredmedia":[{"embeddable":true,"href":"https:\/\/baldumarket.lt\/lt\/wp-json\/wp\/v2\/media\/177298"}],"wp:attachment":[{"href":"https:\/\/baldumarket.lt\/lt\/wp-json\/wp\/v2\/media?parent=177297"}],"wp:term":[{"taxonomy":"product_brand","embeddable":true,"href":"https:\/\/baldumarket.lt\/lt\/wp-json\/wp\/v2\/product_brand?post=177297"},{"taxonomy":"product_cat","embeddable":true,"href":"https:\/\/baldumarket.lt\/lt\/wp-json\/wp\/v2\/product_cat?post=177297"},{"taxonomy":"product_tag","embeddable":true,"href":"https:\/\/baldumarket.lt\/lt\/wp-json\/wp\/v2\/product_tag?post=177297"}],"curies":[{"name":"wp","href":"https:\/\/api.w.org\/{rel}","templated":true}]}}