{"id":177282,"date":"2025-12-20T22:11:44","date_gmt":"2025-12-20T19:11:44","guid":{"rendered":"https:\/\/baldumarket.lt\/product\/salon-fronty-jodelka-forest\/"},"modified":"2026-02-03T23:28:06","modified_gmt":"2026-02-03T20:28:06","slug":"salon-fronty-jodelka-forest","status":"publish","type":"product","link":"https:\/\/baldumarket.lt\/lt\/product\/salon-fronty-jodelka-forest\/","title":{"rendered":"Svetain\u0117s fasadai \u201eEglut\u0117s kaulo mi\u0161ko\u201c ra\u0161tu"},"content":{"rendered":"<p>Gamtos \u012fkv\u0117pta \u201eForest\u201c kolekcija. Kurdami \u0161i\u0105 kolekcij\u0105, pasirinkome \u0161velnius, prislopintus eukalipto \u017ealios ir sm\u0117lio spalvos atspalvius, kurie papildys tiek modern\u0173, tiek klasikin\u012f interjer\u0105. Skandinavi\u0161ko \u201eeglut\u0117s\u201c ra\u0161to fasadai puo\u0161ti trikamp\u0117mis auksin\u0117mis ranken\u0117l\u0117mis, o visas baldas stovi ant medini\u0173 kojeli\u0173, deran\u010di\u0173 prie korpuso spalvos.<br \/>\nParametrai:<br \/>\nKorpusas: 16 mm laminuota plok\u0161t\u0117; 0,5 mm ABS kra\u0161tai<br \/>\nPriekin\u0117 dalis: 16 mm laminuota plok\u0161t\u0117; 0,5 mm ABS kra\u0161tas<br \/>\nKojel\u0117s: buko mediena, da\u017eyta spintel\u0117s spalva, 20 x 40 mm<br \/>\nH\u00e4fele rutulini\u0173 guoli\u0173 b\u0117geliai, pilno i\u0161traukimo, H-45 L-300<br \/>\nH\u00e4fele pasl\u0117pti vyriai<br \/>\nAtidarymas: trikampio formos rankena, aukso spalvos aliuminis<br \/>\nSpalva \u2013 EUCALYPTUS \/ HERRINGBONE SCANDI arba SAND BEIGE \/ HERRINGBONE SCAND<br \/>\nSvetain\u0117 su \u201eForest\u201c ra\u0161to fasadais \u2013 komplekt\u0105 sudaro:<br \/>\n\u201eForest RG80\u201c knyg\u0173 lentyna su lentynomis ir \u201eeglut\u0117s\u201c ra\u0161to fasadais \u2013 80\/160\/38 cm plo\u010dio\/auk\u0161tio\/gylio<br \/>\n\u201eForest KSZ106\u201c komoda su eglut\u0117s ra\u0161to fasadais \u2013 106\/80\/38 cm plo\u010dio\/auk\u0161tio\/gylio<br \/>\n\u201eForest RTV158\u201c televizoriaus staliukas su \u201eeglut\u0117s\u201c ra\u0161to fasadais 158\/52\/38 P\/A\/G<br \/>\nNuoroda \u012f vis\u0105 sistem\u0105:<br \/>\nhttps:\/\/meblem4.pl\/system-fronty-jodelka-forest,c1217.html<\/p>","protected":false},"excerpt":{"rendered":"<p>Gamtos \u012fkv\u0117pta \u201eForest\u201c kolekcija. Kurdami \u0161i\u0105 kolekcij\u0105, pasirinkome \u0161velnius, prislopintus eukalipto \u017ealios ir sm\u0117lio spalvos atspalvius, kurie papildys tiek modern\u0173, tiek klasikin\u012f interjer\u0105. Skandinavi\u0161ko \u201eeglut\u0117s\u201c ra\u0161to fasadai puo\u0161ti trikamp\u0117mis auksin\u0117mis ranken\u0117l\u0117mis, o visas baldas stovi ant medini\u0173 kojeli\u0173, deran\u010di\u0173 su korpuso spalva. Parametrai: Korpusas: [\u2026]<\/p>","protected":false},"featured_media":177283,"comment_status":"open","ping_status":"open","template":"","meta":[],"product_brand":[],"product_cat":[4635,2008],"product_tag":[],"class_list":{"0":"post-177282","1":"product","2":"type-product","3":"status-publish","4":"has-post-thumbnail","6":"product_cat-piaski","7":"product_cat-wall-units","9":"first","10":"instock","11":"purchasable","12":"product-type-simple"},"_links":{"self":[{"href":"https:\/\/baldumarket.lt\/lt\/wp-json\/wp\/v2\/product\/177282","targetHints":{"allow":["GET"]}}],"collection":[{"href":"https:\/\/baldumarket.lt\/lt\/wp-json\/wp\/v2\/product"}],"about":[{"href":"https:\/\/baldumarket.lt\/lt\/wp-json\/wp\/v2\/types\/product"}],"replies":[{"embeddable":true,"href":"https:\/\/baldumarket.lt\/lt\/wp-json\/wp\/v2\/comments?post=177282"}],"wp:featuredmedia":[{"embeddable":true,"href":"https:\/\/baldumarket.lt\/lt\/wp-json\/wp\/v2\/media\/177283"}],"wp:attachment":[{"href":"https:\/\/baldumarket.lt\/lt\/wp-json\/wp\/v2\/media?parent=177282"}],"wp:term":[{"taxonomy":"product_brand","embeddable":true,"href":"https:\/\/baldumarket.lt\/lt\/wp-json\/wp\/v2\/product_brand?post=177282"},{"taxonomy":"product_cat","embeddable":true,"href":"https:\/\/baldumarket.lt\/lt\/wp-json\/wp\/v2\/product_cat?post=177282"},{"taxonomy":"product_tag","embeddable":true,"href":"https:\/\/baldumarket.lt\/lt\/wp-json\/wp\/v2\/product_tag?post=177282"}],"curies":[{"name":"wp","href":"https:\/\/api.w.org\/{rel}","templated":true}]}}