{"id":177234,"date":"2025-12-20T22:10:46","date_gmt":"2025-12-20T19:10:46","guid":{"rendered":"https:\/\/baldumarket.lt\/product\/regal-z-polkami-fronty-jodelka-forest-rg80\/"},"modified":"2026-04-05T16:09:59","modified_gmt":"2026-04-05T13:09:59","slug":"regal-z-polkami-fronty-jodelka-forest-rg80","status":"publish","type":"product","link":"https:\/\/baldumarket.lt\/lt\/product\/regal-z-polkami-fronty-jodelka-forest-rg80\/","title":{"rendered":"Knyg\u0173 lentynos su eglut\u0117s ra\u0161to fasadais, Forest RG80"},"content":{"rendered":"<p>Gamtos \u012fkv\u0117pta \u201eForest\u201c kolekcija. Kurdami \u0161i\u0105 kolekcij\u0105, pasirinkome \u0161velnius, prislopintus eukalipto \u017ealios ir sm\u0117lio spalvos atspalvius, kurie papildys tiek modern\u0173, tiek klasikin\u012f interjer\u0105. Skandinavi\u0161ko \u201eeglut\u0117s\u201c ra\u0161to fasadai puo\u0161ti trikamp\u0117mis auksin\u0117mis ranken\u0117l\u0117mis, o visas baldas stovi ant medini\u0173 kojeli\u0173, deran\u010di\u0173 prie korpuso spalvos.<br \/>\nParametrai:<br \/>\nKorpusas: 16 mm laminuota plok\u0161t\u0117; 0,5 mm ABS kra\u0161tai<br \/>\nPriekin\u0117 dalis: 16 mm laminuota plok\u0161t\u0117; 0,5 mm ABS kra\u0161tas<br \/>\nKojel\u0117s: buko mediena, da\u017eyta spintel\u0117s spalva, 20 x 40 mm<br \/>\nH\u00e4fele rutulini\u0173 guoli\u0173 b\u0117geliai, pilno i\u0161traukimo, H-45 L-300<br \/>\nH\u00e4fele pasl\u0117pti vyriai<br \/>\nAtidarymas: trikampio formos rankena, aukso spalvos aliuminis<br \/>\nSpalva \u2013 EUCALYPTUS \/ HERRINGBONE SCANDI arba SAND BEIGE \/ HERRINGBONE SCAND<br \/>\n\u201eForest RG80\u201c knyg\u0173 lentyna su eglut\u0117s ra\u0161tu \u2013 turi du priekius, lentynas u\u017e j\u0173 ir papildom\u0105 erdv\u0119 su lentynomis.<\/p>","protected":false},"excerpt":{"rendered":"<p>plotis [cm] 80<br \/>\ngylis [cm] 38<br \/>\n\u016agis [cm] 160<\/p>","protected":false},"featured_media":177235,"comment_status":"open","ping_status":"open","template":"","meta":[],"product_brand":[],"product_cat":[9560,4635,1177],"product_tag":[],"class_list":{"0":"post-177234","1":"product","2":"type-product","3":"status-publish","4":"has-post-thumbnail","6":"product_cat-furniture-system-forest-piaski","7":"product_cat-piaski","8":"product_cat-wardrobes","10":"first","11":"instock","12":"purchasable","13":"product-type-simple"},"_links":{"self":[{"href":"https:\/\/baldumarket.lt\/lt\/wp-json\/wp\/v2\/product\/177234","targetHints":{"allow":["GET"]}}],"collection":[{"href":"https:\/\/baldumarket.lt\/lt\/wp-json\/wp\/v2\/product"}],"about":[{"href":"https:\/\/baldumarket.lt\/lt\/wp-json\/wp\/v2\/types\/product"}],"replies":[{"embeddable":true,"href":"https:\/\/baldumarket.lt\/lt\/wp-json\/wp\/v2\/comments?post=177234"}],"wp:featuredmedia":[{"embeddable":true,"href":"https:\/\/baldumarket.lt\/lt\/wp-json\/wp\/v2\/media\/177235"}],"wp:attachment":[{"href":"https:\/\/baldumarket.lt\/lt\/wp-json\/wp\/v2\/media?parent=177234"}],"wp:term":[{"taxonomy":"product_brand","embeddable":true,"href":"https:\/\/baldumarket.lt\/lt\/wp-json\/wp\/v2\/product_brand?post=177234"},{"taxonomy":"product_cat","embeddable":true,"href":"https:\/\/baldumarket.lt\/lt\/wp-json\/wp\/v2\/product_cat?post=177234"},{"taxonomy":"product_tag","embeddable":true,"href":"https:\/\/baldumarket.lt\/lt\/wp-json\/wp\/v2\/product_tag?post=177234"}],"curies":[{"name":"wp","href":"https:\/\/api.w.org\/{rel}","templated":true}]}}