{"id":177227,"date":"2025-12-20T22:10:36","date_gmt":"2025-12-20T19:10:36","guid":{"rendered":"https:\/\/baldumarket.lt\/product\/regal-105-wrap\/"},"modified":"2026-02-12T10:46:04","modified_gmt":"2026-02-12T07:46:04","slug":"regal-105-wrap","status":"publish","type":"product","link":"https:\/\/baldumarket.lt\/lt\/product\/regal-105-wrap\/","title":{"rendered":"Wrap 105 \u012evyniojimo lentyna"},"content":{"rendered":"<p>\u201eWrap\u201c kolekcija buvo sukurta atsi\u017evelgiant \u012f dabartines tendencijas \u2013 auk\u0161tos metalin\u0117s kojel\u0117s, geometrin\u0117 forma ir spalva pabr\u0117\u017eia elegancij\u0105 ir modern\u0173 stili\u0173.<br \/>\nSavyb\u0117s:<br \/>\nKorpusas: 16 mm laminuota plok\u0161t\u0117 + 0,5 mm ABS kra\u0161tas<br \/>\nPriekin\u0117s dalys: 16 mm laminuota plok\u0161t\u0117 + 0,5 mm ABS kra\u0161tas + apvali MDF dekoratyvin\u0117 juostel\u0117<br \/>\nRankena: n\u0117ra, atidarymo sistema: atidaroma spustel\u0117jus<br \/>\nKoja: ka\u0161myro metalas<br \/>\nVyris: \u201eMetalla by Haefele\u201c su \u0161velniu u\u017edarymu<br \/>\nSpalva:<br \/>\nVarmijos rie\u0161utmedis \/ Ka\u0161myras<\/p>","protected":false},"excerpt":{"rendered":"<p>Plotis [cm] 105<br \/>\n\u016agis [cm] 167<br \/>\ngylis [cm] 39,5<\/p>","protected":false},"featured_media":177228,"comment_status":"open","ping_status":"open","template":"","meta":[],"product_brand":[],"product_cat":[9552,4635,1987],"product_tag":[],"class_list":{"0":"post-177227","1":"product","2":"type-product","3":"status-publish","4":"has-post-thumbnail","6":"product_cat-furniture-system-wrap-piaski","7":"product_cat-piaski","8":"product_cat-shelving-units","10":"first","11":"instock","12":"purchasable","13":"product-type-simple"},"_links":{"self":[{"href":"https:\/\/baldumarket.lt\/lt\/wp-json\/wp\/v2\/product\/177227","targetHints":{"allow":["GET"]}}],"collection":[{"href":"https:\/\/baldumarket.lt\/lt\/wp-json\/wp\/v2\/product"}],"about":[{"href":"https:\/\/baldumarket.lt\/lt\/wp-json\/wp\/v2\/types\/product"}],"replies":[{"embeddable":true,"href":"https:\/\/baldumarket.lt\/lt\/wp-json\/wp\/v2\/comments?post=177227"}],"wp:featuredmedia":[{"embeddable":true,"href":"https:\/\/baldumarket.lt\/lt\/wp-json\/wp\/v2\/media\/177228"}],"wp:attachment":[{"href":"https:\/\/baldumarket.lt\/lt\/wp-json\/wp\/v2\/media?parent=177227"}],"wp:term":[{"taxonomy":"product_brand","embeddable":true,"href":"https:\/\/baldumarket.lt\/lt\/wp-json\/wp\/v2\/product_brand?post=177227"},{"taxonomy":"product_cat","embeddable":true,"href":"https:\/\/baldumarket.lt\/lt\/wp-json\/wp\/v2\/product_cat?post=177227"},{"taxonomy":"product_tag","embeddable":true,"href":"https:\/\/baldumarket.lt\/lt\/wp-json\/wp\/v2\/product_tag?post=177227"}],"curies":[{"name":"wp","href":"https:\/\/api.w.org\/{rel}","templated":true}]}}