{"id":177129,"date":"2025-12-20T22:08:24","date_gmt":"2025-12-20T19:08:24","guid":{"rendered":"https:\/\/baldumarket.lt\/product\/lawa-l140-diamond-dab-evoke\/"},"modified":"2026-04-05T16:09:44","modified_gmt":"2026-04-05T13:09:44","slug":"lawa-l140-diamond-dab-evoke","status":"publish","type":"product","link":"https:\/\/baldumarket.lt\/lt\/product\/lawa-l140-diamond-dab-evoke\/","title":{"rendered":"L140 Diamond kavos staliukas \u2013 Evoke Oak"},"content":{"rendered":"<p>Kontrastingas juodo pagrindo ir dviej\u0173 dekoratyvini\u0173 spalv\u0173 derinys suteiks j\u016bs\u0173 interjerui unikal\u0173 stili\u0173.<br \/>\nProdukto savyb\u0117s:<br \/>\n\u2013 laminuota plok\u0161t\u0117<br \/>\n\u2013 ABS fanera<br \/>\n\u2013 juodos metalin\u0117s kojel\u0117s (14 cm)<br \/>\n\u2013 frezuotas dekoratyvinis priekis<br \/>\n\u2013 patogi atidarymo sistema \u201ePUSS TO OPEN\u201c<br \/>\nSpalva: \u201eEvoke\u201c \u0105\u017euolas + matin\u0117 juoda \u2013 eglut\u0117s ra\u0161tas<\/p>","protected":false},"excerpt":{"rendered":"<p>Plotis [cm] 104<br \/>\n\u016agis [cm] 40<br \/>\ngylis [cm] 68<\/p>","protected":false},"featured_media":177130,"comment_status":"open","ping_status":"open","template":"","meta":[],"product_brand":[],"product_cat":[9548,866,4635],"product_tag":[],"class_list":{"0":"post-177129","1":"product","2":"type-product","3":"status-publish","4":"has-post-thumbnail","6":"product_cat-furniture-system-diamond-piaski","7":"product_cat-coffee-tables","8":"product_cat-piaski","10":"first","11":"instock","12":"purchasable","13":"product-type-simple"},"_links":{"self":[{"href":"https:\/\/baldumarket.lt\/lt\/wp-json\/wp\/v2\/product\/177129","targetHints":{"allow":["GET"]}}],"collection":[{"href":"https:\/\/baldumarket.lt\/lt\/wp-json\/wp\/v2\/product"}],"about":[{"href":"https:\/\/baldumarket.lt\/lt\/wp-json\/wp\/v2\/types\/product"}],"replies":[{"embeddable":true,"href":"https:\/\/baldumarket.lt\/lt\/wp-json\/wp\/v2\/comments?post=177129"}],"wp:featuredmedia":[{"embeddable":true,"href":"https:\/\/baldumarket.lt\/lt\/wp-json\/wp\/v2\/media\/177130"}],"wp:attachment":[{"href":"https:\/\/baldumarket.lt\/lt\/wp-json\/wp\/v2\/media?parent=177129"}],"wp:term":[{"taxonomy":"product_brand","embeddable":true,"href":"https:\/\/baldumarket.lt\/lt\/wp-json\/wp\/v2\/product_brand?post=177129"},{"taxonomy":"product_cat","embeddable":true,"href":"https:\/\/baldumarket.lt\/lt\/wp-json\/wp\/v2\/product_cat?post=177129"},{"taxonomy":"product_tag","embeddable":true,"href":"https:\/\/baldumarket.lt\/lt\/wp-json\/wp\/v2\/product_tag?post=177129"}],"curies":[{"name":"wp","href":"https:\/\/api.w.org\/{rel}","templated":true}]}}