{"id":177089,"date":"2025-12-20T22:07:36","date_gmt":"2025-12-20T19:07:36","guid":{"rendered":"https:\/\/baldumarket.lt\/product\/lawa-kawowa-nova-l-104-czarny\/"},"modified":"2026-04-05T15:34:59","modified_gmt":"2026-04-05T12:34:59","slug":"lawa-kawowa-nova-l-104-czarny","status":"publish","type":"product","link":"https:\/\/baldumarket.lt\/lt\/product\/lawa-kawowa-nova-l-104-czarny\/","title":{"rendered":"Nova L-104 kavos staliukas, juodas"},"content":{"rendered":"<p>\u201eNova\u201c kolekcija buvo sukurta atsi\u017evelgiant \u012f dabartines tendencijas \u2013 auk\u0161tos juodos arba auksin\u0117s kojel\u0117s, geometrin\u0117 forma ir spalva pabr\u0117\u017eia elegancij\u0105 ir modern\u0173 stili\u0173.<br \/>\nSpecifikacijos:<br \/>\nKorpusas: 16 mm laminuota plok\u0161t\u0117; 0,5 mm ABS kra\u0161tai<br \/>\nPriekin\u0117s dalys: 18 mm MDF plok\u0161t\u0117s, juodos spalvos su grioveliais<br \/>\nRankena: \u0161lifuoto aukso spalvos aliuminis<br \/>\nPlieninis r\u0117mas: milteliniu b\u016bdu da\u017eytas, 18 mm profilis \u2013 spalva gali b\u016bti pasirinkta atskirai<br \/>\nNova L-104 juodas kavos staliukas \u2013 turi stabil\u0173 stalvir\u0161\u012f, ni\u0161\u0105 ir papildom\u0105 stal\u010di\u0173.<\/p>","protected":false},"excerpt":{"rendered":"<p>Plotis [cm] 104<br \/>\n\u016agis [cm] 46<br \/>\ngylis [cm] 68<\/p>","protected":false},"featured_media":177090,"comment_status":"open","ping_status":"open","template":"","meta":[],"product_brand":[],"product_cat":[9567,866,4635],"product_tag":[],"class_list":{"0":"post-177089","1":"product","2":"type-product","3":"status-publish","4":"has-post-thumbnail","6":"product_cat-furniture-system-nova-piaski","7":"product_cat-coffee-tables","8":"product_cat-piaski","10":"first","11":"instock","12":"purchasable","13":"product-type-simple"},"_links":{"self":[{"href":"https:\/\/baldumarket.lt\/lt\/wp-json\/wp\/v2\/product\/177089","targetHints":{"allow":["GET"]}}],"collection":[{"href":"https:\/\/baldumarket.lt\/lt\/wp-json\/wp\/v2\/product"}],"about":[{"href":"https:\/\/baldumarket.lt\/lt\/wp-json\/wp\/v2\/types\/product"}],"replies":[{"embeddable":true,"href":"https:\/\/baldumarket.lt\/lt\/wp-json\/wp\/v2\/comments?post=177089"}],"wp:featuredmedia":[{"embeddable":true,"href":"https:\/\/baldumarket.lt\/lt\/wp-json\/wp\/v2\/media\/177090"}],"wp:attachment":[{"href":"https:\/\/baldumarket.lt\/lt\/wp-json\/wp\/v2\/media?parent=177089"}],"wp:term":[{"taxonomy":"product_brand","embeddable":true,"href":"https:\/\/baldumarket.lt\/lt\/wp-json\/wp\/v2\/product_brand?post=177089"},{"taxonomy":"product_cat","embeddable":true,"href":"https:\/\/baldumarket.lt\/lt\/wp-json\/wp\/v2\/product_cat?post=177089"},{"taxonomy":"product_tag","embeddable":true,"href":"https:\/\/baldumarket.lt\/lt\/wp-json\/wp\/v2\/product_tag?post=177089"}],"curies":[{"name":"wp","href":"https:\/\/api.w.org\/{rel}","templated":true}]}}