{"id":177077,"date":"2025-12-20T22:07:23","date_gmt":"2025-12-20T19:07:23","guid":{"rendered":"https:\/\/baldumarket.lt\/product\/kontenerek-do-szaf-alaska-wiki-maja-i-mika\/"},"modified":"2026-04-05T16:27:23","modified_gmt":"2026-04-05T13:27:23","slug":"kontenerek-do-szaf-alaska-wiki-maja-i-mika","status":"publish","type":"product","link":"https:\/\/baldumarket.lt\/lt\/product\/kontenerek-do-szaf-alaska-wiki-maja-i-mika\/","title":{"rendered":"Alaska, Wiki, Maja ir Mika spintos konteineriai"},"content":{"rendered":"<p>Funkcionalus ir modernus SAND\u0116LIAVIMO BLOKAS, papildantis stumdomas spintas. Korpusas padengtas ABS apdailos kra\u0161tais, kurie \u017eymiai padidina patvarum\u0105 ir atsparum\u0105 pa\u017eeidimams. Blokas pagamintas i\u0161 auk\u0161tos kokyb\u0117s 16 mm storio MDF plok\u0161t\u0117s.<br \/>\nSPALVOS:<br \/>\n\u2013 balta<br \/>\n\u2013 grafitas<\/p>","protected":false},"excerpt":{"rendered":"<p>Plotis [cm] 50<br \/>\n\u016agis [cm] 53<br \/>\ngylis [cm] 46<\/p>","protected":false},"featured_media":177078,"comment_status":"open","ping_status":"open","template":"","meta":[],"product_brand":[],"product_cat":[9554,9568,9569,9120,4635],"product_tag":[],"class_list":{"0":"post-177077","1":"product","2":"type-product","3":"status-publish","4":"has-post-thumbnail","6":"product_cat-wardrobes-alaska-piaski","7":"product_cat-wardrobes-maja-piaski","8":"product_cat-wardrobes-mika-piaski","9":"product_cat-cabinets","10":"product_cat-piaski","12":"first","13":"instock","14":"purchasable","15":"product-type-simple"},"_links":{"self":[{"href":"https:\/\/baldumarket.lt\/lt\/wp-json\/wp\/v2\/product\/177077","targetHints":{"allow":["GET"]}}],"collection":[{"href":"https:\/\/baldumarket.lt\/lt\/wp-json\/wp\/v2\/product"}],"about":[{"href":"https:\/\/baldumarket.lt\/lt\/wp-json\/wp\/v2\/types\/product"}],"replies":[{"embeddable":true,"href":"https:\/\/baldumarket.lt\/lt\/wp-json\/wp\/v2\/comments?post=177077"}],"wp:featuredmedia":[{"embeddable":true,"href":"https:\/\/baldumarket.lt\/lt\/wp-json\/wp\/v2\/media\/177078"}],"wp:attachment":[{"href":"https:\/\/baldumarket.lt\/lt\/wp-json\/wp\/v2\/media?parent=177077"}],"wp:term":[{"taxonomy":"product_brand","embeddable":true,"href":"https:\/\/baldumarket.lt\/lt\/wp-json\/wp\/v2\/product_brand?post=177077"},{"taxonomy":"product_cat","embeddable":true,"href":"https:\/\/baldumarket.lt\/lt\/wp-json\/wp\/v2\/product_cat?post=177077"},{"taxonomy":"product_tag","embeddable":true,"href":"https:\/\/baldumarket.lt\/lt\/wp-json\/wp\/v2\/product_tag?post=177077"}],"curies":[{"name":"wp","href":"https:\/\/api.w.org\/{rel}","templated":true}]}}