{"id":177061,"date":"2025-12-20T22:06:56","date_gmt":"2025-12-20T19:06:56","guid":{"rendered":"https:\/\/baldumarket.lt\/product\/komoda-z-szufladami-i-szafka-fronty-jodelka-forest-ksz158\/"},"modified":"2026-04-05T16:09:44","modified_gmt":"2026-04-05T13:09:44","slug":"komoda-z-szufladami-i-szafka-fronty-jodelka-forest-ksz158","status":"publish","type":"product","link":"https:\/\/baldumarket.lt\/lt\/product\/komoda-z-szufladami-i-szafka-fronty-jodelka-forest-ksz158\/","title":{"rendered":"Komoda ir spintel\u0117 su eglut\u0117s ra\u0161to fasadais Forest KSZ158"},"content":{"rendered":"<p>Gamtos \u012fkv\u0117pta \u201eForest\u201c kolekcija. Kurdami \u0161i\u0105 kolekcij\u0105, pasirinkome \u0161velnius, prislopintus eukalipto \u017ealios ir sm\u0117lio spalvos atspalvius, kurie papildys tiek modern\u0173, tiek klasikin\u012f interjer\u0105. Skandinavi\u0161ko \u201eeglut\u0117s\u201c ra\u0161to fasadai puo\u0161ti trikamp\u0117mis auksin\u0117mis ranken\u0117l\u0117mis, o visas baldas stovi ant medini\u0173 kojeli\u0173, deran\u010di\u0173 prie korpuso spalvos.<br \/>\nParametrai:<br \/>\nKorpusas: 16 mm laminuota plok\u0161t\u0117; 0,5 mm ABS kra\u0161tai<br \/>\nPriekin\u0117 dalis: 16 mm laminuota plok\u0161t\u0117; 0,5 mm ABS kra\u0161tas<br \/>\nKojel\u0117s: buko mediena, da\u017eyta spintel\u0117s spalva, 20 x 40 mm<br \/>\nH\u00e4fele rutulini\u0173 guoli\u0173 b\u0117geliai, pilno i\u0161traukimo, H-45 L-300<br \/>\nH\u00e4fele pasl\u0117pti vyriai<br \/>\nAtidarymas: trikampio formos rankena, aukso spalvos aliuminis<br \/>\nSpalva \u2013 EUCALYPTUS \/ HERRINGBONE SCANDI arba SAND BEIGE \/ HERRINGBONE SCAND<br \/>\n\u201eForest KSZ158\u201c komoda su \u201eeglut\u0117s\u201c ra\u0161to fasadais \u2013 turi dvi spinteles, lentyn\u0105 u\u017e fasad\u0173 ir tris papildomus stal\u010dius.<\/p>","protected":false},"excerpt":{"rendered":"<p>Plotis [cm] 158<br \/>\ngylis [cm] 38<br \/>\n\u016agis [cm] 80<\/p>","protected":false},"featured_media":177062,"comment_status":"open","ping_status":"open","template":"","meta":[],"product_brand":[],"product_cat":[9560,1173,4635],"product_tag":[],"class_list":{"0":"post-177061","1":"product","2":"type-product","3":"status-publish","4":"has-post-thumbnail","6":"product_cat-furniture-system-forest-piaski","7":"product_cat-chests-of-drawers","8":"product_cat-piaski","10":"first","11":"instock","12":"purchasable","13":"product-type-simple"},"_links":{"self":[{"href":"https:\/\/baldumarket.lt\/lt\/wp-json\/wp\/v2\/product\/177061","targetHints":{"allow":["GET"]}}],"collection":[{"href":"https:\/\/baldumarket.lt\/lt\/wp-json\/wp\/v2\/product"}],"about":[{"href":"https:\/\/baldumarket.lt\/lt\/wp-json\/wp\/v2\/types\/product"}],"replies":[{"embeddable":true,"href":"https:\/\/baldumarket.lt\/lt\/wp-json\/wp\/v2\/comments?post=177061"}],"wp:featuredmedia":[{"embeddable":true,"href":"https:\/\/baldumarket.lt\/lt\/wp-json\/wp\/v2\/media\/177062"}],"wp:attachment":[{"href":"https:\/\/baldumarket.lt\/lt\/wp-json\/wp\/v2\/media?parent=177061"}],"wp:term":[{"taxonomy":"product_brand","embeddable":true,"href":"https:\/\/baldumarket.lt\/lt\/wp-json\/wp\/v2\/product_brand?post=177061"},{"taxonomy":"product_cat","embeddable":true,"href":"https:\/\/baldumarket.lt\/lt\/wp-json\/wp\/v2\/product_cat?post=177061"},{"taxonomy":"product_tag","embeddable":true,"href":"https:\/\/baldumarket.lt\/lt\/wp-json\/wp\/v2\/product_tag?post=177061"}],"curies":[{"name":"wp","href":"https:\/\/api.w.org\/{rel}","templated":true}]}}