{"id":177037,"date":"2025-12-20T22:06:28","date_gmt":"2025-12-20T19:06:28","guid":{"rendered":"https:\/\/baldumarket.lt\/product\/komoda-z-szufladami-albion-ksz160-kaszmir\/"},"modified":"2026-04-05T16:09:34","modified_gmt":"2026-04-05T13:09:34","slug":"komoda-z-szufladami-albion-ksz160-kaszmir","status":"publish","type":"product","link":"https:\/\/baldumarket.lt\/lt\/product\/komoda-z-szufladami-albion-ksz160-kaszmir\/","title":{"rendered":"Albion KSZ160 ka\u0161myro komoda"},"content":{"rendered":"<p>\u201eAlbion\u201c kolekcija buvo sukurta atsi\u017evelgiant \u012f dabartines tendencijas \u2013 jos sferin\u0117s kojel\u0117s, geometrin\u0117 forma ir spalva pabr\u0117\u017eia elegancij\u0105 ir modern\u0173 stili\u0173, kartu stipriai remdamiesi skandinavi\u0161ku stiliumi. Parametrai:<br \/>\nKorpusas \u2013 16 mm laminuota plok\u0161t\u0117, 0,5 mm ABS kra\u0161tas, 18 mm apvalios MDF lentel\u0117s. Priekin\u0117 dalis \u2013 16 mm laminuota plok\u0161t\u0117, 0,5 mm ABS kra\u0161tas\u2026\u00a0 \u00a0 \u00a0 \u00a0 \u00a0 \u00a0 \u00a0<br \/>\nrutulio formos kojos \u00a0 \u00a0 \u00a0 \u00a0 \u00a0 \u00a0 \u00a0 \u00a0 \u00a0 \u00a0<br \/>\nSpalva \u2013 ka\u0161myras<br \/>\n\u00a0<br \/>\nAlbion KSZ160 komoda \u2013 turi tris spinteles \u2013 lentynas u\u017e fasad\u0173, plius tris stal\u010dius.<\/p>","protected":false},"excerpt":{"rendered":"<p>Plotis [cm] 160<br \/>\n\u016agis [cm] 75<br \/>\ngylis [cm] 39<\/p>","protected":false},"featured_media":177038,"comment_status":"open","ping_status":"open","template":"","meta":[],"product_brand":[],"product_cat":[9555,1173,4635],"product_tag":[],"class_list":{"0":"post-177037","1":"product","2":"type-product","3":"status-publish","4":"has-post-thumbnail","6":"product_cat-furniture-system-albion-piaski","7":"product_cat-chests-of-drawers","8":"product_cat-piaski","10":"first","11":"instock","12":"purchasable","13":"product-type-simple"},"_links":{"self":[{"href":"https:\/\/baldumarket.lt\/lt\/wp-json\/wp\/v2\/product\/177037","targetHints":{"allow":["GET"]}}],"collection":[{"href":"https:\/\/baldumarket.lt\/lt\/wp-json\/wp\/v2\/product"}],"about":[{"href":"https:\/\/baldumarket.lt\/lt\/wp-json\/wp\/v2\/types\/product"}],"replies":[{"embeddable":true,"href":"https:\/\/baldumarket.lt\/lt\/wp-json\/wp\/v2\/comments?post=177037"}],"wp:featuredmedia":[{"embeddable":true,"href":"https:\/\/baldumarket.lt\/lt\/wp-json\/wp\/v2\/media\/177038"}],"wp:attachment":[{"href":"https:\/\/baldumarket.lt\/lt\/wp-json\/wp\/v2\/media?parent=177037"}],"wp:term":[{"taxonomy":"product_brand","embeddable":true,"href":"https:\/\/baldumarket.lt\/lt\/wp-json\/wp\/v2\/product_brand?post=177037"},{"taxonomy":"product_cat","embeddable":true,"href":"https:\/\/baldumarket.lt\/lt\/wp-json\/wp\/v2\/product_cat?post=177037"},{"taxonomy":"product_tag","embeddable":true,"href":"https:\/\/baldumarket.lt\/lt\/wp-json\/wp\/v2\/product_tag?post=177037"}],"curies":[{"name":"wp","href":"https:\/\/api.w.org\/{rel}","templated":true}]}}