{"id":177020,"date":"2025-12-20T22:06:07","date_gmt":"2025-12-20T19:06:07","guid":{"rendered":"https:\/\/baldumarket.lt\/product\/komoda-z-szufladami-100-cm\/"},"modified":"2026-02-03T23:28:08","modified_gmt":"2026-02-03T20:28:08","slug":"komoda-z-szufladami-100-cm","status":"publish","type":"product","link":"https:\/\/baldumarket.lt\/lt\/product\/komoda-z-szufladami-100-cm\/","title":{"rendered":"Komoda 100 cm"},"content":{"rendered":"<p>KOMODOS 100<br \/>\nKomoda 100 \u2013 tai modernus svetain\u0117s ar miegamojo baldas, pasi\u017eymintis \u0161iuolaiki\u0161ku dizainu. Komoda pagaminta i\u0161 auk\u0161tos kokyb\u0117s 16 mm laminuotos plok\u0161t\u0117s su ABS faneruot\u0117s kra\u0161tais.<br \/>\nSPALVOS:<br \/>\n\u2013 balta<br \/>\n\u2013 grafitas<\/p>","protected":false},"excerpt":{"rendered":"<p>Plotis [cm] 100<br \/>\n\u016agis [cm] 85<br \/>\ngylis [cm] 40<\/p>","protected":false},"featured_media":177021,"comment_status":"open","ping_status":"open","template":"","meta":[],"product_brand":[],"product_cat":[1173,4635],"product_tag":[],"class_list":{"0":"post-177020","1":"product","2":"type-product","3":"status-publish","4":"has-post-thumbnail","6":"product_cat-chests-of-drawers","7":"product_cat-piaski","9":"first","10":"instock","11":"purchasable","12":"product-type-simple"},"_links":{"self":[{"href":"https:\/\/baldumarket.lt\/lt\/wp-json\/wp\/v2\/product\/177020","targetHints":{"allow":["GET"]}}],"collection":[{"href":"https:\/\/baldumarket.lt\/lt\/wp-json\/wp\/v2\/product"}],"about":[{"href":"https:\/\/baldumarket.lt\/lt\/wp-json\/wp\/v2\/types\/product"}],"replies":[{"embeddable":true,"href":"https:\/\/baldumarket.lt\/lt\/wp-json\/wp\/v2\/comments?post=177020"}],"wp:featuredmedia":[{"embeddable":true,"href":"https:\/\/baldumarket.lt\/lt\/wp-json\/wp\/v2\/media\/177021"}],"wp:attachment":[{"href":"https:\/\/baldumarket.lt\/lt\/wp-json\/wp\/v2\/media?parent=177020"}],"wp:term":[{"taxonomy":"product_brand","embeddable":true,"href":"https:\/\/baldumarket.lt\/lt\/wp-json\/wp\/v2\/product_brand?post=177020"},{"taxonomy":"product_cat","embeddable":true,"href":"https:\/\/baldumarket.lt\/lt\/wp-json\/wp\/v2\/product_cat?post=177020"},{"taxonomy":"product_tag","embeddable":true,"href":"https:\/\/baldumarket.lt\/lt\/wp-json\/wp\/v2\/product_tag?post=177020"}],"curies":[{"name":"wp","href":"https:\/\/api.w.org\/{rel}","templated":true}]}}