{"id":177008,"date":"2025-12-20T22:05:54","date_gmt":"2025-12-20T19:05:54","guid":{"rendered":"https:\/\/baldumarket.lt\/product\/komoda-z-szafkami-oro-k160-biala-ryflowana-mdf\/"},"modified":"2026-02-12T10:28:27","modified_gmt":"2026-02-12T07:28:27","slug":"komoda-z-szafkami-oro-k160-biala-ryflowana-mdf","status":"publish","type":"product","link":"https:\/\/baldumarket.lt\/lt\/product\/komoda-z-szafkami-oro-k160-biala-ryflowana-mdf\/","title":{"rendered":"Komoda su spintel\u0117mis Oro K160 balta, grioveliais MDF"},"content":{"rendered":"<p>\u201eOro\u201c sistema bus stilingas bet kurio svetain\u0117s, sve\u010di\u0173 kambario ar jaunimo kambario papildymas.<br \/>\nParametrai:<br \/>\nR\u0117mai \u2013 16 mm laminuota plok\u0161t\u0117<br \/>\n0,5 mm ABS apvadas (vir\u0161us ir apa\u010dia aukso spalvos)<br \/>\nFasadas \u2013 18 mm storio MDF plok\u0161t\u0117 su grioveliais<br \/>\n0,5 mm ABS briauna<br \/>\nAtidarymas \u2013 atidarymas spaud\u017eiant<br \/>\nKojel\u0117s \u2013 juodo arba auksinio metalo<br \/>\nGTV vyriai<br \/>\nKitos galimos spalvos: sm\u0117lio arba juoda \u2013 ie\u0161kokite \u201cOro\u201d<br \/>\nBalta Oro K160 komoda \u2013 trys spintel\u0117s.<\/p>","protected":false},"excerpt":{"rendered":"<p>Plotis [cm] 160<br \/>\n\u016agis [cm] 85<br \/>\ngylis [cm] 39<\/p>","protected":false},"featured_media":177009,"comment_status":"open","ping_status":"open","template":"","meta":[],"product_brand":[],"product_cat":[9549,1173,4635],"product_tag":[],"class_list":{"0":"post-177008","1":"product","2":"type-product","3":"status-publish","4":"has-post-thumbnail","6":"product_cat-furniture-system-oro-piaski","7":"product_cat-chests-of-drawers","8":"product_cat-piaski","10":"first","11":"instock","12":"purchasable","13":"product-type-simple"},"_links":{"self":[{"href":"https:\/\/baldumarket.lt\/lt\/wp-json\/wp\/v2\/product\/177008","targetHints":{"allow":["GET"]}}],"collection":[{"href":"https:\/\/baldumarket.lt\/lt\/wp-json\/wp\/v2\/product"}],"about":[{"href":"https:\/\/baldumarket.lt\/lt\/wp-json\/wp\/v2\/types\/product"}],"replies":[{"embeddable":true,"href":"https:\/\/baldumarket.lt\/lt\/wp-json\/wp\/v2\/comments?post=177008"}],"wp:featuredmedia":[{"embeddable":true,"href":"https:\/\/baldumarket.lt\/lt\/wp-json\/wp\/v2\/media\/177009"}],"wp:attachment":[{"href":"https:\/\/baldumarket.lt\/lt\/wp-json\/wp\/v2\/media?parent=177008"}],"wp:term":[{"taxonomy":"product_brand","embeddable":true,"href":"https:\/\/baldumarket.lt\/lt\/wp-json\/wp\/v2\/product_brand?post=177008"},{"taxonomy":"product_cat","embeddable":true,"href":"https:\/\/baldumarket.lt\/lt\/wp-json\/wp\/v2\/product_cat?post=177008"},{"taxonomy":"product_tag","embeddable":true,"href":"https:\/\/baldumarket.lt\/lt\/wp-json\/wp\/v2\/product_tag?post=177008"}],"curies":[{"name":"wp","href":"https:\/\/api.w.org\/{rel}","templated":true}]}}