{"id":177002,"date":"2025-12-20T22:05:47","date_gmt":"2025-12-20T19:05:47","guid":{"rendered":"https:\/\/baldumarket.lt\/product\/komoda-z-szafkami-oro-k160-bezowa-ryflowana-mdf\/"},"modified":"2026-02-12T10:28:27","modified_gmt":"2026-02-12T07:28:27","slug":"komoda-z-szafkami-oro-k160-bezowa-ryflowana-mdf","status":"publish","type":"product","link":"https:\/\/baldumarket.lt\/lt\/product\/komoda-z-szafkami-oro-k160-bezowa-ryflowana-mdf\/","title":{"rendered":"Oro K160 sm\u0117lio spalvos briaunuota MDF komoda"},"content":{"rendered":"<p>\u201eOro\u201c sistema bus stilingas bet kurio svetain\u0117s, sve\u010di\u0173 kambario ar jaunimo kambario papildymas.<br \/>\nParametrai:<br \/>\nR\u0117mai \u2013 16 mm laminuota plok\u0161t\u0117<br \/>\n0,5 mm ABS apvadas (vir\u0161us ir apa\u010dia aukso spalvos)<br \/>\nFasadas \u2013 18 mm storio MDF plok\u0161t\u0117 su grioveliais<br \/>\n0,5 mm ABS briauna<br \/>\nAtidarymas \u2013 atidarymas spaud\u017eiant<br \/>\nKojel\u0117s \u2013 juodo arba auksinio metalo<br \/>\nGTV vyriai<br \/>\nKitos galimos spalvos: balta arba juoda \u2013 paie\u0161kos juostoje \u012fveskite \u017eod\u012f \u201eOro\u201c<br \/>\nSm\u0117lio spalvos komoda \u201eOro K160\u201c \u2013 su trimis spintel\u0117mis.<\/p>","protected":false},"excerpt":{"rendered":"<p>Plotis [cm] 160<br \/>\n\u016agis [cm] 85<br \/>\ngylis [cm] 39<\/p>","protected":false},"featured_media":177003,"comment_status":"open","ping_status":"open","template":"","meta":[],"product_brand":[],"product_cat":[9549,1173,4635],"product_tag":[],"class_list":{"0":"post-177002","1":"product","2":"type-product","3":"status-publish","4":"has-post-thumbnail","6":"product_cat-furniture-system-oro-piaski","7":"product_cat-chests-of-drawers","8":"product_cat-piaski","10":"first","11":"instock","12":"purchasable","13":"product-type-simple"},"_links":{"self":[{"href":"https:\/\/baldumarket.lt\/lt\/wp-json\/wp\/v2\/product\/177002","targetHints":{"allow":["GET"]}}],"collection":[{"href":"https:\/\/baldumarket.lt\/lt\/wp-json\/wp\/v2\/product"}],"about":[{"href":"https:\/\/baldumarket.lt\/lt\/wp-json\/wp\/v2\/types\/product"}],"replies":[{"embeddable":true,"href":"https:\/\/baldumarket.lt\/lt\/wp-json\/wp\/v2\/comments?post=177002"}],"wp:featuredmedia":[{"embeddable":true,"href":"https:\/\/baldumarket.lt\/lt\/wp-json\/wp\/v2\/media\/177003"}],"wp:attachment":[{"href":"https:\/\/baldumarket.lt\/lt\/wp-json\/wp\/v2\/media?parent=177002"}],"wp:term":[{"taxonomy":"product_brand","embeddable":true,"href":"https:\/\/baldumarket.lt\/lt\/wp-json\/wp\/v2\/product_brand?post=177002"},{"taxonomy":"product_cat","embeddable":true,"href":"https:\/\/baldumarket.lt\/lt\/wp-json\/wp\/v2\/product_cat?post=177002"},{"taxonomy":"product_tag","embeddable":true,"href":"https:\/\/baldumarket.lt\/lt\/wp-json\/wp\/v2\/product_tag?post=177002"}],"curies":[{"name":"wp","href":"https:\/\/api.w.org\/{rel}","templated":true}]}}