{"id":176949,"date":"2025-12-20T22:04:46","date_gmt":"2025-12-20T19:04:46","guid":{"rendered":"https:\/\/baldumarket.lt\/product\/komoda-z-szafkami-harmony-k144\/"},"modified":"2026-04-05T16:09:34","modified_gmt":"2026-04-05T13:09:34","slug":"komoda-z-szafkami-harmony-k144","status":"publish","type":"product","link":"https:\/\/baldumarket.lt\/lt\/product\/komoda-z-szafkami-harmony-k144\/","title":{"rendered":"Harmony K144 komoda"},"content":{"rendered":"<p>\u201cHarmony\u201d kolekcija: \u0161i eleganti\u0161ka kolekcija pasi\u017eymi paprastomis, minimalistin\u0117mis grafito juodumo formomis su \u201enat\u016bralaus med\u017eio\u201c tekst\u016bra, pastatyta ant auksu da\u017eyt\u0173 metalini\u0173 kojeli\u0173. Dizain\u0105 papildo juodo karali\u0161ko marmuro stalvir\u0161iai.<br \/>\n\u201eHarmony\u201c buvo sukurtas taip, kad tikt\u0173 bet kokiam interjerui \u2013 tiek klasikiniam, tiek moderniam, \u017eavingam.<br \/>\nParametrai:<br \/>\nKorpusas: 16 mm laminuota plok\u0161t\u0117; 0,5 mm ABS kra\u0161tai<br \/>\nPriekin\u0117s dalys: 16 mm laminuota plok\u0161t\u0117; 0,5 mm ABS briauna<br \/>\nH\u00e4fele pasl\u0117pti vyriai<br \/>\nRankena: n\u0117ra, atidarymo sistema prailginta briauna + atidarymas spustel\u0117jus<br \/>\nKojel\u0117: lenkta koja \u00d8 10 mm, auk\u0161tis = 200 mm, da\u017eyta milteliniu b\u016bdu, aukso spalvos<br \/>\nSpalva: JUODA GRAFITO U12007 STRUKT\u016aRA \u0160V (nat\u016brali mediena) \/ JUODA ROYA MARMURO LS63052<br \/>\n\u201eHarmony K144\u201c komoda \u2013 u\u017e lentyn\u0173 fasad\u0173 turi tris spinteles.<\/p>","protected":false},"excerpt":{"rendered":"<p>Gylis [cm] 37<br \/>\nPlotis [cm] 144<br \/>\n\u016agis [cm] 83<\/p>","protected":false},"featured_media":176950,"comment_status":"open","ping_status":"open","template":"","meta":[],"product_brand":[],"product_cat":[9561,1173,4635],"product_tag":[],"class_list":{"0":"post-176949","1":"product","2":"type-product","3":"status-publish","4":"has-post-thumbnail","6":"product_cat-furniture-system-harmony-piaski","7":"product_cat-chests-of-drawers","8":"product_cat-piaski","10":"first","11":"instock","12":"purchasable","13":"product-type-simple"},"_links":{"self":[{"href":"https:\/\/baldumarket.lt\/lt\/wp-json\/wp\/v2\/product\/176949","targetHints":{"allow":["GET"]}}],"collection":[{"href":"https:\/\/baldumarket.lt\/lt\/wp-json\/wp\/v2\/product"}],"about":[{"href":"https:\/\/baldumarket.lt\/lt\/wp-json\/wp\/v2\/types\/product"}],"replies":[{"embeddable":true,"href":"https:\/\/baldumarket.lt\/lt\/wp-json\/wp\/v2\/comments?post=176949"}],"wp:featuredmedia":[{"embeddable":true,"href":"https:\/\/baldumarket.lt\/lt\/wp-json\/wp\/v2\/media\/176950"}],"wp:attachment":[{"href":"https:\/\/baldumarket.lt\/lt\/wp-json\/wp\/v2\/media?parent=176949"}],"wp:term":[{"taxonomy":"product_brand","embeddable":true,"href":"https:\/\/baldumarket.lt\/lt\/wp-json\/wp\/v2\/product_brand?post=176949"},{"taxonomy":"product_cat","embeddable":true,"href":"https:\/\/baldumarket.lt\/lt\/wp-json\/wp\/v2\/product_cat?post=176949"},{"taxonomy":"product_tag","embeddable":true,"href":"https:\/\/baldumarket.lt\/lt\/wp-json\/wp\/v2\/product_tag?post=176949"}],"curies":[{"name":"wp","href":"https:\/\/api.w.org\/{rel}","templated":true}]}}