{"id":176941,"date":"2025-12-20T22:04:39","date_gmt":"2025-12-20T19:04:39","guid":{"rendered":"https:\/\/baldumarket.lt\/product\/komoda-z-szafkami-bari-kaszmir-k103\/"},"modified":"2026-04-05T16:09:34","modified_gmt":"2026-04-05T13:09:34","slug":"komoda-z-szafkami-bari-kaszmir-k103","status":"publish","type":"product","link":"https:\/\/baldumarket.lt\/lt\/product\/komoda-z-szafkami-bari-kaszmir-k103\/","title":{"rendered":"Komoda su spintel\u0117mis Bari ka\u0161myras K103"},"content":{"rendered":"<p>\u201eBari\u201c kolekcija buvo sukurta atsi\u017evelgiant \u012f dabartines tendencijas \u2013 jos geometrin\u0117 forma ir spalva pabr\u0117\u017eia elegancij\u0105 ir modern\u0173 stili\u0173, kartu stipriai perteikdamos moderni\u0105 atmosfer\u0105.<br \/>\nSpecifikacijos:<br \/>\nKorpusas: 16 mm laminuota plok\u0161t\u0117; 0,5 mm ABS kra\u0161tai<br \/>\nPriekin\u0117 dalis: 16 mm laminuota plok\u0161t\u0117; 0,5 mm ABS kra\u0161tas<br \/>\nSistema be ranken\u0173<br \/>\nH\u00e4fele pasl\u0117pti vyriai<br \/>\nApval\u016bs kra\u0161tai<br \/>\nSpalva: Ka\u0161myras<br \/>\nKomoda \u201eBari K103\u201c turi keturias spinteles su lentynomis u\u017e fasad\u0173.<\/p>","protected":false},"excerpt":{"rendered":"<p>Plotis [cm] 103<br \/>\n\u016agis [cm] 132<br \/>\ngylis [cm] 39<\/p>","protected":false},"featured_media":176942,"comment_status":"open","ping_status":"open","template":"","meta":[],"product_brand":[],"product_cat":[9558,1173,4635],"product_tag":[],"class_list":{"0":"post-176941","1":"product","2":"type-product","3":"status-publish","4":"has-post-thumbnail","6":"product_cat-furniture-system-bari-piaski","7":"product_cat-chests-of-drawers","8":"product_cat-piaski","10":"first","11":"instock","12":"purchasable","13":"product-type-simple"},"_links":{"self":[{"href":"https:\/\/baldumarket.lt\/lt\/wp-json\/wp\/v2\/product\/176941","targetHints":{"allow":["GET"]}}],"collection":[{"href":"https:\/\/baldumarket.lt\/lt\/wp-json\/wp\/v2\/product"}],"about":[{"href":"https:\/\/baldumarket.lt\/lt\/wp-json\/wp\/v2\/types\/product"}],"replies":[{"embeddable":true,"href":"https:\/\/baldumarket.lt\/lt\/wp-json\/wp\/v2\/comments?post=176941"}],"wp:featuredmedia":[{"embeddable":true,"href":"https:\/\/baldumarket.lt\/lt\/wp-json\/wp\/v2\/media\/176942"}],"wp:attachment":[{"href":"https:\/\/baldumarket.lt\/lt\/wp-json\/wp\/v2\/media?parent=176941"}],"wp:term":[{"taxonomy":"product_brand","embeddable":true,"href":"https:\/\/baldumarket.lt\/lt\/wp-json\/wp\/v2\/product_brand?post=176941"},{"taxonomy":"product_cat","embeddable":true,"href":"https:\/\/baldumarket.lt\/lt\/wp-json\/wp\/v2\/product_cat?post=176941"},{"taxonomy":"product_tag","embeddable":true,"href":"https:\/\/baldumarket.lt\/lt\/wp-json\/wp\/v2\/product_tag?post=176941"}],"curies":[{"name":"wp","href":"https:\/\/api.w.org\/{rel}","templated":true}]}}