{"id":176917,"date":"2025-12-20T22:04:11","date_gmt":"2025-12-20T19:04:11","guid":{"rendered":"https:\/\/baldumarket.lt\/product\/komoda-z-polkami-k154-japandi-dab-linea\/"},"modified":"2026-04-05T16:09:25","modified_gmt":"2026-04-05T13:09:25","slug":"komoda-z-polkami-k154-japandi-dab-linea","status":"publish","type":"product","link":"https:\/\/baldumarket.lt\/lt\/product\/komoda-z-polkami-k154-japandi-dab-linea\/","title":{"rendered":"Komoda su lentynomis JAPANDI K154 \u0105\u017euolo linijin\u0117"},"content":{"rendered":"<p>\u201eJapandi\u201c kolekcija sukurta atsi\u017evelgiant \u012f dabartines tendencijas \u2013 komoda, apdailinta \u201eLinea Oak\u201c medienos apdaila, pasi\u017eymi frezuotais fasadais, kurie atidaromi juodo metalo ranken\u0117l\u0117mis.<br \/>\nSpecifikacijos:<br \/>\nKorpusas: 16 mm laminuota plok\u0161t\u0117 + 0,5 mm ABS kra\u0161tas<br \/>\nPriekin\u0117s dalys: frezuota laminuota plok\u0161t\u0117 + 0,5 mm ABS apvadas<br \/>\nRankena: juoda metalin\u0117 ranken\u0117l\u0117<br \/>\nKoja: juodai da\u017eyta mediena<br \/>\nHaefele \u0161velnaus u\u017edarymo vyriai<br \/>\nSpalva:<br \/>\nKorpusas ir priekis: Linea Oak<br \/>\nK154 Japandi komoda \u201eLinea Oak\u201c spalvos \u2013 su trimis spintel\u0117mis ir lentynomis u\u017e fasad\u0173.<\/p>","protected":false},"excerpt":{"rendered":"<p>Plotis [cm] 153,5<br \/>\ngylis [cm] 39<br \/>\n\u016agis [cm] 83,5<\/p>","protected":false},"featured_media":176918,"comment_status":"open","ping_status":"open","template":"","meta":[],"product_brand":[],"product_cat":[9562,1173,4635],"product_tag":[],"class_list":{"0":"post-176917","1":"product","2":"type-product","3":"status-publish","4":"has-post-thumbnail","6":"product_cat-furniture-system-japandi-piaski","7":"product_cat-chests-of-drawers","8":"product_cat-piaski","10":"first","11":"instock","12":"purchasable","13":"product-type-simple"},"_links":{"self":[{"href":"https:\/\/baldumarket.lt\/lt\/wp-json\/wp\/v2\/product\/176917","targetHints":{"allow":["GET"]}}],"collection":[{"href":"https:\/\/baldumarket.lt\/lt\/wp-json\/wp\/v2\/product"}],"about":[{"href":"https:\/\/baldumarket.lt\/lt\/wp-json\/wp\/v2\/types\/product"}],"replies":[{"embeddable":true,"href":"https:\/\/baldumarket.lt\/lt\/wp-json\/wp\/v2\/comments?post=176917"}],"wp:featuredmedia":[{"embeddable":true,"href":"https:\/\/baldumarket.lt\/lt\/wp-json\/wp\/v2\/media\/176918"}],"wp:attachment":[{"href":"https:\/\/baldumarket.lt\/lt\/wp-json\/wp\/v2\/media?parent=176917"}],"wp:term":[{"taxonomy":"product_brand","embeddable":true,"href":"https:\/\/baldumarket.lt\/lt\/wp-json\/wp\/v2\/product_brand?post=176917"},{"taxonomy":"product_cat","embeddable":true,"href":"https:\/\/baldumarket.lt\/lt\/wp-json\/wp\/v2\/product_cat?post=176917"},{"taxonomy":"product_tag","embeddable":true,"href":"https:\/\/baldumarket.lt\/lt\/wp-json\/wp\/v2\/product_tag?post=176917"}],"curies":[{"name":"wp","href":"https:\/\/api.w.org\/{rel}","templated":true}]}}