{"id":17685,"date":"2025-11-14T10:03:38","date_gmt":"2025-11-14T07:03:38","guid":{"rendered":"https:\/\/baldumarket.lt\/product\/gavino\/"},"modified":"2026-03-24T17:15:04","modified_gmt":"2026-03-24T14:15:04","slug":"gavino","status":"publish","type":"product","link":"https:\/\/baldumarket.lt\/lt\/product\/gavino\/","title":{"rendered":"Gavinas"},"content":{"rendered":"<p>\u201eGavino\u201c \u2013 puikus baldas unikalaus interjero ir originali\u0173 element\u0173 m\u0117g\u0117jams. \u0160is unikalus stalas yra 60 x 100 x 42 cm dyd\u017eio, o stalvir\u0161is \u2013 18 mm storio laminuota lenta. Pagrindinis jo i\u0161skirtinis bruo\u017eas \u2013 netaisyklingos formos juodo plieno kojel\u0117s, kurios tikrai pritrauks d\u0117mes\u012f. \u201eGavino\u201c taip pat pasi\u017eymi lengvu surinkimu, tvirta konstrukcija ir unikalia apdaila, kuri tarnaus ilgus metus. J\u012f tiesiog verta tur\u0117ti!<\/p>","protected":false},"excerpt":{"rendered":"<p>\u201eGavino\u201c \u2013 puikus baldas unikalaus interjero ir originali\u0173 element\u0173 m\u0117g\u0117jams. \u0160is unikalus stalas yra 60 x 100 x 42 cm dyd\u017eio, o stalvir\u0161is \u2013 18 mm storio laminuota lenta. Pagrindinis jo i\u0161skirtinis bruo\u017eas \u2013 netaisyklingos formos juodo plieno kojel\u0117s, kurios tikrai pritrauks d\u0117mes\u012f. \u201eGavino\u201c taip pat si\u016blo lengvai pritaikomus [\u2026]<\/p>","protected":false},"featured_media":17686,"comment_status":"open","ping_status":"open","template":"","meta":[],"product_brand":[],"product_cat":[866,2012,9176],"product_tag":[],"class_list":{"0":"post-17685","1":"product","2":"type-product","3":"status-publish","4":"has-post-thumbnail","6":"product_cat-coffee-tables","7":"product_cat-eltap","8":"product_cat-coffee-tables-eltap","10":"first","11":"instock","12":"purchasable","13":"product-type-variable","14":"wvs-archive-product-wrapper"},"_links":{"self":[{"href":"https:\/\/baldumarket.lt\/lt\/wp-json\/wp\/v2\/product\/17685","targetHints":{"allow":["GET"]}}],"collection":[{"href":"https:\/\/baldumarket.lt\/lt\/wp-json\/wp\/v2\/product"}],"about":[{"href":"https:\/\/baldumarket.lt\/lt\/wp-json\/wp\/v2\/types\/product"}],"replies":[{"embeddable":true,"href":"https:\/\/baldumarket.lt\/lt\/wp-json\/wp\/v2\/comments?post=17685"}],"wp:featuredmedia":[{"embeddable":true,"href":"https:\/\/baldumarket.lt\/lt\/wp-json\/wp\/v2\/media\/17686"}],"wp:attachment":[{"href":"https:\/\/baldumarket.lt\/lt\/wp-json\/wp\/v2\/media?parent=17685"}],"wp:term":[{"taxonomy":"product_brand","embeddable":true,"href":"https:\/\/baldumarket.lt\/lt\/wp-json\/wp\/v2\/product_brand?post=17685"},{"taxonomy":"product_cat","embeddable":true,"href":"https:\/\/baldumarket.lt\/lt\/wp-json\/wp\/v2\/product_cat?post=17685"},{"taxonomy":"product_tag","embeddable":true,"href":"https:\/\/baldumarket.lt\/lt\/wp-json\/wp\/v2\/product_tag?post=17685"}],"curies":[{"name":"wp","href":"https:\/\/api.w.org\/{rel}","templated":true}]}}