{"id":176841,"date":"2025-12-20T22:02:35","date_gmt":"2025-12-20T19:02:35","guid":{"rendered":"https:\/\/baldumarket.lt\/product\/komoda-sky-sk155\/"},"modified":"2026-04-05T02:44:25","modified_gmt":"2026-04-04T23:44:25","slug":"komoda-sky-sk155","status":"publish","type":"product","link":"https:\/\/baldumarket.lt\/lt\/product\/komoda-sky-sk155\/","title":{"rendered":"\u201eSky SK155\u201c komoda"},"content":{"rendered":"<p>SKY sistema yra universalus komplektas, tinkantis bet kokiam interjerui. Korpusas ir priekin\u0117s dalys pagamintos i\u0161 laminuotos plok\u0161t\u0117s, o kra\u0161tai apdailinti ABS fanera. LED ap\u0161vietimas galimas kaip papildoma \u012franga.<br \/>\nBaldai yra nauji ir supakuoti \u012f surinkimo pakuotes su surinkimo instrukcijomis ir visais reikalingais priedais.<br \/>\nSpalva: Rivjeros \u0105\u017euolas.<\/p>","protected":false},"excerpt":{"rendered":"<p>Plotis [cm] 155<br \/>\n\u016agis [cm] 96<br \/>\ngylis [cm] 40<\/p>","protected":false},"featured_media":176842,"comment_status":"open","ping_status":"open","template":"","meta":[],"product_brand":[],"product_cat":[9550,1173,4635],"product_tag":[],"class_list":{"0":"post-176841","1":"product","2":"type-product","3":"status-publish","4":"has-post-thumbnail","6":"product_cat-furniture-system-sky-piaski","7":"product_cat-chests-of-drawers","8":"product_cat-piaski","10":"first","11":"instock","12":"purchasable","13":"product-type-simple"},"_links":{"self":[{"href":"https:\/\/baldumarket.lt\/lt\/wp-json\/wp\/v2\/product\/176841","targetHints":{"allow":["GET"]}}],"collection":[{"href":"https:\/\/baldumarket.lt\/lt\/wp-json\/wp\/v2\/product"}],"about":[{"href":"https:\/\/baldumarket.lt\/lt\/wp-json\/wp\/v2\/types\/product"}],"replies":[{"embeddable":true,"href":"https:\/\/baldumarket.lt\/lt\/wp-json\/wp\/v2\/comments?post=176841"}],"wp:featuredmedia":[{"embeddable":true,"href":"https:\/\/baldumarket.lt\/lt\/wp-json\/wp\/v2\/media\/176842"}],"wp:attachment":[{"href":"https:\/\/baldumarket.lt\/lt\/wp-json\/wp\/v2\/media?parent=176841"}],"wp:term":[{"taxonomy":"product_brand","embeddable":true,"href":"https:\/\/baldumarket.lt\/lt\/wp-json\/wp\/v2\/product_brand?post=176841"},{"taxonomy":"product_cat","embeddable":true,"href":"https:\/\/baldumarket.lt\/lt\/wp-json\/wp\/v2\/product_cat?post=176841"},{"taxonomy":"product_tag","embeddable":true,"href":"https:\/\/baldumarket.lt\/lt\/wp-json\/wp\/v2\/product_tag?post=176841"}],"curies":[{"name":"wp","href":"https:\/\/api.w.org\/{rel}","templated":true}]}}