{"id":176822,"date":"2025-12-20T22:02:09","date_gmt":"2025-12-20T19:02:09","guid":{"rendered":"https:\/\/baldumarket.lt\/product\/komoda-skandynawska-primo-pksz160\/"},"modified":"2026-04-05T15:16:49","modified_gmt":"2026-04-05T12:16:49","slug":"komoda-skandynawska-primo-pksz160","status":"publish","type":"product","link":"https:\/\/baldumarket.lt\/lt\/product\/komoda-skandynawska-primo-pksz160\/","title":{"rendered":"Skandinavi\u0161ka komoda Primo PKSZ160"},"content":{"rendered":"<p>\u201ePrimo\u201c komoda \u2013 prakti\u0161kas skandinavi\u0161ko stiliaus interjero papildymas<br \/>\nSkandinavi\u0161ki baldai yra viena patraukliausi\u0173 kolekcij\u0173 m\u016bs\u0173 internetin\u0117je parduotuv\u0117je, sulaukianti didelio klient\u0173 susidom\u0117jimo. Joje pristatomos modernios bald\u0173 sistemos, kurios \u017eavi savo nat\u016bralumu, paprastumu ir minimalizmu. Unikalus vienos i\u0161 \u0161i\u0173 kolekcij\u0173 elementas \u2013 komoda \u201ePrimo\u201c, puikiai papildanti bet kok\u012f interjer\u0105. Ji puikiai tinka tiek svetainei, tiek miegamajam, darbo kambariui ar prie\u0161kambariui. Komoda \u201ePrimo\u201c i\u0161siskiria labai pla\u010diu, ta\u010diau siauru dizainu, kuris, nepaisant didel\u0117s talpos, neu\u017eims per daug vertingos vietos. Joje yra dvi spintel\u0117s ir trys stal\u010diai, tod\u0117l yra daug u\u017edaros erdv\u0117s \u012fvairiems aksesuarams, drabu\u017eiams ir kasdieniams daiktams laikyti. Komoda \u201ePrimo\u201c puikiai i\u0161ry\u0161kina skandinavi\u0161ko stiliaus gro\u017e\u012f d\u0117l \u0161viesios, minimalistin\u0117s spalv\u0173 gamos, kurioje derinamas kilnus Rivjeros \u0105\u017euolo medienos atspalvis su klasikiniu baltos spalvos atspalviu. Ji puikiai der\u0117s su kitais tos pa\u010dios \u201ePrimo\u201c sistemos baldais, esan\u010diais m\u016bs\u0173 pla\u010diame asortimente, sukurdama darn\u0173, visapusi\u0161k\u0105 svetain\u0117s ir miegamojo dizain\u0105.<\/p>","protected":false},"excerpt":{"rendered":"<p>Plotis [cm] 160<br \/>\n\u016agis [cm] 83<br \/>\ngylis [cm] 40<\/p>","protected":false},"featured_media":176823,"comment_status":"open","ping_status":"open","template":"","meta":[],"product_brand":[],"product_cat":[9565,1173,4635],"product_tag":[],"class_list":{"0":"post-176822","1":"product","2":"type-product","3":"status-publish","4":"has-post-thumbnail","6":"product_cat-furniture-system-primo-piaski","7":"product_cat-chests-of-drawers","8":"product_cat-piaski","10":"first","11":"instock","12":"purchasable","13":"product-type-simple"},"_links":{"self":[{"href":"https:\/\/baldumarket.lt\/lt\/wp-json\/wp\/v2\/product\/176822","targetHints":{"allow":["GET"]}}],"collection":[{"href":"https:\/\/baldumarket.lt\/lt\/wp-json\/wp\/v2\/product"}],"about":[{"href":"https:\/\/baldumarket.lt\/lt\/wp-json\/wp\/v2\/types\/product"}],"replies":[{"embeddable":true,"href":"https:\/\/baldumarket.lt\/lt\/wp-json\/wp\/v2\/comments?post=176822"}],"wp:featuredmedia":[{"embeddable":true,"href":"https:\/\/baldumarket.lt\/lt\/wp-json\/wp\/v2\/media\/176823"}],"wp:attachment":[{"href":"https:\/\/baldumarket.lt\/lt\/wp-json\/wp\/v2\/media?parent=176822"}],"wp:term":[{"taxonomy":"product_brand","embeddable":true,"href":"https:\/\/baldumarket.lt\/lt\/wp-json\/wp\/v2\/product_brand?post=176822"},{"taxonomy":"product_cat","embeddable":true,"href":"https:\/\/baldumarket.lt\/lt\/wp-json\/wp\/v2\/product_cat?post=176822"},{"taxonomy":"product_tag","embeddable":true,"href":"https:\/\/baldumarket.lt\/lt\/wp-json\/wp\/v2\/product_tag?post=176822"}],"curies":[{"name":"wp","href":"https:\/\/api.w.org\/{rel}","templated":true}]}}