{"id":176798,"date":"2025-12-20T22:01:34","date_gmt":"2025-12-20T19:01:34","guid":{"rendered":"https:\/\/baldumarket.lt\/product\/komoda-ryflowane-fronty-z-szafkami-willow-k154\/"},"modified":"2026-04-05T02:17:24","modified_gmt":"2026-04-04T23:17:24","slug":"komoda-ryflowane-fronty-z-szafkami-willow-k154","status":"publish","type":"product","link":"https:\/\/baldumarket.lt\/lt\/product\/komoda-ryflowane-fronty-z-szafkami-willow-k154\/","title":{"rendered":"Komoda su grioveliais fasadais ir \u201eWillow K154\u201c spintel\u0117mis"},"content":{"rendered":"<p>\u201eWillow\u201c kolekcija buvo sukurta atsi\u017evelgiant \u012f dabartines tendencijas \u2013 auk\u0161tos, juodos kojel\u0117s, geometrin\u0117 forma ir spalvos pabr\u0117\u017eia lofto stili\u0173, modern\u0173 poj\u016bt\u012f.<br \/>\nSpecifikacijos:<br \/>\nR\u0117mas: juoda tekst\u016bruota apdaila \u2013 16 mm laminuota plok\u0161t\u0117<br \/>\n0,5 mm ABS briauna<br \/>\nPriekin\u0117 dalis: 18 mm grioveli\u0173 MDF plok\u0161t\u0117 \u2013 \u0105\u017euolo dirbiniai<br \/>\n0,5 mm ABS briauna<br \/>\nStal\u010dius atidaromas spaud\u017eiant<br \/>\nKojel\u0117s: 20 cm auk\u0161\u010dio medin\u0117s kojel\u0117s<br \/>\n\u201eWillow K154\u201c komoda su grioveliais fasaduose \u2013 turi tris spinteles su lentynomis u\u017e fasad\u0173.<\/p>","protected":false},"excerpt":{"rendered":"<p>Plotis [cm] 154<br \/>\n\u016agis [cm] 83<br \/>\ngylis [cm] 39<\/p>","protected":false},"featured_media":176799,"comment_status":"open","ping_status":"open","template":"","meta":[],"product_brand":[],"product_cat":[9556,1173,4635],"product_tag":[],"class_list":{"0":"post-176798","1":"product","2":"type-product","3":"status-publish","4":"has-post-thumbnail","6":"product_cat-furniture-system-willow-piaski","7":"product_cat-chests-of-drawers","8":"product_cat-piaski","10":"first","11":"instock","12":"purchasable","13":"product-type-simple"},"_links":{"self":[{"href":"https:\/\/baldumarket.lt\/lt\/wp-json\/wp\/v2\/product\/176798","targetHints":{"allow":["GET"]}}],"collection":[{"href":"https:\/\/baldumarket.lt\/lt\/wp-json\/wp\/v2\/product"}],"about":[{"href":"https:\/\/baldumarket.lt\/lt\/wp-json\/wp\/v2\/types\/product"}],"replies":[{"embeddable":true,"href":"https:\/\/baldumarket.lt\/lt\/wp-json\/wp\/v2\/comments?post=176798"}],"wp:featuredmedia":[{"embeddable":true,"href":"https:\/\/baldumarket.lt\/lt\/wp-json\/wp\/v2\/media\/176799"}],"wp:attachment":[{"href":"https:\/\/baldumarket.lt\/lt\/wp-json\/wp\/v2\/media?parent=176798"}],"wp:term":[{"taxonomy":"product_brand","embeddable":true,"href":"https:\/\/baldumarket.lt\/lt\/wp-json\/wp\/v2\/product_brand?post=176798"},{"taxonomy":"product_cat","embeddable":true,"href":"https:\/\/baldumarket.lt\/lt\/wp-json\/wp\/v2\/product_cat?post=176798"},{"taxonomy":"product_tag","embeddable":true,"href":"https:\/\/baldumarket.lt\/lt\/wp-json\/wp\/v2\/product_tag?post=176798"}],"curies":[{"name":"wp","href":"https:\/\/api.w.org\/{rel}","templated":true}]}}