{"id":176782,"date":"2025-12-20T22:01:17","date_gmt":"2025-12-20T19:01:17","guid":{"rendered":"https:\/\/baldumarket.lt\/product\/komoda-rtv-glamour-loftowa-z-oswietleniem-sento-rtv154\/"},"modified":"2026-04-05T02:50:27","modified_gmt":"2026-04-04T23:50:27","slug":"komoda-rtv-glamour-loftowa-z-oswietleniem-sento-rtv154","status":"publish","type":"product","link":"https:\/\/baldumarket.lt\/lt\/product\/komoda-rtv-glamour-loftowa-z-oswietleniem-sento-rtv154\/","title":{"rendered":"\u017davinga pal\u0117p\u0117s tipo TV spintel\u0117 su ap\u0161vietimu Sento RTV154"},"content":{"rendered":"<p>Pristatome \u201eSento\u201c sistem\u0105 \u2013 frezuoto priekio ir aliuminio r\u0117mo derin\u012f su \u0161iltu LED ap\u0161vietimu. \u0160i kolekcija d\u017eiugina ir sukelia did\u017eiul\u012f susidom\u0117jim\u0105.<br \/>\n\u201eSento\u201c sudaro septynios spintel\u0117s: dvi \u017eemos ir auk\u0161tos vitrinos, televizoriaus staliukas, naktinis staliukas ir trys komodos, i\u0161d\u0117stytos \u012fvairiomis konfig\u016bracijomis. Spintel\u0117s pastatytos ant plienini\u0173 kojeli\u0173, kurios, nepaisant juodos spalvos, suteikia joms lengvumo poj\u016bt\u012f.<br \/>\nSpecifikacijos:<br \/>\nR\u0117mas: 16 mm laminuota plok\u0161t\u0117; 0,5 mm ABS kra\u0161tas<br \/>\nPriekin\u0117 dalis: 18 mm da\u017eyta MDF plok\u0161t\u0117, frezuota<br \/>\n4 mm juodas gr\u016bdintas antisolinis stiklas + 18 mm aliuminio r\u0117mas<br \/>\nKojel\u0117s: 18 x 18 plieninis profilis, da\u017eytas milteliniu b\u016bdu, juodos spalvos, auk\u0161tis 20 cm<br \/>\nAtidarymo b\u016bdas: atidaroma stumiant (Titus buferis)<br \/>\nLED ap\u0161vietimas<br \/>\nHafele vyriai<br \/>\nH-45 L-300 H\u00e4fele pilno i\u0161traukimo rutuliniai guoliai, atidaromi spaud\u017eiant<br \/>\nSpalva \u2013 juoda \/ Wotano \u0105\u017euolas<br \/>\n\u201eSento RTV154 Glamorous Loft\u201c televizoriaus spintel\u0117 \u2013 turi tris spinteles \u2013 lentyn\u0105 u\u017e fasado, vien\u0105 stiklin\u0119 priekin\u0119 dal\u012f, komplekte ap\u0161vietim\u0105.<\/p>","protected":false},"excerpt":{"rendered":"<p>Plotis [cm] 154<br \/>\n\u016agis [cm] 56<br \/>\ngylis [cm] 39<\/p>","protected":false},"featured_media":176783,"comment_status":"open","ping_status":"open","template":"","meta":[],"product_brand":[],"product_cat":[9557,4635,1175],"product_tag":[],"class_list":{"0":"post-176782","1":"product","2":"type-product","3":"status-publish","4":"has-post-thumbnail","6":"product_cat-furniture-system-sento-piaski","7":"product_cat-piaski","8":"product_cat-tv-stands","10":"first","11":"instock","12":"purchasable","13":"product-type-simple"},"_links":{"self":[{"href":"https:\/\/baldumarket.lt\/lt\/wp-json\/wp\/v2\/product\/176782","targetHints":{"allow":["GET"]}}],"collection":[{"href":"https:\/\/baldumarket.lt\/lt\/wp-json\/wp\/v2\/product"}],"about":[{"href":"https:\/\/baldumarket.lt\/lt\/wp-json\/wp\/v2\/types\/product"}],"replies":[{"embeddable":true,"href":"https:\/\/baldumarket.lt\/lt\/wp-json\/wp\/v2\/comments?post=176782"}],"wp:featuredmedia":[{"embeddable":true,"href":"https:\/\/baldumarket.lt\/lt\/wp-json\/wp\/v2\/media\/176783"}],"wp:attachment":[{"href":"https:\/\/baldumarket.lt\/lt\/wp-json\/wp\/v2\/media?parent=176782"}],"wp:term":[{"taxonomy":"product_brand","embeddable":true,"href":"https:\/\/baldumarket.lt\/lt\/wp-json\/wp\/v2\/product_brand?post=176782"},{"taxonomy":"product_cat","embeddable":true,"href":"https:\/\/baldumarket.lt\/lt\/wp-json\/wp\/v2\/product_cat?post=176782"},{"taxonomy":"product_tag","embeddable":true,"href":"https:\/\/baldumarket.lt\/lt\/wp-json\/wp\/v2\/product_tag?post=176782"}],"curies":[{"name":"wp","href":"https:\/\/api.w.org\/{rel}","templated":true}]}}