{"id":176742,"date":"2025-12-20T22:00:28","date_gmt":"2025-12-20T19:00:28","guid":{"rendered":"https:\/\/baldumarket.lt\/product\/komoda-nova-z-szufladami-ksz-154-dab-vicenza\/"},"modified":"2026-04-05T15:34:50","modified_gmt":"2026-04-05T12:34:50","slug":"komoda-nova-z-szufladami-ksz-154-dab-vicenza","status":"publish","type":"product","link":"https:\/\/baldumarket.lt\/lt\/product\/komoda-nova-z-szufladami-ksz-154-dab-vicenza\/","title":{"rendered":"Nova komoda su stal\u010diais KSZ-154 Vicenza \u0105\u017euolo spalvos"},"content":{"rendered":"<p>\u201eNova\u201c kolekcija buvo sukurta atsi\u017evelgiant \u012f dabartines tendencijas \u2013 auk\u0161tos juodos arba auksin\u0117s kojel\u0117s, geometrin\u0117 forma ir spalva pabr\u0117\u017eia elegancij\u0105 ir modern\u0173 stili\u0173.<br \/>\nSpecifikacijos:<br \/>\nKorpusas: 16 mm laminuota plok\u0161t\u0117; 0,5 mm ABS kra\u0161tai<br \/>\nFasadas: 18 mm MDF plok\u0161t\u0117, grioveliais dengtas Vicenza \u0105\u017euolas<br \/>\nRankena: \u0161lifuota juoda<br \/>\nPlieninis r\u0117mas: milteliniu b\u016bdu da\u017eytas, 18 mm profilis<br \/>\nNova KSZ-154 komoda \u2013 turi tris spinteles u\u017e priekini\u0173 lentyn\u0173 ir tris stal\u010dius.<\/p>","protected":false},"excerpt":{"rendered":"<p>Plotis [cm] 154<br \/>\n\u016agis [cm] 83<br \/>\ngylis [cm] 39<\/p>","protected":false},"featured_media":176743,"comment_status":"open","ping_status":"open","template":"","meta":[],"product_brand":[],"product_cat":[9567,1173,4635],"product_tag":[],"class_list":{"0":"post-176742","1":"product","2":"type-product","3":"status-publish","4":"has-post-thumbnail","6":"product_cat-furniture-system-nova-piaski","7":"product_cat-chests-of-drawers","8":"product_cat-piaski","10":"first","11":"instock","12":"purchasable","13":"product-type-simple"},"_links":{"self":[{"href":"https:\/\/baldumarket.lt\/lt\/wp-json\/wp\/v2\/product\/176742","targetHints":{"allow":["GET"]}}],"collection":[{"href":"https:\/\/baldumarket.lt\/lt\/wp-json\/wp\/v2\/product"}],"about":[{"href":"https:\/\/baldumarket.lt\/lt\/wp-json\/wp\/v2\/types\/product"}],"replies":[{"embeddable":true,"href":"https:\/\/baldumarket.lt\/lt\/wp-json\/wp\/v2\/comments?post=176742"}],"wp:featuredmedia":[{"embeddable":true,"href":"https:\/\/baldumarket.lt\/lt\/wp-json\/wp\/v2\/media\/176743"}],"wp:attachment":[{"href":"https:\/\/baldumarket.lt\/lt\/wp-json\/wp\/v2\/media?parent=176742"}],"wp:term":[{"taxonomy":"product_brand","embeddable":true,"href":"https:\/\/baldumarket.lt\/lt\/wp-json\/wp\/v2\/product_brand?post=176742"},{"taxonomy":"product_cat","embeddable":true,"href":"https:\/\/baldumarket.lt\/lt\/wp-json\/wp\/v2\/product_cat?post=176742"},{"taxonomy":"product_tag","embeddable":true,"href":"https:\/\/baldumarket.lt\/lt\/wp-json\/wp\/v2\/product_tag?post=176742"}],"curies":[{"name":"wp","href":"https:\/\/api.w.org\/{rel}","templated":true}]}}