{"id":176592,"date":"2025-12-20T21:57:24","date_gmt":"2025-12-20T18:57:24","guid":{"rendered":"https:\/\/baldumarket.lt\/product\/komoda-nelly-z-lamelami-3d-grafit\/"},"modified":"2026-04-05T16:27:23","modified_gmt":"2026-04-05T13:27:23","slug":"komoda-nelly-z-lamelami-3d-grafit","status":"publish","type":"product","link":"https:\/\/baldumarket.lt\/lt\/product\/komoda-nelly-z-lamelami-3d-grafit\/","title":{"rendered":"Nelly komoda su 3D grafito juostel\u0117mis"},"content":{"rendered":"<p>Komoda \u201eNelly\u201c pagaminta i\u0161 auk\u0161tos kokyb\u0117s 16 mm storio laminuotos plok\u0161t\u0117s su ABS faneruotomis briaunomis.<br \/>\nDekoratyvin\u0117s MDF plok\u0161t\u0117s priekin\u0117je dalyje.<br \/>\nMetalin\u0117s rankenos.<br \/>\nKomoda turi du fasadus su lentynomis u\u017e j\u0173 ir tris stal\u010dius.<br \/>\nSPALVOS:<br \/>\n\u2013 grafitas + meni\u0161kos \u0105\u017euolo lentos<\/p>","protected":false},"excerpt":{"rendered":"<p>Gylis [cm] 45<br \/>\nPlotis [cm] 155<br \/>\n\u016agis [cm] 86<\/p>","protected":false},"featured_media":176593,"comment_status":"open","ping_status":"open","template":"","meta":[],"product_brand":[],"product_cat":[9571,1173,4635],"product_tag":[],"class_list":{"0":"post-176592","1":"product","2":"type-product","3":"status-publish","4":"has-post-thumbnail","6":"product_cat-wardrobes-nelly-piaski","7":"product_cat-chests-of-drawers","8":"product_cat-piaski","10":"first","11":"instock","12":"purchasable","13":"product-type-simple"},"_links":{"self":[{"href":"https:\/\/baldumarket.lt\/lt\/wp-json\/wp\/v2\/product\/176592","targetHints":{"allow":["GET"]}}],"collection":[{"href":"https:\/\/baldumarket.lt\/lt\/wp-json\/wp\/v2\/product"}],"about":[{"href":"https:\/\/baldumarket.lt\/lt\/wp-json\/wp\/v2\/types\/product"}],"replies":[{"embeddable":true,"href":"https:\/\/baldumarket.lt\/lt\/wp-json\/wp\/v2\/comments?post=176592"}],"wp:featuredmedia":[{"embeddable":true,"href":"https:\/\/baldumarket.lt\/lt\/wp-json\/wp\/v2\/media\/176593"}],"wp:attachment":[{"href":"https:\/\/baldumarket.lt\/lt\/wp-json\/wp\/v2\/media?parent=176592"}],"wp:term":[{"taxonomy":"product_brand","embeddable":true,"href":"https:\/\/baldumarket.lt\/lt\/wp-json\/wp\/v2\/product_brand?post=176592"},{"taxonomy":"product_cat","embeddable":true,"href":"https:\/\/baldumarket.lt\/lt\/wp-json\/wp\/v2\/product_cat?post=176592"},{"taxonomy":"product_tag","embeddable":true,"href":"https:\/\/baldumarket.lt\/lt\/wp-json\/wp\/v2\/product_tag?post=176592"}],"curies":[{"name":"wp","href":"https:\/\/api.w.org\/{rel}","templated":true}]}}