{"id":176572,"date":"2025-12-20T21:56:59","date_gmt":"2025-12-20T18:56:59","guid":{"rendered":"https:\/\/baldumarket.lt\/product\/komoda-nelly-2d-z-lamelami-kaszmir\/"},"modified":"2026-04-05T16:27:14","modified_gmt":"2026-04-05T13:27:14","slug":"komoda-nelly-2d-z-lamelami-kaszmir","status":"publish","type":"product","link":"https:\/\/baldumarket.lt\/lt\/product\/komoda-nelly-2d-z-lamelami-kaszmir\/","title":{"rendered":"Nelly 2D komoda su ka\u0161myro lamel\u0117mis"},"content":{"rendered":"<p>Komoda \u201eNelly\u201c pagaminta i\u0161 auk\u0161tos kokyb\u0117s 16 mm storio laminuotos plok\u0161t\u0117s su ABS faneruotomis briaunomis.<br \/>\nDekoratyvin\u0117s MDF plok\u0161t\u0117s priekin\u0117je dalyje.<br \/>\nMetalin\u0117s rankenos.<br \/>\nKomoda turi lentyn\u0105 u\u017e priekin\u0117s dalies ir tris stal\u010dius.<br \/>\nSPALVOS:<br \/>\n\u2013 ka\u0161myras + juodos skersin\u0117s<\/p>","protected":false},"excerpt":{"rendered":"<p>Gylis [cm] 45<br \/>\nPlotis [cm] 105<br \/>\n\u016agis [cm] 86<\/p>","protected":false},"featured_media":176573,"comment_status":"open","ping_status":"open","template":"","meta":[],"product_brand":[],"product_cat":[9571,1173,4635],"product_tag":[],"class_list":{"0":"post-176572","1":"product","2":"type-product","3":"status-publish","4":"has-post-thumbnail","6":"product_cat-wardrobes-nelly-piaski","7":"product_cat-chests-of-drawers","8":"product_cat-piaski","10":"first","11":"instock","12":"purchasable","13":"product-type-simple"},"_links":{"self":[{"href":"https:\/\/baldumarket.lt\/lt\/wp-json\/wp\/v2\/product\/176572","targetHints":{"allow":["GET"]}}],"collection":[{"href":"https:\/\/baldumarket.lt\/lt\/wp-json\/wp\/v2\/product"}],"about":[{"href":"https:\/\/baldumarket.lt\/lt\/wp-json\/wp\/v2\/types\/product"}],"replies":[{"embeddable":true,"href":"https:\/\/baldumarket.lt\/lt\/wp-json\/wp\/v2\/comments?post=176572"}],"wp:featuredmedia":[{"embeddable":true,"href":"https:\/\/baldumarket.lt\/lt\/wp-json\/wp\/v2\/media\/176573"}],"wp:attachment":[{"href":"https:\/\/baldumarket.lt\/lt\/wp-json\/wp\/v2\/media?parent=176572"}],"wp:term":[{"taxonomy":"product_brand","embeddable":true,"href":"https:\/\/baldumarket.lt\/lt\/wp-json\/wp\/v2\/product_brand?post=176572"},{"taxonomy":"product_cat","embeddable":true,"href":"https:\/\/baldumarket.lt\/lt\/wp-json\/wp\/v2\/product_cat?post=176572"},{"taxonomy":"product_tag","embeddable":true,"href":"https:\/\/baldumarket.lt\/lt\/wp-json\/wp\/v2\/product_tag?post=176572"}],"curies":[{"name":"wp","href":"https:\/\/api.w.org\/{rel}","templated":true}]}}