{"id":176481,"date":"2025-12-20T21:55:02","date_gmt":"2025-12-20T18:55:02","guid":{"rendered":"https:\/\/baldumarket.lt\/product\/komoda-glamour-loftowa-raven-ksz144\/"},"modified":"2026-04-05T15:16:49","modified_gmt":"2026-04-05T12:16:49","slug":"komoda-glamour-loftowa-raven-ksz144","status":"publish","type":"product","link":"https:\/\/baldumarket.lt\/lt\/product\/komoda-glamour-loftowa-raven-ksz144\/","title":{"rendered":"Raven KSZ144 \u017eavinga lofto stiliaus komoda"},"content":{"rendered":"<p>Pristatome \u201eRaven\u201c sistem\u0105 su nuostabiu priekiu, pagamintu i\u0161 3D efekto MDF. \u0160i kolekcija su\u017eav\u0117jo visus bald\u0173 parodoje ir suk\u0117l\u0117 did\u017eiul\u012f susidom\u0117jim\u0105.<br \/>\n\u201eRaven\u201c sudaro keturios dalys: 180 cm ilgio televizoriaus staliukas ir trys \u012fvairi\u0173 konfig\u016bracij\u0173 komodos. Jos sumontuotos ant plienini\u0173 kojeli\u0173, tod\u0117l, nepaisant juodos spalvos, atrodo lengvos.<br \/>\nSpecifikacijos:<br \/>\nR\u0117mas: 16 mm laminuota plok\u0161t\u0117; 0,5 mm ABS kra\u0161tas<br \/>\nPriekin\u0117 dalis: 18 mm frezuota MDF plok\u0161t\u0117<br \/>\nStal\u010diai: 16 mm laminuota plok\u0161t\u0117<br \/>\n0,5 mm ABS briauna<br \/>\nKojel\u0117s: lenktas plienas, da\u017eytas juodai, 10 x 20 mm<br \/>\n\u00a0\u00a0\u00a0\u00a0\u00a0\u00a0\u00a0\u00a0\u00a0\u00a0\u00a0\u00a0\u00a0\u00a0\u00a0\u00a0\u00a0\u00a0\u00a0\u00a0\u00a0\u00a0\u00a0\u00a0\u00a0\u00a0\u00a0\u00a0\u00a0\u00a0\u00a0\u00a0\u00a0<br \/>\nAtidarymo b\u016bdas: atidaroma stumiant (Titus buferis)<br \/>\n\u201eHafele\u201c pilno prailginimo rutulinis guolis<br \/>\nHafele vyriai<br \/>\n\u00a0<br \/>\nSpalva \u2013 grafito juoda<br \/>\n\u201eRaven KSZ144 Glamorous Loft\u201c komoda \u2013 turi spintel\u0119 su lentyna priekin\u0117je dalyje ir tris papildomus stal\u010dius.<\/p>","protected":false},"excerpt":{"rendered":"<p>Plotis [cm] 144<br \/>\n\u016agis [cm] 83<br \/>\ngylis [cm] 38<\/p>","protected":false},"featured_media":176482,"comment_status":"open","ping_status":"open","template":"","meta":[],"product_brand":[],"product_cat":[9573,1173,4635],"product_tag":[],"class_list":{"0":"post-176481","1":"product","2":"type-product","3":"status-publish","4":"has-post-thumbnail","6":"product_cat-furniture-system-raven-piaski","7":"product_cat-chests-of-drawers","8":"product_cat-piaski","10":"first","11":"instock","12":"purchasable","13":"product-type-simple"},"_links":{"self":[{"href":"https:\/\/baldumarket.lt\/lt\/wp-json\/wp\/v2\/product\/176481","targetHints":{"allow":["GET"]}}],"collection":[{"href":"https:\/\/baldumarket.lt\/lt\/wp-json\/wp\/v2\/product"}],"about":[{"href":"https:\/\/baldumarket.lt\/lt\/wp-json\/wp\/v2\/types\/product"}],"replies":[{"embeddable":true,"href":"https:\/\/baldumarket.lt\/lt\/wp-json\/wp\/v2\/comments?post=176481"}],"wp:featuredmedia":[{"embeddable":true,"href":"https:\/\/baldumarket.lt\/lt\/wp-json\/wp\/v2\/media\/176482"}],"wp:attachment":[{"href":"https:\/\/baldumarket.lt\/lt\/wp-json\/wp\/v2\/media?parent=176481"}],"wp:term":[{"taxonomy":"product_brand","embeddable":true,"href":"https:\/\/baldumarket.lt\/lt\/wp-json\/wp\/v2\/product_brand?post=176481"},{"taxonomy":"product_cat","embeddable":true,"href":"https:\/\/baldumarket.lt\/lt\/wp-json\/wp\/v2\/product_cat?post=176481"},{"taxonomy":"product_tag","embeddable":true,"href":"https:\/\/baldumarket.lt\/lt\/wp-json\/wp\/v2\/product_tag?post=176481"}],"curies":[{"name":"wp","href":"https:\/\/api.w.org\/{rel}","templated":true}]}}