{"id":176441,"date":"2025-12-20T21:54:07","date_gmt":"2025-12-20T18:54:07","guid":{"rendered":"https:\/\/baldumarket.lt\/product\/komoda-frezowana-z-szufladami-zova-ksz-168-czarna\/"},"modified":"2026-02-12T10:41:53","modified_gmt":"2026-02-12T07:41:53","slug":"komoda-frezowana-z-szufladami-zova-ksz-168-czarna","status":"publish","type":"product","link":"https:\/\/baldumarket.lt\/lt\/product\/komoda-frezowana-z-szufladami-zova-ksz-168-czarna\/","title":{"rendered":"Zova KSZ-168 juoda frezuota komoda"},"content":{"rendered":"<p>\u201eZova\u201c kolekcija buvo sukurta atsi\u017evelgiant \u012f dabartines tendencijas \u2013 auk\u0161tos, juodos arba auksin\u0117s kojos, geometrin\u0117 forma ir spalva pabr\u0117\u017eia elegancij\u0105 ir modern\u0173 stili\u0173.<br \/>\nSpecifikacijos:<br \/>\nKorpusas: 18 mm laminuota plok\u0161t\u0117<br \/>\n0,6 mm ABS apvadai pertvaroms ir lentynoms<br \/>\n1 mm ABS apvadas vir\u0161uje ir apa\u010dioje<br \/>\nPriekin\u0117 dalis: 18 mm storio frezuota, dengta MDF plok\u0161t\u0117 (nelakuota)<br \/>\nRankena: frezuota priekin\u0117 dalis<br \/>\nKojel\u0117s: juodo arba auksinio metalo<br \/>\nMetaliniai vyriai<br \/>\nApa\u010dioje montuojamas kreiptuvas su i\u0161traukiama rankena<br \/>\n\u201eZova KSZ-168\u201c juoda komoda \u2013 su dviem spintel\u0117mis lentynos viduje ir trimis stal\u010diais.<br \/>\n\u201eZova\u201c kolekcij\u0105 sudaro komodos, televizoriaus staliukas ir tualetinis staliukas.<br \/>\nKolekcij\u0105 taip pat galima \u012fsigyti ka\u0161myro ir baltos spalv\u0173 \u2013 paie\u0161kos juostoje \u012fveskite \u201eZova\u201c.<\/p>","protected":false},"excerpt":{"rendered":"<p>Plotis [cm] 168<br \/>\n\u016agis [cm] 87<br \/>\ngylis [cm] 39<\/p>","protected":false},"featured_media":176442,"comment_status":"open","ping_status":"open","template":"","meta":[],"product_brand":[],"product_cat":[9553,1173,4635],"product_tag":[],"class_list":{"0":"post-176441","1":"product","2":"type-product","3":"status-publish","4":"has-post-thumbnail","6":"product_cat-furniture-system-zova-piaski","7":"product_cat-chests-of-drawers","8":"product_cat-piaski","10":"first","11":"instock","12":"purchasable","13":"product-type-simple"},"_links":{"self":[{"href":"https:\/\/baldumarket.lt\/lt\/wp-json\/wp\/v2\/product\/176441","targetHints":{"allow":["GET"]}}],"collection":[{"href":"https:\/\/baldumarket.lt\/lt\/wp-json\/wp\/v2\/product"}],"about":[{"href":"https:\/\/baldumarket.lt\/lt\/wp-json\/wp\/v2\/types\/product"}],"replies":[{"embeddable":true,"href":"https:\/\/baldumarket.lt\/lt\/wp-json\/wp\/v2\/comments?post=176441"}],"wp:featuredmedia":[{"embeddable":true,"href":"https:\/\/baldumarket.lt\/lt\/wp-json\/wp\/v2\/media\/176442"}],"wp:attachment":[{"href":"https:\/\/baldumarket.lt\/lt\/wp-json\/wp\/v2\/media?parent=176441"}],"wp:term":[{"taxonomy":"product_brand","embeddable":true,"href":"https:\/\/baldumarket.lt\/lt\/wp-json\/wp\/v2\/product_brand?post=176441"},{"taxonomy":"product_cat","embeddable":true,"href":"https:\/\/baldumarket.lt\/lt\/wp-json\/wp\/v2\/product_cat?post=176441"},{"taxonomy":"product_tag","embeddable":true,"href":"https:\/\/baldumarket.lt\/lt\/wp-json\/wp\/v2\/product_tag?post=176441"}],"curies":[{"name":"wp","href":"https:\/\/api.w.org\/{rel}","templated":true}]}}