{"id":176409,"date":"2025-12-20T21:53:24","date_gmt":"2025-12-20T18:53:24","guid":{"rendered":"https:\/\/baldumarket.lt\/product\/komoda-boho-k144-68-dab-riviera\/"},"modified":"2026-04-05T16:09:16","modified_gmt":"2026-04-05T13:09:16","slug":"komoda-boho-k144-68-dab-riviera","status":"publish","type":"product","link":"https:\/\/baldumarket.lt\/lt\/product\/komoda-boho-k144-68-dab-riviera\/","title":{"rendered":"Boho komoda K144\/68 Rivjeros \u0105\u017euolo spalvos"},"content":{"rendered":"<p>\u201eBoho\u201c kolekcija \u2013 nat\u016bralumui i\u0161tikimas stilius \u2013 \u0161ilta \u201eRiviera Oak\u201c apdaila, \u017eemas stalvir\u0161is ir med\u017eio masyvo kojel\u0117s yra \u0161ios kolekcijos skiriamieji bruo\u017eai.<br \/>\nPaprasta forma ir ry\u0161kus Bianco marmuro akcentas vir\u0161uje tikrai patrauks klient\u0173 d\u0117mes\u012f.<br \/>\nSpecifikacijos:<br \/>\nKorpusas: 16 mm storio Riviera Oak laminuota plok\u0161t\u0117; 0,5 mm storio ABS kra\u0161tai<br \/>\nVir\u0161us: 16 mm Bianco marmuro laminuota plok\u0161t\u0117; 0,5 mm ABS kra\u0161tas Riviera \u0105\u017euolo spalvos<br \/>\nPriekin\u0117 dalis: 16 mm \u201eRiviera Oak\u201c laminuota plok\u0161t\u0117; 0,5 mm ABS kra\u0161tas; 3 durel\u0117s<br \/>\nKojel\u0117s: 35 mm skersmens medin\u0117s kojel\u0117s; auk\u0161tis: 19,5 cm<br \/>\nBoho K144\/68 komoda \u2013 turi tris priekines dalis su lentynomis u\u017e j\u0173.<\/p>","protected":false},"excerpt":{"rendered":"<p>Plotis [cm] 144<br \/>\n\u016agis [cm] 68<br \/>\ngylis [cm] 37<\/p>","protected":false},"featured_media":176410,"comment_status":"open","ping_status":"open","template":"","meta":[],"product_brand":[],"product_cat":[9559,1173,4635],"product_tag":[],"class_list":{"0":"post-176409","1":"product","2":"type-product","3":"status-publish","4":"has-post-thumbnail","6":"product_cat-furniture-system-boho-piaski","7":"product_cat-chests-of-drawers","8":"product_cat-piaski","10":"first","11":"instock","12":"purchasable","13":"product-type-simple"},"_links":{"self":[{"href":"https:\/\/baldumarket.lt\/lt\/wp-json\/wp\/v2\/product\/176409","targetHints":{"allow":["GET"]}}],"collection":[{"href":"https:\/\/baldumarket.lt\/lt\/wp-json\/wp\/v2\/product"}],"about":[{"href":"https:\/\/baldumarket.lt\/lt\/wp-json\/wp\/v2\/types\/product"}],"replies":[{"embeddable":true,"href":"https:\/\/baldumarket.lt\/lt\/wp-json\/wp\/v2\/comments?post=176409"}],"wp:featuredmedia":[{"embeddable":true,"href":"https:\/\/baldumarket.lt\/lt\/wp-json\/wp\/v2\/media\/176410"}],"wp:attachment":[{"href":"https:\/\/baldumarket.lt\/lt\/wp-json\/wp\/v2\/media?parent=176409"}],"wp:term":[{"taxonomy":"product_brand","embeddable":true,"href":"https:\/\/baldumarket.lt\/lt\/wp-json\/wp\/v2\/product_brand?post=176409"},{"taxonomy":"product_cat","embeddable":true,"href":"https:\/\/baldumarket.lt\/lt\/wp-json\/wp\/v2\/product_cat?post=176409"},{"taxonomy":"product_tag","embeddable":true,"href":"https:\/\/baldumarket.lt\/lt\/wp-json\/wp\/v2\/product_tag?post=176409"}],"curies":[{"name":"wp","href":"https:\/\/api.w.org\/{rel}","templated":true}]}}