{"id":176396,"date":"2025-12-20T21:53:06","date_gmt":"2025-12-20T18:53:06","guid":{"rendered":"https:\/\/baldumarket.lt\/product\/kaszmirowy-salon-mebloscianka-color\/"},"modified":"2026-04-05T16:09:16","modified_gmt":"2026-04-05T13:09:16","slug":"kaszmirowy-salon-mebloscianka-color","status":"publish","type":"product","link":"https:\/\/baldumarket.lt\/lt\/product\/kaszmirowy-salon-mebloscianka-color\/","title":{"rendered":"COLOR spalvos svetain\u0117s sienin\u0117 spintel\u0117"},"content":{"rendered":"<p>\u201eColor\u201c kolekcija buvo sukurta atsi\u017evelgiant \u012f dabartines tendencijas \u2013 auk\u0161tos baltos metalin\u0117s kojel\u0117s, geometrin\u0117 forma ir spalva pabr\u0117\u017eia elegancij\u0105 ir modern\u0173 stili\u0173, kartu stipriai remdamiesi skandinavi\u0161ku stiliumi. Parametrai:<br \/>\nKorpusas: 16 mm laminuota plok\u0161t\u0117 + 0,5 mm ABS kra\u0161tas<br \/>\nPriekin\u0117s dalys: 16 mm laminuota plok\u0161t\u0117 + 0,5 mm ABS briauna<br \/>\nRankena: n\u0117ra, atidarymo sistema per i\u0161siki\u0161us\u012f kra\u0161t\u0105<br \/>\nKojel\u0117: metalin\u0117, da\u017eyta milteliniu b\u016bdu korpuso spalva, auk\u0161tis 20 cm<br \/>\nFI 35 pasl\u0117ptas vyris ant u\u017espaud\u017eiamo kreipian\u010diojo<br \/>\nSpalva:<br \/>\nK\u016bnas ir priekis: ka\u0161myras<br \/>\nVir\u0161us ir vidus: Linea \u0105\u017euolas<br \/>\n\u012e rinkin\u012f \u012feina:<br \/>\nTV staliukas-144 \u2013 144\/55\/37 P\/A\/G<br \/>\nAuk\u0161ta komoda KD-97 \u2013 97\/122\/37 P\/A\/G<br \/>\nKavos staliukas-I-97 \u2013 97\/45\/65 P\/A\/G<\/p>","protected":false},"excerpt":{"rendered":"<p>The Color collection was designed to align with current trends \u2013 tall white metal legs, a geometric shape, and color emphasize elegance and modern style, while also strongly referencing Scandinavian style. Parameters: Body: 16 mm laminated board + 0.5 mm ABS edging Fronts: 16 mm laminated board + 0.5 mm ABS edging Handle: none, opening [&hellip;]<\/p>","protected":false},"featured_media":176397,"comment_status":"open","ping_status":"open","template":"","meta":[],"product_brand":[],"product_cat":[9564,4635,2008],"product_tag":[],"class_list":{"0":"post-176396","1":"product","2":"type-product","3":"status-publish","4":"has-post-thumbnail","6":"product_cat-furniture-system-color-piaski","7":"product_cat-piaski","8":"product_cat-wall-units","10":"first","11":"instock","12":"purchasable","13":"product-type-simple"},"_links":{"self":[{"href":"https:\/\/baldumarket.lt\/lt\/wp-json\/wp\/v2\/product\/176396","targetHints":{"allow":["GET"]}}],"collection":[{"href":"https:\/\/baldumarket.lt\/lt\/wp-json\/wp\/v2\/product"}],"about":[{"href":"https:\/\/baldumarket.lt\/lt\/wp-json\/wp\/v2\/types\/product"}],"replies":[{"embeddable":true,"href":"https:\/\/baldumarket.lt\/lt\/wp-json\/wp\/v2\/comments?post=176396"}],"wp:featuredmedia":[{"embeddable":true,"href":"https:\/\/baldumarket.lt\/lt\/wp-json\/wp\/v2\/media\/176397"}],"wp:attachment":[{"href":"https:\/\/baldumarket.lt\/lt\/wp-json\/wp\/v2\/media?parent=176396"}],"wp:term":[{"taxonomy":"product_brand","embeddable":true,"href":"https:\/\/baldumarket.lt\/lt\/wp-json\/wp\/v2\/product_brand?post=176396"},{"taxonomy":"product_cat","embeddable":true,"href":"https:\/\/baldumarket.lt\/lt\/wp-json\/wp\/v2\/product_cat?post=176396"},{"taxonomy":"product_tag","embeddable":true,"href":"https:\/\/baldumarket.lt\/lt\/wp-json\/wp\/v2\/product_tag?post=176396"}],"curies":[{"name":"wp","href":"https:\/\/api.w.org\/{rel}","templated":true}]}}