{"id":176307,"date":"2025-12-20T21:51:05","date_gmt":"2025-12-20T18:51:05","guid":{"rendered":"https:\/\/baldumarket.lt\/product\/garderoba-stella\/"},"modified":"2026-02-03T23:28:17","modified_gmt":"2026-02-03T20:28:17","slug":"garderoba-stella","status":"publish","type":"product","link":"https:\/\/baldumarket.lt\/lt\/product\/garderoba-stella\/","title":{"rendered":"Stella drabu\u017ei\u0173 spinta"},"content":{"rendered":"<p>\u201eStella\u201c spinta \u2013 prakti\u0161kas skandinavi\u0161ko stiliaus baldas.<br \/>\nKra\u0161tai apdailinti patvariu ABS fanera.<br \/>\nPagaminta i\u0161 laminuotos plok\u0161t\u0117s, pasi\u017eymin\u010dios dideliu atsparumu mechaniniams pa\u017eeidimams.<br \/>\nLabai prakti\u0161kas stal\u010dius + 2 atvartai, 2 durel\u0117mis, pakabos + veidrodis.<br \/>\nSpalva:<br \/>\nR\u0117mas \u2013 Riviera Oak<br \/>\nPriekin\u0117 dalis \u2013 balta<\/p>","protected":false},"excerpt":{"rendered":"<p>Plotis [cm] 135<br \/>\n\u016agis [cm] 197<br \/>\ngylis [cm] 34<\/p>","protected":false},"featured_media":176308,"comment_status":"open","ping_status":"open","template":"","meta":[],"product_brand":[],"product_cat":[4635,1177],"product_tag":[],"class_list":{"0":"post-176307","1":"product","2":"type-product","3":"status-publish","4":"has-post-thumbnail","6":"product_cat-piaski","7":"product_cat-wardrobes","9":"first","10":"instock","11":"purchasable","12":"product-type-simple"},"_links":{"self":[{"href":"https:\/\/baldumarket.lt\/lt\/wp-json\/wp\/v2\/product\/176307","targetHints":{"allow":["GET"]}}],"collection":[{"href":"https:\/\/baldumarket.lt\/lt\/wp-json\/wp\/v2\/product"}],"about":[{"href":"https:\/\/baldumarket.lt\/lt\/wp-json\/wp\/v2\/types\/product"}],"replies":[{"embeddable":true,"href":"https:\/\/baldumarket.lt\/lt\/wp-json\/wp\/v2\/comments?post=176307"}],"wp:featuredmedia":[{"embeddable":true,"href":"https:\/\/baldumarket.lt\/lt\/wp-json\/wp\/v2\/media\/176308"}],"wp:attachment":[{"href":"https:\/\/baldumarket.lt\/lt\/wp-json\/wp\/v2\/media?parent=176307"}],"wp:term":[{"taxonomy":"product_brand","embeddable":true,"href":"https:\/\/baldumarket.lt\/lt\/wp-json\/wp\/v2\/product_brand?post=176307"},{"taxonomy":"product_cat","embeddable":true,"href":"https:\/\/baldumarket.lt\/lt\/wp-json\/wp\/v2\/product_cat?post=176307"},{"taxonomy":"product_tag","embeddable":true,"href":"https:\/\/baldumarket.lt\/lt\/wp-json\/wp\/v2\/product_tag?post=176307"}],"curies":[{"name":"wp","href":"https:\/\/api.w.org\/{rel}","templated":true}]}}