{"id":176305,"date":"2025-12-20T21:51:03","date_gmt":"2025-12-20T18:51:03","guid":{"rendered":"https:\/\/baldumarket.lt\/product\/garderoba-primo\/"},"modified":"2026-04-05T15:16:40","modified_gmt":"2026-04-05T12:16:40","slug":"garderoba-primo","status":"publish","type":"product","link":"https:\/\/baldumarket.lt\/lt\/product\/garderoba-primo\/","title":{"rendered":"Primo spinta"},"content":{"rendered":"<p>Moderni skandinavi\u0161ko stiliaus \u201ePrimo\u201c spinta pasi\u017eymi unikalia forma ir ne\u012ftik\u0117tinai tiksliu meistri\u0161kumu. Spinta pagaminta i\u0161 auk\u0161tos kokyb\u0117s 16 mm storio laminuotos plok\u0161t\u0117s.<br \/>\nSpalvos:<br \/>\n\u2013 Rivjeros \u0105\u017euolas + matin\u0117 balta.<br \/>\nLogistikos duomenys:<br \/>\nSvoris: 51 kg<br \/>\nPakuo\u010di\u0173 skai\u010dius: 2<br \/>\nSiuntos matmenys (I\/P\/A):<br \/>\n\u2013 1\/2: 152\/61\/5,5 cm.<br \/>\n\u2013 2\/2: 118\/67\/10 cm.<\/p>","protected":false},"excerpt":{"rendered":"<p>Plotis [cm] 110<br \/>\n\u016agis [cm] 200<br \/>\ngylis [cm] 34<\/p>","protected":false},"featured_media":176306,"comment_status":"open","ping_status":"open","template":"","meta":[],"product_brand":[],"product_cat":[9565,4635,1177],"product_tag":[],"class_list":{"0":"post-176305","1":"product","2":"type-product","3":"status-publish","4":"has-post-thumbnail","6":"product_cat-furniture-system-primo-piaski","7":"product_cat-piaski","8":"product_cat-wardrobes","10":"first","11":"instock","12":"purchasable","13":"product-type-simple"},"_links":{"self":[{"href":"https:\/\/baldumarket.lt\/lt\/wp-json\/wp\/v2\/product\/176305","targetHints":{"allow":["GET"]}}],"collection":[{"href":"https:\/\/baldumarket.lt\/lt\/wp-json\/wp\/v2\/product"}],"about":[{"href":"https:\/\/baldumarket.lt\/lt\/wp-json\/wp\/v2\/types\/product"}],"replies":[{"embeddable":true,"href":"https:\/\/baldumarket.lt\/lt\/wp-json\/wp\/v2\/comments?post=176305"}],"wp:featuredmedia":[{"embeddable":true,"href":"https:\/\/baldumarket.lt\/lt\/wp-json\/wp\/v2\/media\/176306"}],"wp:attachment":[{"href":"https:\/\/baldumarket.lt\/lt\/wp-json\/wp\/v2\/media?parent=176305"}],"wp:term":[{"taxonomy":"product_brand","embeddable":true,"href":"https:\/\/baldumarket.lt\/lt\/wp-json\/wp\/v2\/product_brand?post=176305"},{"taxonomy":"product_cat","embeddable":true,"href":"https:\/\/baldumarket.lt\/lt\/wp-json\/wp\/v2\/product_cat?post=176305"},{"taxonomy":"product_tag","embeddable":true,"href":"https:\/\/baldumarket.lt\/lt\/wp-json\/wp\/v2\/product_tag?post=176305"}],"curies":[{"name":"wp","href":"https:\/\/api.w.org\/{rel}","templated":true}]}}