{"id":176287,"date":"2025-12-20T21:50:39","date_gmt":"2025-12-20T18:50:39","guid":{"rendered":"https:\/\/baldumarket.lt\/product\/garderoba-nelly-z-lamelami-bialy-mat-artisan\/"},"modified":"2026-04-05T16:27:14","modified_gmt":"2026-04-05T13:27:14","slug":"garderoba-nelly-z-lamelami-bialy-mat-artisan","status":"publish","type":"product","link":"https:\/\/baldumarket.lt\/lt\/product\/garderoba-nelly-z-lamelami-bialy-mat-artisan\/","title":{"rendered":"Nelly spinta su grotel\u0117mis, balta matin\u0117 &#8211; amatininkas"},"content":{"rendered":"<p>Nelly spinta su grotel\u0117mis.<br \/>\nParametrai:<br \/>\nKorpusas: 16 mm laminuota plok\u0161t\u0117; 0,5 mm ABS kra\u0161tai<br \/>\nPriekin\u0117 dalis: 16 mm laminuota plok\u0161t\u0117; 0,5 mm ABS kra\u0161tas<br \/>\n18x18 mm skersinio profilis; varstomos durys, veidrodis<br \/>\nRankena: juodas plastikas<br \/>\nLentynos: devyni reguliuojami auk\u0161\u010diai dviem lentynoms<br \/>\nUniversalus baldas \u2013 s\u0117dyn\u0119 galima montuoti tiek de\u0161in\u0117je, tiek kair\u0117je pus\u0117je<br \/>\nNuotraukoje pavaizduot\u0105 pagalv\u0117l\u0119 galima \u012fsigyti \u2013 matmenys: 60\/39\/5 cm, T25 put\u0173 u\u017epildas, Kronos 35 audinys \u2013 teiraukit\u0117s apie papildomas galimybes.<\/p>","protected":false},"excerpt":{"rendered":"<p>Plotis [cm] 131<br \/>\n\u016agis [cm] 192<br \/>\ngylis [cm] 40<\/p>","protected":false},"featured_media":176288,"comment_status":"open","ping_status":"open","template":"","meta":[],"product_brand":[],"product_cat":[9571,4635,1177],"product_tag":[],"class_list":{"0":"post-176287","1":"product","2":"type-product","3":"status-publish","4":"has-post-thumbnail","6":"product_cat-wardrobes-nelly-piaski","7":"product_cat-piaski","8":"product_cat-wardrobes","10":"first","11":"instock","12":"purchasable","13":"product-type-simple"},"_links":{"self":[{"href":"https:\/\/baldumarket.lt\/lt\/wp-json\/wp\/v2\/product\/176287","targetHints":{"allow":["GET"]}}],"collection":[{"href":"https:\/\/baldumarket.lt\/lt\/wp-json\/wp\/v2\/product"}],"about":[{"href":"https:\/\/baldumarket.lt\/lt\/wp-json\/wp\/v2\/types\/product"}],"replies":[{"embeddable":true,"href":"https:\/\/baldumarket.lt\/lt\/wp-json\/wp\/v2\/comments?post=176287"}],"wp:featuredmedia":[{"embeddable":true,"href":"https:\/\/baldumarket.lt\/lt\/wp-json\/wp\/v2\/media\/176288"}],"wp:attachment":[{"href":"https:\/\/baldumarket.lt\/lt\/wp-json\/wp\/v2\/media?parent=176287"}],"wp:term":[{"taxonomy":"product_brand","embeddable":true,"href":"https:\/\/baldumarket.lt\/lt\/wp-json\/wp\/v2\/product_brand?post=176287"},{"taxonomy":"product_cat","embeddable":true,"href":"https:\/\/baldumarket.lt\/lt\/wp-json\/wp\/v2\/product_cat?post=176287"},{"taxonomy":"product_tag","embeddable":true,"href":"https:\/\/baldumarket.lt\/lt\/wp-json\/wp\/v2\/product_tag?post=176287"}],"curies":[{"name":"wp","href":"https:\/\/api.w.org\/{rel}","templated":true}]}}