{"id":176281,"date":"2025-12-20T21:50:32","date_gmt":"2025-12-20T18:50:32","guid":{"rendered":"https:\/\/baldumarket.lt\/product\/garderoba-loftowa-diamond-czarny-dab-evoke\/"},"modified":"2026-02-03T23:28:17","modified_gmt":"2026-02-03T20:28:17","slug":"garderoba-loftowa-diamond-czarny-dab-evoke","status":"publish","type":"product","link":"https:\/\/baldumarket.lt\/lt\/product\/garderoba-loftowa-diamond-czarny-dab-evoke\/","title":{"rendered":"Juoda deimanto spalvos pal\u0117p\u0117s spinta \u2013 \u0105\u017euolo efektas"},"content":{"rendered":"<p>Deimantinis persirengimo kambarys, pal\u0117p\u0117s stilius.<br \/>\nSpecifikacijos:<br \/>\nKorpusas: 16 mm laminuota plok\u0161t\u0117; 0,5 mm ABS kra\u0161tas;<br \/>\nPriekin\u0117 dalis: 16 mm laminuota plok\u0161t\u0117 (frezuota); 0,5 mm ABS kra\u0161tas; veidrodis; varstomos durys<br \/>\nRankena: juodas plastikas<br \/>\nKojel\u0117s: 14 cm auk\u0161\u010dio metalin\u0117 koja, 2 x reguliuojamo auk\u0161\u010dio plastikin\u0117s kojel\u0117s<br \/>\nLentynos: devyni reguliuojami auk\u0161\u010diai dviem lentynoms<br \/>\nUniversalus baldas \u2013 s\u0117dyn\u0119 galima montuoti tiek de\u0161in\u0117je, tiek kair\u0117je pus\u0117je<br \/>\nSpalva: \u201eEvoke\u201c \u0105\u017euolas + matin\u0117 juoda \u2013 eglut\u0117s ra\u0161tas<br \/>\nNuotraukoje pavaizduot\u0105 pagalv\u0117l\u0119 galima \u012fsigyti \u2013 matmenys: 80 x 38 x 5 cm, T25 put\u0173 u\u017epildas, \u201eKronos 7\u201c audinys \u2013 \u017er. papildomas parinktis<\/p>","protected":false},"excerpt":{"rendered":"<p>Plotis [cm] 134<br \/>\n\u016agis [cm] 197<br \/>\ngylis [cm] 39<\/p>","protected":false},"featured_media":176282,"comment_status":"open","ping_status":"open","template":"","meta":[],"product_brand":[],"product_cat":[4635,1177],"product_tag":[],"class_list":{"0":"post-176281","1":"product","2":"type-product","3":"status-publish","4":"has-post-thumbnail","6":"product_cat-piaski","7":"product_cat-wardrobes","9":"first","10":"instock","11":"purchasable","12":"product-type-simple"},"_links":{"self":[{"href":"https:\/\/baldumarket.lt\/lt\/wp-json\/wp\/v2\/product\/176281","targetHints":{"allow":["GET"]}}],"collection":[{"href":"https:\/\/baldumarket.lt\/lt\/wp-json\/wp\/v2\/product"}],"about":[{"href":"https:\/\/baldumarket.lt\/lt\/wp-json\/wp\/v2\/types\/product"}],"replies":[{"embeddable":true,"href":"https:\/\/baldumarket.lt\/lt\/wp-json\/wp\/v2\/comments?post=176281"}],"wp:featuredmedia":[{"embeddable":true,"href":"https:\/\/baldumarket.lt\/lt\/wp-json\/wp\/v2\/media\/176282"}],"wp:attachment":[{"href":"https:\/\/baldumarket.lt\/lt\/wp-json\/wp\/v2\/media?parent=176281"}],"wp:term":[{"taxonomy":"product_brand","embeddable":true,"href":"https:\/\/baldumarket.lt\/lt\/wp-json\/wp\/v2\/product_brand?post=176281"},{"taxonomy":"product_cat","embeddable":true,"href":"https:\/\/baldumarket.lt\/lt\/wp-json\/wp\/v2\/product_cat?post=176281"},{"taxonomy":"product_tag","embeddable":true,"href":"https:\/\/baldumarket.lt\/lt\/wp-json\/wp\/v2\/product_tag?post=176281"}],"curies":[{"name":"wp","href":"https:\/\/api.w.org\/{rel}","templated":true}]}}