{"id":176278,"date":"2025-12-20T21:50:28","date_gmt":"2025-12-20T18:50:28","guid":{"rendered":"https:\/\/baldumarket.lt\/product\/garderoba-green-bialy-mat\/"},"modified":"2026-02-03T23:28:17","modified_gmt":"2026-02-03T20:28:17","slug":"garderoba-green-bialy-mat","status":"publish","type":"product","link":"https:\/\/baldumarket.lt\/lt\/product\/garderoba-green-bialy-mat\/","title":{"rendered":"\u017dalia spinta matin\u0117 balta"},"content":{"rendered":"<p>Moderni \u201eGreen\u201c spinta pasi\u017eymi unikaliu dizainu ir ne\u012ftik\u0117tinai tikslia meistryste. Spinta pagaminta i\u0161 auk\u0161tos kokyb\u0117s 16 mm storio laminuotos plok\u0161t\u0117s. Spinta turi atidarymo sistem\u0105 \u201ePUSH TO OPEN\u201c.<br \/>\nSpalva:<br \/>\n\u2013 matin\u0117 balta<br \/>\nLogistikos duomenys:<br \/>\nSvoris: 55 kg<br \/>\nPakuo\u010di\u0173 skai\u010dius: 2<br \/>\nSiuntos matmenys (ilgis\/plotis\/auk\u0161tis):<br \/>\n&#8211; 1\/2: 199\/37\/7.5<br \/>\n&#8211; 2\/2: 147\/65\/8.5<\/p>","protected":false},"excerpt":{"rendered":"<p>plotis [cm] 90<br \/>\n\u016agis [cm] 195<br \/>\ngylis [cm] 34<\/p>","protected":false},"featured_media":176279,"comment_status":"open","ping_status":"open","template":"","meta":[],"product_brand":[],"product_cat":[4635,1177],"product_tag":[],"class_list":{"0":"post-176278","1":"product","2":"type-product","3":"status-publish","4":"has-post-thumbnail","6":"product_cat-piaski","7":"product_cat-wardrobes","9":"first","10":"instock","11":"purchasable","12":"product-type-simple"},"_links":{"self":[{"href":"https:\/\/baldumarket.lt\/lt\/wp-json\/wp\/v2\/product\/176278","targetHints":{"allow":["GET"]}}],"collection":[{"href":"https:\/\/baldumarket.lt\/lt\/wp-json\/wp\/v2\/product"}],"about":[{"href":"https:\/\/baldumarket.lt\/lt\/wp-json\/wp\/v2\/types\/product"}],"replies":[{"embeddable":true,"href":"https:\/\/baldumarket.lt\/lt\/wp-json\/wp\/v2\/comments?post=176278"}],"wp:featuredmedia":[{"embeddable":true,"href":"https:\/\/baldumarket.lt\/lt\/wp-json\/wp\/v2\/media\/176279"}],"wp:attachment":[{"href":"https:\/\/baldumarket.lt\/lt\/wp-json\/wp\/v2\/media?parent=176278"}],"wp:term":[{"taxonomy":"product_brand","embeddable":true,"href":"https:\/\/baldumarket.lt\/lt\/wp-json\/wp\/v2\/product_brand?post=176278"},{"taxonomy":"product_cat","embeddable":true,"href":"https:\/\/baldumarket.lt\/lt\/wp-json\/wp\/v2\/product_cat?post=176278"},{"taxonomy":"product_tag","embeddable":true,"href":"https:\/\/baldumarket.lt\/lt\/wp-json\/wp\/v2\/product_tag?post=176278"}],"curies":[{"name":"wp","href":"https:\/\/api.w.org\/{rel}","templated":true}]}}