{"id":176254,"date":"2025-12-20T21:50:00","date_gmt":"2025-12-20T18:50:00","guid":{"rendered":"https:\/\/baldumarket.lt\/product\/czarna-szafka-nocna-stolik-nocny-z-szuflada-oro-s54\/"},"modified":"2026-02-12T10:28:37","modified_gmt":"2026-02-12T07:28:37","slug":"czarna-szafka-nocna-stolik-nocny-z-szuflada-oro-s54","status":"publish","type":"product","link":"https:\/\/baldumarket.lt\/lt\/product\/czarna-szafka-nocna-stolik-nocny-z-szuflada-oro-s54\/","title":{"rendered":"Juodas naktinis staliukas su stal\u010diumi Oro S54"},"content":{"rendered":"<p>\u201eOro\u201c sistema bus stilingas bet kurio svetain\u0117s, sve\u010di\u0173 kambario ar jaunimo kambario papildymas.<br \/>\nParametrai:<br \/>\nR\u0117mai \u2013 16 mm laminuota plok\u0161t\u0117<br \/>\n0,5 mm ABS apvadas (vir\u0161us ir apa\u010dia aukso spalvos)<br \/>\nPriekin\u0117s dalys \u2013 16 mm laminuota plok\u0161t\u0117<br \/>\n0,5 mm ABS briauna<br \/>\nAtidarymas \u2013 atidarymas spaud\u017eiant<br \/>\nKojel\u0117s \u2013 juodo arba auksinio metalo<br \/>\nGTV vyriai<br \/>\nStal\u010diai ant pilno i\u0161traukimo rutulini\u0173 guoli\u0173 b\u0117geli\u0173<br \/>\nKitos galimos spalvos: sm\u0117lio arba juoda \u2013 paie\u0161kos juostoje \u012fveskite \u017eod\u012f \u201cOro\u201d<br \/>\nJuodas \u201eOro S54\u201c naktinis staliukas \u2013 su \u012fduba ir stal\u010diumi.<\/p>","protected":false},"excerpt":{"rendered":"<p>Plotis [cm] 54<br \/>\n\u016agis [cm] 59<br \/>\ngylis [cm] 39<\/p>","protected":false},"featured_media":176255,"comment_status":"open","ping_status":"open","template":"","meta":[],"product_brand":[],"product_cat":[9549,1176,4635],"product_tag":[],"class_list":{"0":"post-176254","1":"product","2":"type-product","3":"status-publish","4":"has-post-thumbnail","6":"product_cat-furniture-system-oro-piaski","7":"product_cat-bedside-tables","8":"product_cat-piaski","10":"first","11":"instock","12":"purchasable","13":"product-type-simple"},"_links":{"self":[{"href":"https:\/\/baldumarket.lt\/lt\/wp-json\/wp\/v2\/product\/176254","targetHints":{"allow":["GET"]}}],"collection":[{"href":"https:\/\/baldumarket.lt\/lt\/wp-json\/wp\/v2\/product"}],"about":[{"href":"https:\/\/baldumarket.lt\/lt\/wp-json\/wp\/v2\/types\/product"}],"replies":[{"embeddable":true,"href":"https:\/\/baldumarket.lt\/lt\/wp-json\/wp\/v2\/comments?post=176254"}],"wp:featuredmedia":[{"embeddable":true,"href":"https:\/\/baldumarket.lt\/lt\/wp-json\/wp\/v2\/media\/176255"}],"wp:attachment":[{"href":"https:\/\/baldumarket.lt\/lt\/wp-json\/wp\/v2\/media?parent=176254"}],"wp:term":[{"taxonomy":"product_brand","embeddable":true,"href":"https:\/\/baldumarket.lt\/lt\/wp-json\/wp\/v2\/product_brand?post=176254"},{"taxonomy":"product_cat","embeddable":true,"href":"https:\/\/baldumarket.lt\/lt\/wp-json\/wp\/v2\/product_cat?post=176254"},{"taxonomy":"product_tag","embeddable":true,"href":"https:\/\/baldumarket.lt\/lt\/wp-json\/wp\/v2\/product_tag?post=176254"}],"curies":[{"name":"wp","href":"https:\/\/api.w.org\/{rel}","templated":true}]}}