{"id":176232,"date":"2025-12-20T21:49:37","date_gmt":"2025-12-20T18:49:37","guid":{"rendered":"https:\/\/baldumarket.lt\/product\/ceglany-salon-mebloscianka-color\/"},"modified":"2026-04-05T16:09:05","modified_gmt":"2026-04-05T13:09:05","slug":"ceglany-salon-mebloscianka-color","status":"publish","type":"product","link":"https:\/\/baldumarket.lt\/lt\/product\/ceglany-salon-mebloscianka-color\/","title":{"rendered":"Plyt\u0173 svetain\u0117s COLOR sienin\u0117 spintel\u0117"},"content":{"rendered":"<p>\u201eColor\u201c kolekcija buvo sukurta atsi\u017evelgiant \u012f dabartines tendencijas \u2013 auk\u0161tos plyt\u0173 metalin\u0117s kojel\u0117s, geometrin\u0117 forma ir spalva pabr\u0117\u017eia elegancij\u0105 ir modern\u0173 stili\u0173, bet kartu sukuria ir ekstravaganti\u0161k\u0105 atmosfer\u0105. Parametrai:<br \/>\nKorpusas: 16 mm laminuota plok\u0161t\u0117 + 0,5 mm ABS kra\u0161tas<br \/>\nPriekin\u0117s dalys: 16 mm laminuota plok\u0161t\u0117 + 0,5 mm ABS briauna<br \/>\nRankena: n\u0117ra, atidarymo sistema per i\u0161siki\u0161us\u012f kra\u0161t\u0105<br \/>\nKojel\u0117: metalin\u0117, da\u017eyta milteliniu b\u016bdu korpuso spalva, auk\u0161tis 20 cm<br \/>\nFI 35 pasl\u0117ptas vyris ant u\u017espaud\u017eiamo kreipian\u010diojo<br \/>\nSpalva:<br \/>\nK\u0117bulas ir priekis: plyta<br \/>\nVir\u0161us ir vidus: Linea \u0105\u017euolas<br \/>\n\u012e rinkin\u012f \u012feina:<br \/>\nTV staliukas-144 \u2013 144\/55\/37 P\/A\/G<br \/>\nAuk\u0161ta komoda KD-97 \u2013 97\/122\/37 P\/A\/G<br \/>\nKavos staliukas-I-97 \u2013 97\/45\/65 P\/A\/G<\/p>","protected":false},"excerpt":{"rendered":"<p>The Color collection was designed to align with current trends \u2013 the tall brick metal legs, geometric shape, and color emphasize elegance and modern style, but also strongly evoke an extravagant atmosphere. Parameters: Body: 16 mm laminated board + 0.5 mm ABS edging Fronts: 16 mm laminated board + 0.5 mm ABS edging Handle: none, [&hellip;]<\/p>","protected":false},"featured_media":176233,"comment_status":"open","ping_status":"open","template":"","meta":[],"product_brand":[],"product_cat":[9564,4635,2008],"product_tag":[],"class_list":{"0":"post-176232","1":"product","2":"type-product","3":"status-publish","4":"has-post-thumbnail","6":"product_cat-furniture-system-color-piaski","7":"product_cat-piaski","8":"product_cat-wall-units","10":"first","11":"instock","12":"purchasable","13":"product-type-simple"},"_links":{"self":[{"href":"https:\/\/baldumarket.lt\/lt\/wp-json\/wp\/v2\/product\/176232","targetHints":{"allow":["GET"]}}],"collection":[{"href":"https:\/\/baldumarket.lt\/lt\/wp-json\/wp\/v2\/product"}],"about":[{"href":"https:\/\/baldumarket.lt\/lt\/wp-json\/wp\/v2\/types\/product"}],"replies":[{"embeddable":true,"href":"https:\/\/baldumarket.lt\/lt\/wp-json\/wp\/v2\/comments?post=176232"}],"wp:featuredmedia":[{"embeddable":true,"href":"https:\/\/baldumarket.lt\/lt\/wp-json\/wp\/v2\/media\/176233"}],"wp:attachment":[{"href":"https:\/\/baldumarket.lt\/lt\/wp-json\/wp\/v2\/media?parent=176232"}],"wp:term":[{"taxonomy":"product_brand","embeddable":true,"href":"https:\/\/baldumarket.lt\/lt\/wp-json\/wp\/v2\/product_brand?post=176232"},{"taxonomy":"product_cat","embeddable":true,"href":"https:\/\/baldumarket.lt\/lt\/wp-json\/wp\/v2\/product_cat?post=176232"},{"taxonomy":"product_tag","embeddable":true,"href":"https:\/\/baldumarket.lt\/lt\/wp-json\/wp\/v2\/product_tag?post=176232"}],"curies":[{"name":"wp","href":"https:\/\/api.w.org\/{rel}","templated":true}]}}