{"id":17623,"date":"2025-11-14T10:01:52","date_gmt":"2025-11-14T07:01:52","guid":{"rendered":"https:\/\/baldumarket.lt\/product\/fresco\/"},"modified":"2026-03-24T17:15:05","modified_gmt":"2026-03-24T14:15:05","slug":"fresco","status":"publish","type":"product","link":"https:\/\/baldumarket.lt\/lt\/product\/fresco\/","title":{"rendered":"Freska"},"content":{"rendered":"<p>\u201eFresco\u201c \u2013 tai paprastas, tvirtas vienvietis stalas, kurio matmenys \u2013 60 x 100 x 42 cm. Jis tiks daugelyje kambari\u0173 \u2013 net ir pa\u010diuose ma\u017eiausiuose. \u0160is stilingas, 3,5 kg sveriantis baldas pagamintas ant juod\u0173 plienini\u0173 kojeli\u0173. \u201eFresco\u201c stalvir\u0161is pagamintas i\u0161 18 mm storio laminuotos plok\u0161t\u0117s. \u201eFresco\u201c \u2013 paprastas ir patikrintas baldas minimalizmo gerb\u0117jams. Jis neabejotinai puikiai der\u0117s prie bet kokio esamo interjero.<\/p>","protected":false},"excerpt":{"rendered":"<p>\u201eFresco\u201c \u2013 tai paprastas, tvirtas vienvietis stalas, kurio matmenys \u2013 60 x 100 x 42 cm. Jis tiks daugelyje kambari\u0173 \u2013 net ir pa\u010diuose ma\u017eiausiuose. \u0160is stilingas, 3,5 kg sveriantis baldas pastatytas ant juodo plieno kojeli\u0173. \u201eFresco\u201c stalvir\u0161is pagamintas i\u0161 18 mm storio laminuotos plok\u0161t\u0117s. \u201eFresco\u201c \u2013 tai paprastas ir patikrintas baldas [\u2026]<\/p>","protected":false},"featured_media":17624,"comment_status":"open","ping_status":"open","template":"","meta":[],"product_brand":[],"product_cat":[866,2012,9176],"product_tag":[],"class_list":{"0":"post-17623","1":"product","2":"type-product","3":"status-publish","4":"has-post-thumbnail","6":"product_cat-coffee-tables","7":"product_cat-eltap","8":"product_cat-coffee-tables-eltap","10":"first","11":"instock","12":"purchasable","13":"product-type-variable","14":"wvs-archive-product-wrapper"},"_links":{"self":[{"href":"https:\/\/baldumarket.lt\/lt\/wp-json\/wp\/v2\/product\/17623","targetHints":{"allow":["GET"]}}],"collection":[{"href":"https:\/\/baldumarket.lt\/lt\/wp-json\/wp\/v2\/product"}],"about":[{"href":"https:\/\/baldumarket.lt\/lt\/wp-json\/wp\/v2\/types\/product"}],"replies":[{"embeddable":true,"href":"https:\/\/baldumarket.lt\/lt\/wp-json\/wp\/v2\/comments?post=17623"}],"wp:featuredmedia":[{"embeddable":true,"href":"https:\/\/baldumarket.lt\/lt\/wp-json\/wp\/v2\/media\/17624"}],"wp:attachment":[{"href":"https:\/\/baldumarket.lt\/lt\/wp-json\/wp\/v2\/media?parent=17623"}],"wp:term":[{"taxonomy":"product_brand","embeddable":true,"href":"https:\/\/baldumarket.lt\/lt\/wp-json\/wp\/v2\/product_brand?post=17623"},{"taxonomy":"product_cat","embeddable":true,"href":"https:\/\/baldumarket.lt\/lt\/wp-json\/wp\/v2\/product_cat?post=17623"},{"taxonomy":"product_tag","embeddable":true,"href":"https:\/\/baldumarket.lt\/lt\/wp-json\/wp\/v2\/product_tag?post=17623"}],"curies":[{"name":"wp","href":"https:\/\/api.w.org\/{rel}","templated":true}]}}