{"id":176192,"date":"2025-12-20T21:48:46","date_gmt":"2025-12-20T18:48:46","guid":{"rendered":"https:\/\/baldumarket.lt\/product\/bialy-salon-mebloscianka-frezowana-zova\/"},"modified":"2026-02-12T10:41:53","modified_gmt":"2026-02-12T07:41:53","slug":"bialy-salon-mebloscianka-frezowana-zova","status":"publish","type":"product","link":"https:\/\/baldumarket.lt\/lt\/product\/bialy-salon-mebloscianka-frezowana-zova\/","title":{"rendered":"Balta frezuota sienin\u0117 spintel\u0117 svetainei \u201eZova\u201c"},"content":{"rendered":"<p>\u201eZova\u201c kolekcija buvo sukurta atsi\u017evelgiant \u012f dabartines tendencijas \u2013 auk\u0161tos juodos arba auksin\u0117s kojel\u0117s, geometrin\u0117s formos ir spalvos pabr\u0117\u017eia elegancij\u0105 ir modern\u0173 stili\u0173. Specifikacijos:<br \/>\nKorpusas: 18 mm laminuota plok\u0161t\u0117<br \/>\n0,6 mm ABS apvadai pertvaroms ir lentynoms<br \/>\n1 mm ABS apvadas vir\u0161uje ir apa\u010dioje<br \/>\nPriekin\u0117 dalis: 18 mm storio frezuota, dengta MDF plok\u0161t\u0117 (nelakuota)<br \/>\nRankena: frezuota priekin\u0117 dalis<br \/>\nKojel\u0117s: juodo arba auksinio metalo<br \/>\nMetaliniai vyriai<br \/>\nApa\u010dioje montuojamas kreiptuvas su i\u0161traukiama rankena<br \/>\n\u012e rinkin\u012f \u012feina:<br \/>\nKSZ 168 komoda \u2013 168\/87\/39 cm \u2013 plotis\/auk\u0161tis\/gylis<br \/>\nK103 komoda \u2013 103\/129\/39 cm \u2013 plotis\/auk\u0161tis\/gylis<br \/>\nT103 tualetinis staliukas \u2013 103\/80\/49 cm \u2013 plotis\/auk\u0161tis\/gylis<br \/>\n\u201eZova\u201c kolekcij\u0105 sudaro: komodos, televizoriaus staliukas ir tualetinis staliukas. Kolekcij\u0105 taip pat galima \u012fsigyti ka\u0161myro ir juodos spalvos \u2013 paie\u0161kos sistemoje \u012fveskite \u201eZova\u201c.<\/p>","protected":false},"excerpt":{"rendered":"<p>The Zova collection was designed to fit current trends \u2013 tall black or gold legs, geometric shapes, and color emphasize elegance and modern style. Specifications: Body: 18 mm laminated board 0.6 mm ABS edging on partitions and shelves 1 mm ABS edging on top and bottom Front: 18 mm milled, coated MDF (not lacquered) Handle: [&hellip;]<\/p>","protected":false},"featured_media":176193,"comment_status":"open","ping_status":"open","template":"","meta":[],"product_brand":[],"product_cat":[9553,4635,2008],"product_tag":[],"class_list":{"0":"post-176192","1":"product","2":"type-product","3":"status-publish","4":"has-post-thumbnail","6":"product_cat-furniture-system-zova-piaski","7":"product_cat-piaski","8":"product_cat-wall-units","10":"first","11":"instock","12":"purchasable","13":"product-type-simple"},"_links":{"self":[{"href":"https:\/\/baldumarket.lt\/lt\/wp-json\/wp\/v2\/product\/176192","targetHints":{"allow":["GET"]}}],"collection":[{"href":"https:\/\/baldumarket.lt\/lt\/wp-json\/wp\/v2\/product"}],"about":[{"href":"https:\/\/baldumarket.lt\/lt\/wp-json\/wp\/v2\/types\/product"}],"replies":[{"embeddable":true,"href":"https:\/\/baldumarket.lt\/lt\/wp-json\/wp\/v2\/comments?post=176192"}],"wp:featuredmedia":[{"embeddable":true,"href":"https:\/\/baldumarket.lt\/lt\/wp-json\/wp\/v2\/media\/176193"}],"wp:attachment":[{"href":"https:\/\/baldumarket.lt\/lt\/wp-json\/wp\/v2\/media?parent=176192"}],"wp:term":[{"taxonomy":"product_brand","embeddable":true,"href":"https:\/\/baldumarket.lt\/lt\/wp-json\/wp\/v2\/product_brand?post=176192"},{"taxonomy":"product_cat","embeddable":true,"href":"https:\/\/baldumarket.lt\/lt\/wp-json\/wp\/v2\/product_cat?post=176192"},{"taxonomy":"product_tag","embeddable":true,"href":"https:\/\/baldumarket.lt\/lt\/wp-json\/wp\/v2\/product_tag?post=176192"}],"curies":[{"name":"wp","href":"https:\/\/api.w.org\/{rel}","templated":true}]}}