{"id":176152,"date":"2025-12-20T21:48:05","date_gmt":"2025-12-20T18:48:05","guid":{"rendered":"https:\/\/baldumarket.lt\/product\/bezowy-stolik-kawowy-mono-ml104\/"},"modified":"2026-04-05T15:34:21","modified_gmt":"2026-04-05T12:34:21","slug":"bezowy-stolik-kawowy-mono-ml104","status":"publish","type":"product","link":"https:\/\/baldumarket.lt\/lt\/product\/bezowy-stolik-kawowy-mono-ml104\/","title":{"rendered":"Sm\u0117lio spalvos Mono ML104 kavos staliukas"},"content":{"rendered":"<p>\u201eMono\u201c kolekcija buvo sukurta atsi\u017evelgiant \u012f dabartines tendencijas \u2013 auk\u0161tos juodos arba auksin\u0117s kojel\u0117s, geometrin\u0117 forma ir spalva pabr\u0117\u017eia elegancij\u0105 ir modern\u0173 stili\u0173, kartu stipriai perteikdamos lofto atmosfer\u0105.<br \/>\nMinimalistin\u0117s auksin\u0117s ranken\u0117l\u0117s suteikia vert\u0117s ir sustiprina interjero presti\u017e\u0105.<br \/>\nSpecifikacijos:<br \/>\nKorpusas: 16 mm laminuota plok\u0161t\u0117; 0,5 mm ABS kra\u0161tai<br \/>\nPriekin\u0117 dalis: 16 mm laminuota plok\u0161t\u0117; 0,5 mm ABS kra\u0161tas<br \/>\nMetalin\u0117s rankenos<br \/>\nH\u00e4fele pasl\u0117pti vyriai<br \/>\nKojel\u0117s: 18 \u00d7 18 mm metalinis r\u0117mas<br \/>\nSpalva \u2013 SM\u0116LIO SPALVOS (U16003 PFELIDERER)<br \/>\nMono ML104 sm\u0117lio spalvos kavos staliukas \u2013 su ni\u0161a ir stal\u010diumi.<\/p>","protected":false},"excerpt":{"rendered":"<p>Plotis [cm] 103,5<br \/>\n\u016agis [cm] 46,2<br \/>\ngylis [cm] 68<\/p>","protected":false},"featured_media":176153,"comment_status":"open","ping_status":"open","template":"","meta":[],"product_brand":[],"product_cat":[9566,866,4635],"product_tag":[],"class_list":{"0":"post-176152","1":"product","2":"type-product","3":"status-publish","4":"has-post-thumbnail","6":"product_cat-furniture-system-mono-piaski","7":"product_cat-coffee-tables","8":"product_cat-piaski","10":"first","11":"instock","12":"purchasable","13":"product-type-simple"},"_links":{"self":[{"href":"https:\/\/baldumarket.lt\/lt\/wp-json\/wp\/v2\/product\/176152","targetHints":{"allow":["GET"]}}],"collection":[{"href":"https:\/\/baldumarket.lt\/lt\/wp-json\/wp\/v2\/product"}],"about":[{"href":"https:\/\/baldumarket.lt\/lt\/wp-json\/wp\/v2\/types\/product"}],"replies":[{"embeddable":true,"href":"https:\/\/baldumarket.lt\/lt\/wp-json\/wp\/v2\/comments?post=176152"}],"wp:featuredmedia":[{"embeddable":true,"href":"https:\/\/baldumarket.lt\/lt\/wp-json\/wp\/v2\/media\/176153"}],"wp:attachment":[{"href":"https:\/\/baldumarket.lt\/lt\/wp-json\/wp\/v2\/media?parent=176152"}],"wp:term":[{"taxonomy":"product_brand","embeddable":true,"href":"https:\/\/baldumarket.lt\/lt\/wp-json\/wp\/v2\/product_brand?post=176152"},{"taxonomy":"product_cat","embeddable":true,"href":"https:\/\/baldumarket.lt\/lt\/wp-json\/wp\/v2\/product_cat?post=176152"},{"taxonomy":"product_tag","embeddable":true,"href":"https:\/\/baldumarket.lt\/lt\/wp-json\/wp\/v2\/product_tag?post=176152"}],"curies":[{"name":"wp","href":"https:\/\/api.w.org\/{rel}","templated":true}]}}