{"id":176064,"date":"2025-12-20T13:10:36","date_gmt":"2025-12-20T10:10:36","guid":{"rendered":"https:\/\/baldumarket.lt\/product\/witryna-wysoka-sky-swt70-jednodrzwiowa-dab-riviera\/"},"modified":"2026-04-05T02:44:15","modified_gmt":"2026-04-04T23:44:15","slug":"witryna-wysoka-sky-swt70-jednodrzwiowa-dab-riviera","status":"publish","type":"product","link":"https:\/\/baldumarket.lt\/lt\/product\/witryna-wysoka-sky-swt70-jednodrzwiowa-dab-riviera\/","title":{"rendered":"Auk\u0161ta vitrina \u201eSky SWT70\u201c, vienv\u0117r\u0117s durys, \u201eRiviera Oak\u201c"},"content":{"rendered":"<p>Auk\u0161ta vitrina \u201eSky SWT70 Riviera Oak\u201c priklauso to paties pavadinimo bald\u0173 linijai, pasi\u017eymin\u010diai tvirta konstrukcija ir moderniu stiliumi. Ji turi varstomas duris su gr\u016bdintu apsauginiu stiklu stiklintoje dalyje. Spintel\u0117 pagaminta i\u0161 laminuotos plok\u0161t\u0117s, kuri yra labai atspari \u012fbr\u0117\u017eimams ir lengvai valoma. Komplektas tiekiamas i\u0161ardytas ir pateikiamas su ai\u0161kiomis instrukcijomis. J\u012f taip pat galima \u012fsigyti su \u201eCountry Gray\u201c apdaila. Papildom\u0105 ap\u0161vietim\u0105 galima \u012fsigyti \u201eProduct Creator\u201c program\u0117l\u0117je.<\/p>","protected":false},"excerpt":{"rendered":"<p>Plotis: 70 cm<br \/>\nGylis: 37 cm<br \/>\n\u016agis: 197 cm<br \/>\nBald\u0173 spalva: Riviera Oak<\/p>","protected":false},"featured_media":176065,"comment_status":"open","ping_status":"open","template":"","meta":[],"product_brand":[],"product_cat":[9550,4635,2006],"product_tag":[],"class_list":{"0":"post-176064","1":"product","2":"type-product","3":"status-publish","4":"has-post-thumbnail","6":"product_cat-furniture-system-sky-piaski","7":"product_cat-piaski","8":"product_cat-vitrines","10":"first","11":"instock","12":"purchasable","13":"product-type-simple"},"_links":{"self":[{"href":"https:\/\/baldumarket.lt\/lt\/wp-json\/wp\/v2\/product\/176064","targetHints":{"allow":["GET"]}}],"collection":[{"href":"https:\/\/baldumarket.lt\/lt\/wp-json\/wp\/v2\/product"}],"about":[{"href":"https:\/\/baldumarket.lt\/lt\/wp-json\/wp\/v2\/types\/product"}],"replies":[{"embeddable":true,"href":"https:\/\/baldumarket.lt\/lt\/wp-json\/wp\/v2\/comments?post=176064"}],"wp:featuredmedia":[{"embeddable":true,"href":"https:\/\/baldumarket.lt\/lt\/wp-json\/wp\/v2\/media\/176065"}],"wp:attachment":[{"href":"https:\/\/baldumarket.lt\/lt\/wp-json\/wp\/v2\/media?parent=176064"}],"wp:term":[{"taxonomy":"product_brand","embeddable":true,"href":"https:\/\/baldumarket.lt\/lt\/wp-json\/wp\/v2\/product_brand?post=176064"},{"taxonomy":"product_cat","embeddable":true,"href":"https:\/\/baldumarket.lt\/lt\/wp-json\/wp\/v2\/product_cat?post=176064"},{"taxonomy":"product_tag","embeddable":true,"href":"https:\/\/baldumarket.lt\/lt\/wp-json\/wp\/v2\/product_tag?post=176064"}],"curies":[{"name":"wp","href":"https:\/\/api.w.org\/{rel}","templated":true}]}}