{"id":176048,"date":"2025-12-20T13:10:14","date_gmt":"2025-12-20T10:10:14","guid":{"rendered":"https:\/\/baldumarket.lt\/product\/witryna-wysoka-nordi-nwt53-jednodrzwiowa-dab-artisan-czarna\/"},"modified":"2026-04-05T16:09:05","modified_gmt":"2026-04-05T13:09:05","slug":"witryna-wysoka-nordi-nwt53-jednodrzwiowa-dab-artisan-czarna","status":"publish","type":"product","link":"https:\/\/baldumarket.lt\/lt\/product\/witryna-wysoka-nordi-nwt53-jednodrzwiowa-dab-artisan-czarna\/","title":{"rendered":"Nordi NWT53 auk\u0161ta vitrina, vienv\u0117r\u0117s durys, \u201eArtisan Oak\u201c \/ juoda"},"content":{"rendered":"<p>Auk\u0161ta \u201eNordi NWT53\u201c vitrina pagaminta i\u0161 \u012fbr\u0117\u017eimams atsparios laminuotos plok\u0161t\u0117s su \u201eArtisan Oak\u201c apdaila ir juodais akcentais ir yra to paties pavadinimo bald\u0173 programos dalis. Komplektas turi dalinai \u012fstiklint\u0105 priekin\u0119 dal\u012f, pagamint\u0105 i\u0161 gr\u016bdinto apsauginio stiklo ir patvarios MDF plok\u0161t\u0117s. Viduje yra keturios dailylent\u0117s ir viena stiklin\u0117 lentyna. Visas blokas stovi ant tvirt\u0173, 20 cm auk\u0161\u010dio juod\u0173 medini\u0173 kojeli\u0173. Vitrina pristatoma supakuota su lengvai suprantamomis surinkimo instrukcijomis. Vidin\u012f ap\u0161vietim\u0105 galima \u012fsigyti gamini\u0173 vedlyje.<\/p>","protected":false},"excerpt":{"rendered":"<p>Plotis: 53 cm<br \/>\nGylis: 40 cm<br \/>\n\u016agis: 197 cm<br \/>\nBald\u0173 spalva: Artisan Oak\/Black<\/p>","protected":false},"featured_media":176049,"comment_status":"open","ping_status":"open","template":"","meta":[],"product_brand":[],"product_cat":[9572,9115,4635,2006],"product_tag":[],"class_list":{"0":"post-176048","1":"product","2":"type-product","3":"status-publish","4":"has-post-thumbnail","6":"product_cat-furniture-system-nordi-piaski","7":"product_cat-nordi","8":"product_cat-piaski","9":"product_cat-vitrines","11":"first","12":"instock","13":"purchasable","14":"product-type-simple"},"_links":{"self":[{"href":"https:\/\/baldumarket.lt\/lt\/wp-json\/wp\/v2\/product\/176048","targetHints":{"allow":["GET"]}}],"collection":[{"href":"https:\/\/baldumarket.lt\/lt\/wp-json\/wp\/v2\/product"}],"about":[{"href":"https:\/\/baldumarket.lt\/lt\/wp-json\/wp\/v2\/types\/product"}],"replies":[{"embeddable":true,"href":"https:\/\/baldumarket.lt\/lt\/wp-json\/wp\/v2\/comments?post=176048"}],"wp:featuredmedia":[{"embeddable":true,"href":"https:\/\/baldumarket.lt\/lt\/wp-json\/wp\/v2\/media\/176049"}],"wp:attachment":[{"href":"https:\/\/baldumarket.lt\/lt\/wp-json\/wp\/v2\/media?parent=176048"}],"wp:term":[{"taxonomy":"product_brand","embeddable":true,"href":"https:\/\/baldumarket.lt\/lt\/wp-json\/wp\/v2\/product_brand?post=176048"},{"taxonomy":"product_cat","embeddable":true,"href":"https:\/\/baldumarket.lt\/lt\/wp-json\/wp\/v2\/product_cat?post=176048"},{"taxonomy":"product_tag","embeddable":true,"href":"https:\/\/baldumarket.lt\/lt\/wp-json\/wp\/v2\/product_tag?post=176048"}],"curies":[{"name":"wp","href":"https:\/\/api.w.org\/{rel}","templated":true}]}}