{"id":176040,"date":"2025-12-20T13:10:03","date_gmt":"2025-12-20T10:10:03","guid":{"rendered":"https:\/\/baldumarket.lt\/product\/witryna-wysoka-nordi-nwt53-jednodrzwiowa-bialy-dab-riviera\/"},"modified":"2026-04-05T16:08:56","modified_gmt":"2026-04-05T13:08:56","slug":"witryna-wysoka-nordi-nwt53-jednodrzwiowa-bialy-dab-riviera","status":"publish","type":"product","link":"https:\/\/baldumarket.lt\/lt\/product\/witryna-wysoka-nordi-nwt53-jednodrzwiowa-bialy-dab-riviera\/","title":{"rendered":"Nordi NWT53 auk\u0161ta vitrina, vienv\u0117r\u0117s durys, balta\/Rivjeros \u0105\u017euolas"},"content":{"rendered":"<p>Auk\u0161ta vitrina \u201eNordi NWT53\u201c pagaminta i\u0161 \u012fbr\u0117\u017eimams atsparios laminuotos plok\u0161t\u0117s ir yra to paties pavadinimo bald\u0173 programos dalis. Komplektas pasi\u017eymi dalinai \u012fstiklintu priekiu, pagamintu i\u0161 gr\u016bdinto apsauginio stiklo ir patvarios MDF plok\u0161t\u0117s su balta blizgia apdaila. Viduje \u012frengtos keturios dailylent\u0117s ir viena stiklin\u0117 lentyna. Visas blokas stovi ant stabili\u0173, auk\u0161t\u0173 (20 cm) medini\u0173 kojeli\u0173 su \u201eRiviera\u201c \u0105\u017euolo apdaila. Vitrina pristatoma supakuota su lengvai suprantamomis surinkimo instrukcijomis. Vidin\u012f ap\u0161vietim\u0105 galima \u012fsigyti gamini\u0173 vedlyje.<\/p>","protected":false},"excerpt":{"rendered":"<p>Plotis: 53 cm<br \/>\nGylis: 40 cm<br \/>\n\u016agis: 197 cm<br \/>\nBald\u0173 spalva: balta \/ Riviera Oak \/ blizgi balta<\/p>","protected":false},"featured_media":176041,"comment_status":"open","ping_status":"open","template":"","meta":[],"product_brand":[],"product_cat":[9572,9115,4635,2006],"product_tag":[],"class_list":{"0":"post-176040","1":"product","2":"type-product","3":"status-publish","4":"has-post-thumbnail","6":"product_cat-furniture-system-nordi-piaski","7":"product_cat-nordi","8":"product_cat-piaski","9":"product_cat-vitrines","11":"first","12":"instock","13":"purchasable","14":"product-type-simple"},"_links":{"self":[{"href":"https:\/\/baldumarket.lt\/lt\/wp-json\/wp\/v2\/product\/176040","targetHints":{"allow":["GET"]}}],"collection":[{"href":"https:\/\/baldumarket.lt\/lt\/wp-json\/wp\/v2\/product"}],"about":[{"href":"https:\/\/baldumarket.lt\/lt\/wp-json\/wp\/v2\/types\/product"}],"replies":[{"embeddable":true,"href":"https:\/\/baldumarket.lt\/lt\/wp-json\/wp\/v2\/comments?post=176040"}],"wp:featuredmedia":[{"embeddable":true,"href":"https:\/\/baldumarket.lt\/lt\/wp-json\/wp\/v2\/media\/176041"}],"wp:attachment":[{"href":"https:\/\/baldumarket.lt\/lt\/wp-json\/wp\/v2\/media?parent=176040"}],"wp:term":[{"taxonomy":"product_brand","embeddable":true,"href":"https:\/\/baldumarket.lt\/lt\/wp-json\/wp\/v2\/product_brand?post=176040"},{"taxonomy":"product_cat","embeddable":true,"href":"https:\/\/baldumarket.lt\/lt\/wp-json\/wp\/v2\/product_cat?post=176040"},{"taxonomy":"product_tag","embeddable":true,"href":"https:\/\/baldumarket.lt\/lt\/wp-json\/wp\/v2\/product_tag?post=176040"}],"curies":[{"name":"wp","href":"https:\/\/api.w.org\/{rel}","templated":true}]}}