{"id":176032,"date":"2025-12-20T13:09:53","date_gmt":"2025-12-20T10:09:53","guid":{"rendered":"https:\/\/baldumarket.lt\/product\/witryna-wysoka-diamond-w54-dwudrzwiowa-dab-evoke-czarny\/"},"modified":"2026-04-05T16:08:56","modified_gmt":"2026-04-05T13:08:56","slug":"witryna-wysoka-diamond-w54-dwudrzwiowa-dab-evoke-czarny","status":"publish","type":"product","link":"https:\/\/baldumarket.lt\/lt\/product\/witryna-wysoka-diamond-w54-dwudrzwiowa-dab-evoke-czarny\/","title":{"rendered":"\u201eDiamond W54\u201c auk\u0161ta vitrina, dviej\u0173 dur\u0173, \u201eEvoke Oak\u201c \/ juoda"},"content":{"rendered":"<p>Dviej\u0173 dur\u0173 vitrina \u201eDiamond W54\u201c pagaminta i\u0161 \u012fbr\u0117\u017eimams atsparios laminuotos plok\u0161t\u0117s ir priklauso to paties pavadinimo bald\u0173 programai. Komplektas turi dalinai \u012fstiklint\u0105 priekin\u0119 dal\u012f, pagamint\u0105 i\u0161 gr\u016bdinto apsauginio stiklo, tod\u0117l joje galima eksponuoti \u0161eimos relikvijas, nuotraukas, dekoratyvinius stiklinius indus ir visk\u0105, k\u0105 norite i\u0161laikyti matomoje vietoje. Viduje \u012frengtos dvi lentynos su plok\u0161t\u0117mis ir dvi stiklin\u0117s. Visas baldas stovi ant tvirt\u0173 14 cm juodo metalo kojeli\u0173. Vitrina pristatoma supakuota su lengvai suprantamomis surinkimo instrukcijomis.<\/p>","protected":false},"excerpt":{"rendered":"<p>Plotis: 54 cm<br \/>\nGylis: 39 cm<br \/>\n\u016agis: 178 cm<br \/>\nBald\u0173 spalva: \u201eEvoke Oak\u201c \/ matin\u0117 juoda<\/p>","protected":false},"featured_media":176033,"comment_status":"open","ping_status":"open","template":"","meta":[],"product_brand":[],"product_cat":[9548,4635,2006],"product_tag":[],"class_list":{"0":"post-176032","1":"product","2":"type-product","3":"status-publish","4":"has-post-thumbnail","6":"product_cat-furniture-system-diamond-piaski","7":"product_cat-piaski","8":"product_cat-vitrines","10":"first","11":"instock","12":"purchasable","13":"product-type-simple"},"_links":{"self":[{"href":"https:\/\/baldumarket.lt\/lt\/wp-json\/wp\/v2\/product\/176032","targetHints":{"allow":["GET"]}}],"collection":[{"href":"https:\/\/baldumarket.lt\/lt\/wp-json\/wp\/v2\/product"}],"about":[{"href":"https:\/\/baldumarket.lt\/lt\/wp-json\/wp\/v2\/types\/product"}],"replies":[{"embeddable":true,"href":"https:\/\/baldumarket.lt\/lt\/wp-json\/wp\/v2\/comments?post=176032"}],"wp:featuredmedia":[{"embeddable":true,"href":"https:\/\/baldumarket.lt\/lt\/wp-json\/wp\/v2\/media\/176033"}],"wp:attachment":[{"href":"https:\/\/baldumarket.lt\/lt\/wp-json\/wp\/v2\/media?parent=176032"}],"wp:term":[{"taxonomy":"product_brand","embeddable":true,"href":"https:\/\/baldumarket.lt\/lt\/wp-json\/wp\/v2\/product_brand?post=176032"},{"taxonomy":"product_cat","embeddable":true,"href":"https:\/\/baldumarket.lt\/lt\/wp-json\/wp\/v2\/product_cat?post=176032"},{"taxonomy":"product_tag","embeddable":true,"href":"https:\/\/baldumarket.lt\/lt\/wp-json\/wp\/v2\/product_tag?post=176032"}],"curies":[{"name":"wp","href":"https:\/\/api.w.org\/{rel}","templated":true}]}}