{"id":176000,"date":"2025-12-20T13:09:12","date_gmt":"2025-12-20T10:09:12","guid":{"rendered":"https:\/\/baldumarket.lt\/product\/witryna-niska-sento-wt104-dwudrzwiowa-oswietlenie-cashmiere\/"},"modified":"2026-04-05T02:50:18","modified_gmt":"2026-04-04T23:50:18","slug":"witryna-niska-sento-wt104-dwudrzwiowa-oswietlenie-cashmiere","status":"publish","type":"product","link":"https:\/\/baldumarket.lt\/lt\/product\/witryna-niska-sento-wt104-dwudrzwiowa-oswietlenie-cashmiere\/","title":{"rendered":"Sento WT104 \u017eema vitrina, dviej\u0173 dur\u0173, su ap\u0161vietimu, Cashmiere"},"content":{"rendered":"<p>Eleganti\u0161ka, be ranken\u0117li\u0173 \u201eSento WT104 Cashmiere\u201c \u017eema vitrina priklauso to paties pavadinimo bald\u0173 linijai ir i\u0161siskiria moderniu, lengvu stiliumi. Ji turi varstomas, grioveliais dekoruotas duris, pagamintas i\u0161 patvarios MDF plok\u0161t\u0117s, o stiklin\u0117 dalis \u2013 i\u0161 gr\u016bdinto apsauginio stiklo. Atvira, matoma spintel\u0117s vidin\u0117 dalis apr\u016bpinta stilingu LED ap\u0161vietimu, leid\u017eian\u010diu tinkamai parodyti visk\u0105, k\u0105 norite matyti. Spintel\u0117s korpusas pagamintas i\u0161 laminuotos bald\u0173 plok\u0161t\u0117s, kuri yra labai atspari \u012fbr\u0117\u017eimams. Apatin\u0117 dalis turi 20 cm auk\u0161\u010dio metalines kojeles, leid\u017eian\u010dias naudoti valymo robotus. \u017dema vitrina pristatoma i\u0161ardyta, su ai\u0161kiomis surinkimo instrukcijomis ir furnit\u016bros komplektu.<\/p>","protected":false},"excerpt":{"rendered":"<p>Plotis: 104 cm<br \/>\nGylis: 39 cm<br \/>\n\u016agis: 126 cm<br \/>\nAp\u0161vietimas: Su ap\u0161vietimu<br \/>\nBald\u0173 spalva: Ka\u0161myras<\/p>","protected":false},"featured_media":176001,"comment_status":"open","ping_status":"open","template":"","meta":[],"product_brand":[],"product_cat":[9557,4635,2006],"product_tag":[],"class_list":{"0":"post-176000","1":"product","2":"type-product","3":"status-publish","4":"has-post-thumbnail","6":"product_cat-furniture-system-sento-piaski","7":"product_cat-piaski","8":"product_cat-vitrines","10":"first","11":"instock","12":"purchasable","13":"product-type-simple"},"_links":{"self":[{"href":"https:\/\/baldumarket.lt\/lt\/wp-json\/wp\/v2\/product\/176000","targetHints":{"allow":["GET"]}}],"collection":[{"href":"https:\/\/baldumarket.lt\/lt\/wp-json\/wp\/v2\/product"}],"about":[{"href":"https:\/\/baldumarket.lt\/lt\/wp-json\/wp\/v2\/types\/product"}],"replies":[{"embeddable":true,"href":"https:\/\/baldumarket.lt\/lt\/wp-json\/wp\/v2\/comments?post=176000"}],"wp:featuredmedia":[{"embeddable":true,"href":"https:\/\/baldumarket.lt\/lt\/wp-json\/wp\/v2\/media\/176001"}],"wp:attachment":[{"href":"https:\/\/baldumarket.lt\/lt\/wp-json\/wp\/v2\/media?parent=176000"}],"wp:term":[{"taxonomy":"product_brand","embeddable":true,"href":"https:\/\/baldumarket.lt\/lt\/wp-json\/wp\/v2\/product_brand?post=176000"},{"taxonomy":"product_cat","embeddable":true,"href":"https:\/\/baldumarket.lt\/lt\/wp-json\/wp\/v2\/product_cat?post=176000"},{"taxonomy":"product_tag","embeddable":true,"href":"https:\/\/baldumarket.lt\/lt\/wp-json\/wp\/v2\/product_tag?post=176000"}],"curies":[{"name":"wp","href":"https:\/\/api.w.org\/{rel}","templated":true}]}}