{"id":175992,"date":"2025-12-20T13:09:01","date_gmt":"2025-12-20T10:09:01","guid":{"rendered":"https:\/\/baldumarket.lt\/product\/witryna-niska-primo-pwt90-dwudrzwiowa-dab-riviera-bialy\/"},"modified":"2026-04-05T15:16:40","modified_gmt":"2026-04-05T12:16:40","slug":"witryna-niska-primo-pwt90-dwudrzwiowa-dab-riviera-bialy","status":"publish","type":"product","link":"https:\/\/baldumarket.lt\/lt\/produktas\/witryna-niska-primo-pwt90-dwudrzwiowa-dab-riviera-bialy\/","title":{"rendered":"Primo PWT90 \u017eema vitrina, dviej\u0173 dur\u0173, Riviera Oak\/White"},"content":{"rendered":"<p>\u017dema vitrina \u201ePrimo PWT90\u201c, priklausanti platesnei to paties pavadinimo bald\u0173 programai, pasi\u017eymi skandinavi\u0161ku stiliumi. Ji turi dvi varstomas duris, kuri\u0173 stiklin\u0117je dalyje naudojamas gr\u016bdintas apsauginis stiklas. Komplekt\u0105 puo\u0161ia dekoratyvin\u0117s juostel\u0117s, pagamintos i\u0161 patvarios MDF plok\u0161t\u0117s. Spintel\u0117 pagaminta i\u0161 laminuotos plok\u0161t\u0117s, kuri yra labai atspari \u012fbr\u0117\u017eimams. Apatin\u0117 spintel\u0117s dalis turi 20 cm auk\u0161\u010dio medines kojeles, tod\u0117l j\u0105 lengva valyti valymo robotais. Auk\u0161ta vitrina tiekiama i\u0161ardyta ir pateikiama su ai\u0161kiomis instrukcijomis. J\u0105 galima \u012fsigyti \u201eRiviera Oak\u201c ir baltos spalv\u0173 derinio. Papildom\u0105 ap\u0161vietim\u0105 galima \u012fsigyti gamini\u0173 vedlyje.<\/p>","protected":false},"excerpt":{"rendered":"<p>Plotis: 90 cm<br \/>\nGylis: 40 cm<br \/>\n\u016agis: 134 cm<br \/>\nBald\u0173 spalva: Riviera Oak\/White<\/p>","protected":false},"featured_media":175993,"comment_status":"open","ping_status":"open","template":"","meta":[],"product_brand":[],"product_cat":[9565,4635,2006],"product_tag":[],"class_list":{"0":"post-175992","1":"product","2":"type-product","3":"status-publish","4":"has-post-thumbnail","6":"product_cat-furniture-system-primo-piaski","7":"product_cat-piaski","8":"product_cat-vitrines","10":"first","11":"instock","12":"purchasable","13":"product-type-simple"},"_links":{"self":[{"href":"https:\/\/baldumarket.lt\/lt\/wp-json\/wp\/v2\/product\/175992","targetHints":{"allow":["GET"]}}],"collection":[{"href":"https:\/\/baldumarket.lt\/lt\/wp-json\/wp\/v2\/product"}],"about":[{"href":"https:\/\/baldumarket.lt\/lt\/wp-json\/wp\/v2\/types\/product"}],"replies":[{"embeddable":true,"href":"https:\/\/baldumarket.lt\/lt\/wp-json\/wp\/v2\/comments?post=175992"}],"wp:featuredmedia":[{"embeddable":true,"href":"https:\/\/baldumarket.lt\/lt\/wp-json\/wp\/v2\/media\/175993"}],"wp:attachment":[{"href":"https:\/\/baldumarket.lt\/lt\/wp-json\/wp\/v2\/media?parent=175992"}],"wp:term":[{"taxonomy":"product_brand","embeddable":true,"href":"https:\/\/baldumarket.lt\/lt\/wp-json\/wp\/v2\/product_brand?post=175992"},{"taxonomy":"product_cat","embeddable":true,"href":"https:\/\/baldumarket.lt\/lt\/wp-json\/wp\/v2\/product_cat?post=175992"},{"taxonomy":"product_tag","embeddable":true,"href":"https:\/\/baldumarket.lt\/lt\/wp-json\/wp\/v2\/product_tag?post=175992"}],"curies":[{"name":"wp","href":"https:\/\/api.w.org\/{rel}","templated":true}]}}