{"id":175984,"date":"2025-12-20T13:08:50","date_gmt":"2025-12-20T10:08:50","guid":{"rendered":"https:\/\/baldumarket.lt\/product\/witryna-niska-nordi-nwt90-dwudrzwiowa-dab-artisan-czarna\/"},"modified":"2026-04-05T16:08:56","modified_gmt":"2026-04-05T13:08:56","slug":"witryna-niska-nordi-nwt90-dwudrzwiowa-dab-artisan-czarna","status":"publish","type":"product","link":"https:\/\/baldumarket.lt\/lt\/product\/witryna-niska-nordi-nwt90-dwudrzwiowa-dab-artisan-czarna\/","title":{"rendered":"Nordi NWT90 \u017eema vitrina, dviej\u0173 dur\u0173, Artisan Oak\/Black"},"content":{"rendered":"<p>Eleganti\u0161ka \u017eema \u201eNordi NWT90\u201c vitrina pagaminta i\u0161 \u012fbr\u0117\u017eimams atsparios laminuotos plok\u0161t\u0117s su \u201eArtisan Oak\u201c apdaila ir juodais akcentais ir yra to paties pavadinimo bald\u0173 programos dalis. Komplektas pasi\u017eymi dalinai \u012fstiklinta priekine dalimi, pagaminta i\u0161 gr\u016bdinto saugaus stiklo ir patvarios MDF plok\u0161t\u0117s. Viduje yra keturios dailylent\u0117s ir viena stiklin\u0117 lentyna. Visas blokas stovi ant tvirt\u0173, 20 cm auk\u0161\u010dio juod\u0173 medini\u0173 kojeli\u0173. Vitrina pristatoma i\u0161ardyta su ai\u0161kiomis surinkimo instrukcijomis. Vidin\u012f ap\u0161vietim\u0105 galima \u012fsigyti gamini\u0173 vedlyje.<\/p>","protected":false},"excerpt":{"rendered":"<p>Plotis: 90 cm<br \/>\nGylis: 40 cm<br \/>\n\u016agis: 134 cm<br \/>\nBald\u0173 spalva: Artisan Oak\/Black<\/p>","protected":false},"featured_media":175985,"comment_status":"open","ping_status":"open","template":"","meta":[],"product_brand":[],"product_cat":[9572,9115,4635,2006],"product_tag":[],"class_list":{"0":"post-175984","1":"product","2":"type-product","3":"status-publish","4":"has-post-thumbnail","6":"product_cat-furniture-system-nordi-piaski","7":"product_cat-nordi","8":"product_cat-piaski","9":"product_cat-vitrines","11":"first","12":"instock","13":"purchasable","14":"product-type-simple"},"_links":{"self":[{"href":"https:\/\/baldumarket.lt\/lt\/wp-json\/wp\/v2\/product\/175984","targetHints":{"allow":["GET"]}}],"collection":[{"href":"https:\/\/baldumarket.lt\/lt\/wp-json\/wp\/v2\/product"}],"about":[{"href":"https:\/\/baldumarket.lt\/lt\/wp-json\/wp\/v2\/types\/product"}],"replies":[{"embeddable":true,"href":"https:\/\/baldumarket.lt\/lt\/wp-json\/wp\/v2\/comments?post=175984"}],"wp:featuredmedia":[{"embeddable":true,"href":"https:\/\/baldumarket.lt\/lt\/wp-json\/wp\/v2\/media\/175985"}],"wp:attachment":[{"href":"https:\/\/baldumarket.lt\/lt\/wp-json\/wp\/v2\/media?parent=175984"}],"wp:term":[{"taxonomy":"product_brand","embeddable":true,"href":"https:\/\/baldumarket.lt\/lt\/wp-json\/wp\/v2\/product_brand?post=175984"},{"taxonomy":"product_cat","embeddable":true,"href":"https:\/\/baldumarket.lt\/lt\/wp-json\/wp\/v2\/product_cat?post=175984"},{"taxonomy":"product_tag","embeddable":true,"href":"https:\/\/baldumarket.lt\/lt\/wp-json\/wp\/v2\/product_tag?post=175984"}],"curies":[{"name":"wp","href":"https:\/\/api.w.org\/{rel}","templated":true}]}}