{"id":175968,"date":"2025-12-20T13:08:29","date_gmt":"2025-12-20T10:08:29","guid":{"rendered":"https:\/\/baldumarket.lt\/product\/witryna-niska-harmony-wt97-dwudrzwiowa-czarny-grafit-marmur-black-royal\/"},"modified":"2026-04-05T16:08:56","modified_gmt":"2026-04-05T13:08:56","slug":"witryna-niska-harmony-wt97-dwudrzwiowa-czarny-grafit-marmur-black-royal","status":"publish","type":"product","link":"https:\/\/baldumarket.lt\/lt\/product\/witryna-niska-harmony-wt97-dwudrzwiowa-czarny-grafit-marmur-black-royal\/","title":{"rendered":"Harmony WT97 \u017eema vitrina, dvidur\u0117, juodo grafito\/juodo karali\u0161kojo marmuro spalvos"},"content":{"rendered":"<p>Eleganti\u0161ka \u017eema \u201eHarmony WT97\u201c vitrina pagaminta i\u0161 \u012fbr\u0117\u017eimams atsparios laminuotos plok\u0161t\u0117s ir yra to paties pavadinimo bald\u0173 programos dalis. Komplektas turi dalinai \u012fstiklint\u0105 priekin\u0119 dal\u012f, pagamint\u0105 i\u0161 gr\u016bdinto apsauginio stiklo, leid\u017eian\u010di\u0105 eksponuoti \u0161eimos relikvijas, nuotraukas ir kitus daiktus, kuriuos norite laikyti lengvai pasiekiamoje vietoje. Viduje \u012frengtos dvi lentynos su plok\u0161t\u0117mis ir dvi stiklin\u0117s. Visas komplektas stovi ant stabili\u0173 20 cm auksini\u0173 metalini\u0173 kojeli\u0173, kurios pabr\u0117\u017eia komplekto presti\u017ein\u012f charakter\u012f. Vitrina pristatoma supakuota su lengvai suprantamomis surinkimo instrukcijomis.<\/p>","protected":false},"excerpt":{"rendered":"<p>Plotis: 97 cm<br \/>\nGylis: 37 cm<br \/>\n\u016agis: 122 cm<br \/>\nBald\u0173 spalva: Grafito juoda \/ Karali\u0161kasis juodas marmuras<\/p>","protected":false},"featured_media":175969,"comment_status":"open","ping_status":"open","template":"","meta":[],"product_brand":[],"product_cat":[9561,4635,2006],"product_tag":[],"class_list":{"0":"post-175968","1":"product","2":"type-product","3":"status-publish","4":"has-post-thumbnail","6":"product_cat-furniture-system-harmony-piaski","7":"product_cat-piaski","8":"product_cat-vitrines","10":"first","11":"instock","12":"purchasable","13":"product-type-simple"},"_links":{"self":[{"href":"https:\/\/baldumarket.lt\/lt\/wp-json\/wp\/v2\/product\/175968","targetHints":{"allow":["GET"]}}],"collection":[{"href":"https:\/\/baldumarket.lt\/lt\/wp-json\/wp\/v2\/product"}],"about":[{"href":"https:\/\/baldumarket.lt\/lt\/wp-json\/wp\/v2\/types\/product"}],"replies":[{"embeddable":true,"href":"https:\/\/baldumarket.lt\/lt\/wp-json\/wp\/v2\/comments?post=175968"}],"wp:featuredmedia":[{"embeddable":true,"href":"https:\/\/baldumarket.lt\/lt\/wp-json\/wp\/v2\/media\/175969"}],"wp:attachment":[{"href":"https:\/\/baldumarket.lt\/lt\/wp-json\/wp\/v2\/media?parent=175968"}],"wp:term":[{"taxonomy":"product_brand","embeddable":true,"href":"https:\/\/baldumarket.lt\/lt\/wp-json\/wp\/v2\/product_brand?post=175968"},{"taxonomy":"product_cat","embeddable":true,"href":"https:\/\/baldumarket.lt\/lt\/wp-json\/wp\/v2\/product_cat?post=175968"},{"taxonomy":"product_tag","embeddable":true,"href":"https:\/\/baldumarket.lt\/lt\/wp-json\/wp\/v2\/product_tag?post=175968"}],"curies":[{"name":"wp","href":"https:\/\/api.w.org\/{rel}","templated":true}]}}