{"id":175960,"date":"2025-12-20T13:08:19","date_gmt":"2025-12-20T10:08:19","guid":{"rendered":"https:\/\/baldumarket.lt\/product\/witryna-japandi-wt104-szklane-fronty-dab-linea-czarny\/"},"modified":"2026-04-05T16:08:56","modified_gmt":"2026-04-05T13:08:56","slug":"witryna-japandi-wt104-szklane-fronty-dab-linea-czarny","status":"publish","type":"product","link":"https:\/\/baldumarket.lt\/lt\/product\/witryna-japandi-wt104-szklane-fronty-dab-linea-czarny\/","title":{"rendered":"Japandi WT104 vitrina, stikliniai fasadai, \u201eLinea Oak\u201c \/ juoda"},"content":{"rendered":"<p>Moderni \u201eJapandi WT104\u201c vitrina priklauso to paties pavadinimo bald\u0173 programai ir pasi\u017eymi minimalistiniu dizainu. Spintel\u0117 turi dvejas varstomas duris, u\u017e kuri\u0173 erdv\u0119 padalija horizontalios lentynos ir vertikali pertvara. Subtilus fasad\u0173 frezavimas, juodos rankenos ir juodos medin\u0117s kojel\u0117s pary\u0161kina komplekto charakter\u012f ir suteikia jausmingo lengvumo. \u201eJapandi\u201c vitrina pristatoma supakuota, su instrukcijomis ir visu furnit\u016bros komplektu.<\/p>","protected":false},"excerpt":{"rendered":"<p>Plotis: 104 cm<br \/>\nGylis: 39 cm<br \/>\n\u016agis: 184 cm<br \/>\nBald\u0173 spalva: Linea \u0105\u017euolas\/juoda<\/p>","protected":false},"featured_media":175961,"comment_status":"open","ping_status":"open","template":"","meta":[],"product_brand":[],"product_cat":[9562,4635,2006],"product_tag":[],"class_list":{"0":"post-175960","1":"product","2":"type-product","3":"status-publish","4":"has-post-thumbnail","6":"product_cat-furniture-system-japandi-piaski","7":"product_cat-piaski","8":"product_cat-vitrines","10":"first","11":"instock","12":"purchasable","13":"product-type-simple"},"_links":{"self":[{"href":"https:\/\/baldumarket.lt\/lt\/wp-json\/wp\/v2\/product\/175960","targetHints":{"allow":["GET"]}}],"collection":[{"href":"https:\/\/baldumarket.lt\/lt\/wp-json\/wp\/v2\/product"}],"about":[{"href":"https:\/\/baldumarket.lt\/lt\/wp-json\/wp\/v2\/types\/product"}],"replies":[{"embeddable":true,"href":"https:\/\/baldumarket.lt\/lt\/wp-json\/wp\/v2\/comments?post=175960"}],"wp:featuredmedia":[{"embeddable":true,"href":"https:\/\/baldumarket.lt\/lt\/wp-json\/wp\/v2\/media\/175961"}],"wp:attachment":[{"href":"https:\/\/baldumarket.lt\/lt\/wp-json\/wp\/v2\/media?parent=175960"}],"wp:term":[{"taxonomy":"product_brand","embeddable":true,"href":"https:\/\/baldumarket.lt\/lt\/wp-json\/wp\/v2\/product_brand?post=175960"},{"taxonomy":"product_cat","embeddable":true,"href":"https:\/\/baldumarket.lt\/lt\/wp-json\/wp\/v2\/product_cat?post=175960"},{"taxonomy":"product_tag","embeddable":true,"href":"https:\/\/baldumarket.lt\/lt\/wp-json\/wp\/v2\/product_tag?post=175960"}],"curies":[{"name":"wp","href":"https:\/\/api.w.org\/{rel}","templated":true}]}}